{"id":28866,"date":"2025-05-22T14:53:36","date_gmt":"2025-05-22T14:53:36","guid":{"rendered":"https:\/\/schroevendump.nl\/product\/stanley-impact-line-mill-powerwinder-30m-0-47-460-ligne-de-marquage-rapide-et-precise\/"},"modified":"2025-12-10T11:40:14","modified_gmt":"2025-12-10T11:40:14","slug":"stanley-impact-line-mill-powerwinder-30m-0-47-460-ligne-de-marquage-rapide-et-precise","status":"publish","type":"product","link":"https:\/\/schroevendump.nl\/fr\/produit\/stanley-impact-line-mill-powerwinder-30m-0-47-460-ligne-de-marquage-rapide-et-precise\/","title":{"rendered":"Stanley Impact Line Mill PowerWinder 30m &#8211; 0-47-460 &#8211; Ligne de marquage rapide et pr\u00e9cise"},"content":{"rendered":"<h3 data-start=\"121\" data-end=\"177\">\ud83d\udee0\ufe0f Stanley Impact Line Mill PowerWinder 30m (0-47-460)<\/h3>\n<p data-start=\"179\" data-end=\"242\"><strong data-start=\"179\" data-end=\"242\">Des outils de marquage efficaces et durables pour les professionnels<\/strong><\/p>\n<p data-start=\"244\" data-end=\"358\"><span class=\"relative -mx-px my-[-0.2rem] rounded px-px py-[0.2rem] transition-colors duration-100 ease-in-out\">Le Stanley Impact Line Mill PowerWinder 30m est con\u00e7u pour un marquage pr\u00e9cis et rapide sur de longues distances.<\/span> <span class=\"relative -mx-px my-[-0.2rem] rounded px-px py-[0.2rem] transition-colors duration-100 ease-in-out\">Gr\u00e2ce \u00e0 sa construction robuste et \u00e0 ses fonctions conviviales, cet outil est id\u00e9al pour les professionnels et les bricoleurs.<\/span><\/p>\n<p data-start=\"360\" data-end=\"388\"><strong data-start=\"360\" data-end=\"388\">Caract\u00e9ristiques principales :<\/strong><\/p>\n<ul data-start=\"390\" data-end=\"899\">\n<li data-start=\"390\" data-end=\"452\">\n<p data-start=\"392\" data-end=\"452\"><strong data-start=\"392\" data-end=\"412\">Longueur de la ligne de combat :<\/strong> <span class=\"relative -mx-px my-[-0.2rem] rounded px-px py-[0.2rem] transition-colors duration-100 ease-in-out\">30 m\u00e8tres<\/span><\/p>\n<\/li>\n<li data-start=\"453\" data-end=\"511\">\n<p data-start=\"455\" data-end=\"511\"><strong data-start=\"455\" data-end=\"471\">Rapport de vitesse :<\/strong> <span class=\"relative -mx-px my-[-0.2rem] rounded px-px py-[0.2rem] transition-colors duration-100 ease-in-out\">Rapport de d\u00e9multiplication de 3,5:1 pour une excitation 3,5 fois plus rapide<\/span><\/p>\n<\/li>\n<li data-start=\"512\" data-end=\"568\">\n<p data-start=\"514\" data-end=\"568\"><strong data-start=\"514\" data-end=\"528\">Bo\u00eetier :<\/strong> <span class=\"relative -mx-px my-[-0.2rem] rounded px-px py-[0.2rem] transition-colors duration-100 ease-in-out\">Plastique ABS r\u00e9sistant aux chocs pour une plus grande durabilit\u00e9<\/span><\/p>\n<\/li>\n<li data-start=\"569\" data-end=\"631\">\n<p data-start=\"571\" data-end=\"631\"><strong data-start=\"571\" data-end=\"591\">R\u00e9servoir de poudre :<\/strong> <span class=\"relative -mx-px my-[-0.2rem] rounded px-px py-[0.2rem] transition-colors duration-100 ease-in-out\">Translucide (ChalkView\u2122) pour une vision facile du niveau de la craie.<\/span><\/p>\n<\/li>\n<li data-start=\"632\" data-end=\"683\">\n<p data-start=\"634\" data-end=\"683\"><strong data-start=\"634\" data-end=\"643\">Crochet :<\/strong> <span class=\"relative -mx-px my-[-0.2rem] rounded px-px py-[0.2rem] transition-colors duration-100 ease-in-out\">Grand crochet en acier inoxydable pour une fixation s\u00fbre<\/span><\/p>\n<\/li>\n<li data-start=\"684\" data-end=\"742\">\n<p data-start=\"686\" data-end=\"742\"><strong data-start=\"686\" data-end=\"702\">Poign\u00e9e pivotante :<\/strong> <span class=\"relative -mx-px my-[-0.2rem] rounded px-px py-[0.2rem] transition-colors duration-100 ease-in-out\">Poign\u00e9e en acier pliable pour un rangement compact<\/span><\/p>\n<\/li>\n<li data-start=\"743\" data-end=\"799\">\n<p data-start=\"745\" data-end=\"799\"><strong data-start=\"745\" data-end=\"759\">Remplissage :<\/strong> <span class=\"relative -mx-px my-[-0.2rem] rounded px-px py-[0.2rem] transition-colors duration-100 ease-in-out\">Valve coulissante pour un remplissage facile de la craie<\/span><\/p>\n<\/li>\n<li data-start=\"800\" data-end=\"899\">\n<p data-start=\"802\" data-end=\"899\"><strong data-start=\"802\" data-end=\"820\">Fonction suppl\u00e9mentaire :<\/strong> <span class=\"relative -mx-px my-[-0.2rem] rounded px-px py-[0.2rem] transition-colors duration-100 ease-in-out\">Peut \u00e9galement \u00eatre utilis\u00e9 comme fil \u00e0 plomb<\/span><\/p>\n<\/li>\n<\/ul>\n<p data-start=\"901\" data-end=\"930\"><strong data-start=\"901\" data-end=\"930\">Caract\u00e9ristiques techniques :<\/strong><\/p>\n<ul data-start=\"932\" data-end=\"1137\">\n<li data-start=\"932\" data-end=\"992\">\n<p data-start=\"934\" data-end=\"992\"><strong data-start=\"934\" data-end=\"952\">Num\u00e9ro d&#8217;article<\/strong> <span class=\"relative -mx-px my-[-0.2rem] rounded px-px py-[0.2rem] transition-colors duration-100 ease-in-out\">0-47-460<\/span><\/p>\n<\/li>\n<li data-start=\"993\" data-end=\"1043\">\n<p data-start=\"995\" data-end=\"1043\"><strong data-start=\"995\" data-end=\"1003\">EAN :<\/strong> <span class=\"relative -mx-px my-[-0.2rem] rounded px-px py-[0.2rem] transition-colors duration-100 ease-in-out\">3253560474607<\/span><\/p>\n<\/li>\n<li data-start=\"1044\" data-end=\"1137\">\n<p data-start=\"1046\" data-end=\"1137\"><strong data-start=\"1046\" data-end=\"1058\">Poids :<\/strong> <span class=\"relative -mx-px my-[-0.2rem] rounded px-px py-[0.2rem] transition-colors duration-100 ease-in-out\">environ 200 g<\/span><\/p>\n<\/li>\n<\/ul>\n<p data-start=\"1139\" data-end=\"1156\"><strong data-start=\"1139\" data-end=\"1156\">Applications :<\/strong><\/p>\n<p data-start=\"1158\" data-end=\"1236\"><span class=\"relative -mx-px my-[-0.2rem] rounded px-px py-[0.2rem] transition-colors duration-100 ease-in-out\">Id\u00e9al pour marquer des lignes droites sur les projets de construction, les travaux d&#8217;int\u00e9rieur et les travaux g\u00e9n\u00e9raux.<\/span><\/p>\n","protected":false},"excerpt":{"rendered":"<p>\ud83d\udee0\ufe0f Stanley Impact Line Mill PowerWinder 30m (0-47-460) Des outils de marquage efficaces et durables pour les professionnels Le Stanley Impact Line Mill PowerWinder 30m est con\u00e7u pour un marquage pr\u00e9cis et rapide sur de longues distances. Gr\u00e2ce \u00e0 sa construction robuste et \u00e0 ses fonctions conviviales, cet outil est id\u00e9al pour les professionnels et [&hellip;]<\/p>\n","protected":false},"featured_media":19514,"comment_status":"open","ping_status":"closed","template":"","meta":[],"product_brand":[],"product_cat":[590],"product_tag":[],"class_list":{"0":"post-28866","1":"product","2":"type-product","3":"status-publish","4":"has-post-thumbnail","6":"product_cat-outils-a-main","8":"first","9":"instock","10":"taxable","11":"shipping-taxable","12":"purchasable","13":"product-type-simple"},"supplier_id":null,"supplier_sku":"","barcode":null,"atum_controlled":true,"out_stock_date":null,"out_stock_threshold":null,"inheritable":false,"inbound_stock":0,"stock_on_hold":0,"sold_today":0,"sales_last_days":0,"reserved_stock":0,"customer_returns":0,"warehouse_damage":0,"lost_in_post":0,"other_logs":0,"out_stock_days":0,"lost_sales":0,"has_location":false,"update_date":"2026-04-29T01:09:57","atum_locations":[],"atum_stock_status":"instock","restock_status":false,"low_stock_amount":"","sales_update_date":"2026-04-29T01:09:57","calc_backorders":null,"acf":[],"yoast_head":"<!-- This site is optimized with the Yoast SEO plugin v26.6 - https:\/\/yoast.com\/wordpress\/plugins\/seo\/ -->\n<title>Stanley Impact Line Mill PowerWinder 30m - 0-47-460 - Ligne de marquage rapide et pr\u00e9cise - Schroevendump<\/title>\n<meta name=\"robots\" content=\"index, follow, max-snippet:-1, max-image-preview:large, max-video-preview:-1\" \/>\n<link rel=\"canonical\" href=\"https:\/\/schroevendump.nl\/fr\/produit\/stanley-impact-line-mill-powerwinder-30m-0-47-460-ligne-de-marquage-rapide-et-precise\/\" \/>\n<meta property=\"og:locale\" content=\"fr_FR\" \/>\n<meta property=\"og:type\" content=\"article\" \/>\n<meta property=\"og:title\" content=\"Stanley Impact Line Mill PowerWinder 30m - 0-47-460 - Ligne de marquage rapide et pr\u00e9cise - Schroevendump\" \/>\n<meta property=\"og:description\" content=\"\ud83d\udee0\ufe0f Stanley Impact Line Mill PowerWinder 30m (0-47-460) Des outils de marquage efficaces et durables pour les professionnels Le Stanley Impact Line Mill PowerWinder 30m est con\u00e7u pour un marquage pr\u00e9cis et rapide sur de longues distances. Gr\u00e2ce \u00e0 sa construction robuste et \u00e0 ses fonctions conviviales, cet outil est id\u00e9al pour les professionnels et [&hellip;]\" \/>\n<meta property=\"og:url\" content=\"https:\/\/schroevendump.nl\/fr\/produit\/stanley-impact-line-mill-powerwinder-30m-0-47-460-ligne-de-marquage-rapide-et-precise\/\" \/>\n<meta property=\"og:site_name\" content=\"Schroevendump\" \/>\n<meta property=\"article:modified_time\" content=\"2025-12-10T11:40:14+00:00\" \/>\n<meta property=\"og:image\" content=\"https:\/\/schroevendump.nl\/wp-content\/uploads\/2025\/05\/0-47-460_1_1_-removebg-preview.png\" \/>\n\t<meta property=\"og:image:width\" content=\"500\" \/>\n\t<meta property=\"og:image:height\" content=\"500\" \/>\n\t<meta property=\"og:image:type\" content=\"image\/png\" \/>\n<meta name=\"twitter:card\" content=\"summary_large_image\" \/>\n<meta name=\"twitter:label1\" content=\"Dur\u00e9e de lecture estim\u00e9e\" \/>\n\t<meta name=\"twitter:data1\" content=\"1 minute\" \/>\n<script type=\"application\/ld+json\" class=\"yoast-schema-graph\">{\"@context\":\"https:\/\/schema.org\",\"@graph\":[{\"@type\":\"WebPage\",\"@id\":\"https:\/\/schroevendump.nl\/fr\/produit\/stanley-impact-line-mill-powerwinder-30m-0-47-460-ligne-de-marquage-rapide-et-precise\/\",\"url\":\"https:\/\/schroevendump.nl\/fr\/produit\/stanley-impact-line-mill-powerwinder-30m-0-47-460-ligne-de-marquage-rapide-et-precise\/\",\"name\":\"Stanley Impact Line Mill PowerWinder 30m - 0-47-460 - Ligne de marquage rapide et pr\u00e9cise - Schroevendump\",\"isPartOf\":{\"@id\":\"https:\/\/schroevendump.nl\/fr\/#website\"},\"primaryImageOfPage\":{\"@id\":\"https:\/\/schroevendump.nl\/fr\/produit\/stanley-impact-line-mill-powerwinder-30m-0-47-460-ligne-de-marquage-rapide-et-precise\/#primaryimage\"},\"image\":{\"@id\":\"https:\/\/schroevendump.nl\/fr\/produit\/stanley-impact-line-mill-powerwinder-30m-0-47-460-ligne-de-marquage-rapide-et-precise\/#primaryimage\"},\"thumbnailUrl\":\"https:\/\/schroevendump.nl\/wp-content\/uploads\/2025\/05\/0-47-460_1_1_-removebg-preview.png\",\"datePublished\":\"2025-05-22T14:53:36+00:00\",\"dateModified\":\"2025-12-10T11:40:14+00:00\",\"breadcrumb\":{\"@id\":\"https:\/\/schroevendump.nl\/fr\/produit\/stanley-impact-line-mill-powerwinder-30m-0-47-460-ligne-de-marquage-rapide-et-precise\/#breadcrumb\"},\"inLanguage\":\"fr-FR\",\"potentialAction\":[{\"@type\":\"ReadAction\",\"target\":[\"https:\/\/schroevendump.nl\/fr\/produit\/stanley-impact-line-mill-powerwinder-30m-0-47-460-ligne-de-marquage-rapide-et-precise\/\"]}]},{\"@type\":\"ImageObject\",\"inLanguage\":\"fr-FR\",\"@id\":\"https:\/\/schroevendump.nl\/fr\/produit\/stanley-impact-line-mill-powerwinder-30m-0-47-460-ligne-de-marquage-rapide-et-precise\/#primaryimage\",\"url\":\"https:\/\/schroevendump.nl\/wp-content\/uploads\/2025\/05\/0-47-460_1_1_-removebg-preview.png\",\"contentUrl\":\"https:\/\/schroevendump.nl\/wp-content\/uploads\/2025\/05\/0-47-460_1_1_-removebg-preview.png\",\"width\":500,\"height\":500},{\"@type\":\"BreadcrumbList\",\"@id\":\"https:\/\/schroevendump.nl\/fr\/produit\/stanley-impact-line-mill-powerwinder-30m-0-47-460-ligne-de-marquage-rapide-et-precise\/#breadcrumb\",\"itemListElement\":[{\"@type\":\"ListItem\",\"position\":1,\"name\":\"Accueil\",\"item\":\"https:\/\/schroevendump.nl\/fr\/\"},{\"@type\":\"ListItem\",\"position\":2,\"name\":\"Boutique\",\"item\":\"https:\/\/schroevendump.nl\/fr\/boutique\/\"},{\"@type\":\"ListItem\",\"position\":3,\"name\":\"Stanley Impact Line Mill PowerWinder 30m &#8211; 0-47-460 &#8211; Ligne de marquage rapide et pr\u00e9cise\"}]},{\"@type\":\"WebSite\",\"@id\":\"https:\/\/schroevendump.nl\/fr\/#website\",\"url\":\"https:\/\/schroevendump.nl\/fr\/\",\"name\":\"Schroevendump\",\"description\":\"\",\"potentialAction\":[{\"@type\":\"SearchAction\",\"target\":{\"@type\":\"EntryPoint\",\"urlTemplate\":\"https:\/\/schroevendump.nl\/fr\/?s={search_term_string}\"},\"query-input\":{\"@type\":\"PropertyValueSpecification\",\"valueRequired\":true,\"valueName\":\"search_term_string\"}}],\"inLanguage\":\"fr-FR\"}]}<\/script>\n<!-- \/ Yoast SEO plugin. -->","yoast_head_json":{"title":"Stanley Impact Line Mill PowerWinder 30m - 0-47-460 - Ligne de marquage rapide et pr\u00e9cise - Schroevendump","robots":{"index":"index","follow":"follow","max-snippet":"max-snippet:-1","max-image-preview":"max-image-preview:large","max-video-preview":"max-video-preview:-1"},"canonical":"https:\/\/schroevendump.nl\/fr\/produit\/stanley-impact-line-mill-powerwinder-30m-0-47-460-ligne-de-marquage-rapide-et-precise\/","og_locale":"fr_FR","og_type":"article","og_title":"Stanley Impact Line Mill PowerWinder 30m - 0-47-460 - Ligne de marquage rapide et pr\u00e9cise - Schroevendump","og_description":"\ud83d\udee0\ufe0f Stanley Impact Line Mill PowerWinder 30m (0-47-460) Des outils de marquage efficaces et durables pour les professionnels Le Stanley Impact Line Mill PowerWinder 30m est con\u00e7u pour un marquage pr\u00e9cis et rapide sur de longues distances. Gr\u00e2ce \u00e0 sa construction robuste et \u00e0 ses fonctions conviviales, cet outil est id\u00e9al pour les professionnels et [&hellip;]","og_url":"https:\/\/schroevendump.nl\/fr\/produit\/stanley-impact-line-mill-powerwinder-30m-0-47-460-ligne-de-marquage-rapide-et-precise\/","og_site_name":"Schroevendump","article_modified_time":"2025-12-10T11:40:14+00:00","og_image":[{"width":500,"height":500,"url":"https:\/\/schroevendump.nl\/wp-content\/uploads\/2025\/05\/0-47-460_1_1_-removebg-preview.png","type":"image\/png"}],"twitter_card":"summary_large_image","twitter_misc":{"Dur\u00e9e de lecture estim\u00e9e":"1 minute"},"schema":{"@context":"https:\/\/schema.org","@graph":[{"@type":"WebPage","@id":"https:\/\/schroevendump.nl\/fr\/produit\/stanley-impact-line-mill-powerwinder-30m-0-47-460-ligne-de-marquage-rapide-et-precise\/","url":"https:\/\/schroevendump.nl\/fr\/produit\/stanley-impact-line-mill-powerwinder-30m-0-47-460-ligne-de-marquage-rapide-et-precise\/","name":"Stanley Impact Line Mill PowerWinder 30m - 0-47-460 - Ligne de marquage rapide et pr\u00e9cise - Schroevendump","isPartOf":{"@id":"https:\/\/schroevendump.nl\/fr\/#website"},"primaryImageOfPage":{"@id":"https:\/\/schroevendump.nl\/fr\/produit\/stanley-impact-line-mill-powerwinder-30m-0-47-460-ligne-de-marquage-rapide-et-precise\/#primaryimage"},"image":{"@id":"https:\/\/schroevendump.nl\/fr\/produit\/stanley-impact-line-mill-powerwinder-30m-0-47-460-ligne-de-marquage-rapide-et-precise\/#primaryimage"},"thumbnailUrl":"https:\/\/schroevendump.nl\/wp-content\/uploads\/2025\/05\/0-47-460_1_1_-removebg-preview.png","datePublished":"2025-05-22T14:53:36+00:00","dateModified":"2025-12-10T11:40:14+00:00","breadcrumb":{"@id":"https:\/\/schroevendump.nl\/fr\/produit\/stanley-impact-line-mill-powerwinder-30m-0-47-460-ligne-de-marquage-rapide-et-precise\/#breadcrumb"},"inLanguage":"fr-FR","potentialAction":[{"@type":"ReadAction","target":["https:\/\/schroevendump.nl\/fr\/produit\/stanley-impact-line-mill-powerwinder-30m-0-47-460-ligne-de-marquage-rapide-et-precise\/"]}]},{"@type":"ImageObject","inLanguage":"fr-FR","@id":"https:\/\/schroevendump.nl\/fr\/produit\/stanley-impact-line-mill-powerwinder-30m-0-47-460-ligne-de-marquage-rapide-et-precise\/#primaryimage","url":"https:\/\/schroevendump.nl\/wp-content\/uploads\/2025\/05\/0-47-460_1_1_-removebg-preview.png","contentUrl":"https:\/\/schroevendump.nl\/wp-content\/uploads\/2025\/05\/0-47-460_1_1_-removebg-preview.png","width":500,"height":500},{"@type":"BreadcrumbList","@id":"https:\/\/schroevendump.nl\/fr\/produit\/stanley-impact-line-mill-powerwinder-30m-0-47-460-ligne-de-marquage-rapide-et-precise\/#breadcrumb","itemListElement":[{"@type":"ListItem","position":1,"name":"Accueil","item":"https:\/\/schroevendump.nl\/fr\/"},{"@type":"ListItem","position":2,"name":"Boutique","item":"https:\/\/schroevendump.nl\/fr\/boutique\/"},{"@type":"ListItem","position":3,"name":"Stanley Impact Line Mill PowerWinder 30m &#8211; 0-47-460 &#8211; Ligne de marquage rapide et pr\u00e9cise"}]},{"@type":"WebSite","@id":"https:\/\/schroevendump.nl\/fr\/#website","url":"https:\/\/schroevendump.nl\/fr\/","name":"Schroevendump","description":"","potentialAction":[{"@type":"SearchAction","target":{"@type":"EntryPoint","urlTemplate":"https:\/\/schroevendump.nl\/fr\/?s={search_term_string}"},"query-input":{"@type":"PropertyValueSpecification","valueRequired":true,"valueName":"search_term_string"}}],"inLanguage":"fr-FR"}]}},"_links":{"self":[{"href":"https:\/\/schroevendump.nl\/fr\/wp-json\/wp\/v2\/product\/28866","targetHints":{"allow":["GET"]}}],"collection":[{"href":"https:\/\/schroevendump.nl\/fr\/wp-json\/wp\/v2\/product"}],"about":[{"href":"https:\/\/schroevendump.nl\/fr\/wp-json\/wp\/v2\/types\/product"}],"replies":[{"embeddable":true,"href":"https:\/\/schroevendump.nl\/fr\/wp-json\/wp\/v2\/comments?post=28866"}],"wp:featuredmedia":[{"embeddable":true,"href":"https:\/\/schroevendump.nl\/fr\/wp-json\/wp\/v2\/media\/19514"}],"wp:attachment":[{"href":"https:\/\/schroevendump.nl\/fr\/wp-json\/wp\/v2\/media?parent=28866"}],"wp:term":[{"taxonomy":"product_brand","embeddable":true,"href":"https:\/\/schroevendump.nl\/fr\/wp-json\/wp\/v2\/product_brand?post=28866"},{"taxonomy":"product_cat","embeddable":true,"href":"https:\/\/schroevendump.nl\/fr\/wp-json\/wp\/v2\/product_cat?post=28866"},{"taxonomy":"product_tag","embeddable":true,"href":"https:\/\/schroevendump.nl\/fr\/wp-json\/wp\/v2\/product_tag?post=28866"}],"curies":[{"name":"wp","href":"https:\/\/api.w.org\/{rel}","templated":true}]}}