{"id":28874,"date":"2025-05-22T14:35:44","date_gmt":"2025-05-22T14:35:44","guid":{"rendered":"https:\/\/schroevendump.nl\/product\/stanley-impact-line-mill-kit-abs-30m-0-47-443-comprend-la-poudre-et-le-niveau-a-bulle\/"},"modified":"2025-12-10T11:39:41","modified_gmt":"2025-12-10T11:39:41","slug":"stanley-impact-line-mill-kit-abs-30m-0-47-443-comprend-la-poudre-et-le-niveau-a-bulle","status":"publish","type":"product","link":"https:\/\/schroevendump.nl\/fr\/produit\/stanley-impact-line-mill-kit-abs-30m-0-47-443-comprend-la-poudre-et-le-niveau-a-bulle\/","title":{"rendered":"Stanley Impact Line Mill Kit ABS 30m &#8211; 0-47-443 &#8211; Comprend la poudre et le niveau \u00e0 bulle"},"content":{"rendered":"<h3 data-start=\"181\" data-end=\"232\">\ud83d\udee0\ufe0f Stanley Impact Line Mill Kit ABS 30m (0-47-443)<\/h3>\n<p data-start=\"234\" data-end=\"298\"><strong data-start=\"234\" data-end=\"298\">Kit complet pour un marquage pr\u00e9cis sur de longues distances<\/strong><\/p>\n<p data-start=\"300\" data-end=\"412\"><span class=\"relative -mx-px my-[-0.2rem] rounded px-px py-[0.2rem] transition-colors duration-100 ease-in-out\">Le Stanley Impact Line Mill Kit ABS 30m est un outil essentiel pour les professionnels et les bricoleurs qui ont besoin d&#8217;un marquage pr\u00e9cis et rapide sur de longues distances.<\/span> <span class=\"relative -mx-px my-[-0.2rem] rounded px-px py-[0.2rem] transition-colors duration-100 ease-in-out\">Avec un bo\u00eetier ABS robuste et une ligne de combat de 30 m\u00e8tres, ce kit est con\u00e7u pour durer et \u00eatre facile \u00e0 utiliser.<\/span><\/p>\n<p data-start=\"414\" data-end=\"442\"><strong data-start=\"414\" data-end=\"442\">Caract\u00e9ristiques principales :<\/strong><\/p>\n<ul data-start=\"444\" data-end=\"801\">\n<li data-start=\"444\" data-end=\"504\">\n<p data-start=\"446\" data-end=\"504\"><strong data-start=\"446\" data-end=\"466\">Longueur de la ligne de combat :<\/strong> <span class=\"relative -mx-px my-[-0.2rem] rounded px-px py-[0.2rem] transition-colors duration-100 ease-in-out\">30 m\u00e8tres<\/span><\/p>\n<\/li>\n<li data-start=\"505\" data-end=\"571\">\n<p data-start=\"507\" data-end=\"571\"><strong data-start=\"507\" data-end=\"531\">Mat\u00e9riau du bo\u00eetier :<\/strong> <span class=\"relative -mx-px my-[-0.2rem] rounded px-px py-[0.2rem] transition-colors duration-100 ease-in-out\">Plastique ABS de haute qualit\u00e9 pour une plus grande solidit\u00e9 et une meilleure r\u00e9sistance \u00e0 la rouille<\/span><\/p>\n<\/li>\n<li data-start=\"572\" data-end=\"628\">\n<p data-start=\"574\" data-end=\"628\"><strong data-start=\"574\" data-end=\"588\">Comprend :<\/strong> <span class=\"relative -mx-px my-[-0.2rem] rounded px-px py-[0.2rem] transition-colors duration-100 ease-in-out\">115 grammes de poudre de craie bleue et un niveau \u00e0 bulle pour des marquages horizontaux pr\u00e9cis.<\/span><\/p>\n<\/li>\n<li data-start=\"629\" data-end=\"694\">\n<p data-start=\"631\" data-end=\"694\"><strong data-start=\"631\" data-end=\"654\">Manivelle pliable :<\/strong> <span class=\"relative -mx-px my-[-0.2rem] rounded px-px py-[0.2rem] transition-colors duration-100 ease-in-out\">Pour un rangement et un transport faciles<\/span><\/p>\n<\/li>\n<li data-start=\"695\" data-end=\"801\">\n<p data-start=\"697\" data-end=\"801\"><strong data-start=\"697\" data-end=\"722\">Crochet en acier inoxydable :<\/strong> <span class=\"relative -mx-px my-[-0.2rem] rounded px-px py-[0.2rem] transition-colors duration-100 ease-in-out\">Augmente la durabilit\u00e9 et emp\u00eache la rouille<\/span><\/p>\n<\/li>\n<\/ul>\n<p data-start=\"803\" data-end=\"832\"><strong data-start=\"803\" data-end=\"832\">Caract\u00e9ristiques techniques :<\/strong><\/p>\n<ul data-start=\"834\" data-end=\"1039\">\n<li data-start=\"834\" data-end=\"894\">\n<p data-start=\"836\" data-end=\"894\"><strong data-start=\"836\" data-end=\"854\">Num\u00e9ro d&#8217;article<\/strong> <span class=\"relative -mx-px my-[-0.2rem] rounded px-px py-[0.2rem] transition-colors duration-100 ease-in-out\">0-47-443<\/span><\/p>\n<\/li>\n<li data-start=\"895\" data-end=\"945\">\n<p data-start=\"897\" data-end=\"945\"><strong data-start=\"897\" data-end=\"905\">EAN :<\/strong> <span class=\"relative -mx-px my-[-0.2rem] rounded px-px py-[0.2rem] transition-colors duration-100 ease-in-out\">3253560474430<\/span><\/p>\n<\/li>\n<li data-start=\"946\" data-end=\"1039\">\n<p data-start=\"948\" data-end=\"1039\"><strong data-start=\"948\" data-end=\"960\">Poids :<\/strong> <span class=\"relative -mx-px my-[-0.2rem] rounded px-px py-[0.2rem] transition-colors duration-100 ease-in-out\">environ 264 g<\/span><\/p>\n<\/li>\n<\/ul>\n<p data-start=\"1041\" data-end=\"1058\"><strong data-start=\"1041\" data-end=\"1058\">Applications :<\/strong><\/p>\n<p data-start=\"1060\" data-end=\"1138\"><span class=\"relative -mx-px my-[-0.2rem] rounded px-px py-[0.2rem] transition-colors duration-100 ease-in-out\">Id\u00e9al pour marquer des lignes droites sur les projets de construction, les travaux d&#8217;int\u00e9rieur et les travaux g\u00e9n\u00e9raux.<\/span><\/p>\n","protected":false},"excerpt":{"rendered":"<p>\ud83d\udee0\ufe0f Stanley Impact Line Mill Kit ABS 30m (0-47-443) Kit complet pour un marquage pr\u00e9cis sur de longues distances Le Stanley Impact Line Mill Kit ABS 30m est un outil essentiel pour les professionnels et les bricoleurs qui ont besoin d&#8217;un marquage pr\u00e9cis et rapide sur de longues distances. Avec un bo\u00eetier ABS robuste et [&hellip;]<\/p>\n","protected":false},"featured_media":28876,"comment_status":"open","ping_status":"closed","template":"","meta":[],"product_brand":[],"product_cat":[590],"product_tag":[],"class_list":{"0":"post-28874","1":"product","2":"type-product","3":"status-publish","4":"has-post-thumbnail","6":"product_cat-outils-a-main","8":"first","9":"instock","10":"taxable","11":"shipping-taxable","12":"purchasable","13":"product-type-simple"},"supplier_id":null,"supplier_sku":"","barcode":null,"atum_controlled":true,"out_stock_date":null,"out_stock_threshold":null,"inheritable":false,"inbound_stock":0,"stock_on_hold":0,"sold_today":0,"sales_last_days":0,"reserved_stock":0,"customer_returns":0,"warehouse_damage":0,"lost_in_post":0,"other_logs":0,"out_stock_days":0,"lost_sales":0,"has_location":false,"update_date":"2026-04-20T01:04:00","atum_locations":[],"atum_stock_status":"instock","restock_status":false,"low_stock_amount":"","sales_update_date":"2026-04-20T01:04:00","calc_backorders":null,"acf":[],"yoast_head":"<!-- This site is optimized with the Yoast SEO plugin v26.6 - https:\/\/yoast.com\/wordpress\/plugins\/seo\/ -->\n<title>Stanley Impact Line Mill Kit ABS 30m - 0-47-443 - Comprend la poudre et le niveau \u00e0 bulle - Schroevendump<\/title>\n<meta name=\"robots\" content=\"index, follow, max-snippet:-1, max-image-preview:large, max-video-preview:-1\" \/>\n<link rel=\"canonical\" href=\"https:\/\/schroevendump.nl\/fr\/produit\/stanley-impact-line-mill-kit-abs-30m-0-47-443-comprend-la-poudre-et-le-niveau-a-bulle\/\" \/>\n<meta property=\"og:locale\" content=\"fr_FR\" \/>\n<meta property=\"og:type\" content=\"article\" \/>\n<meta property=\"og:title\" content=\"Stanley Impact Line Mill Kit ABS 30m - 0-47-443 - Comprend la poudre et le niveau \u00e0 bulle - Schroevendump\" \/>\n<meta property=\"og:description\" content=\"\ud83d\udee0\ufe0f Stanley Impact Line Mill Kit ABS 30m (0-47-443) Kit complet pour un marquage pr\u00e9cis sur de longues distances Le Stanley Impact Line Mill Kit ABS 30m est un outil essentiel pour les professionnels et les bricoleurs qui ont besoin d&#8217;un marquage pr\u00e9cis et rapide sur de longues distances. Avec un bo\u00eetier ABS robuste et [&hellip;]\" \/>\n<meta property=\"og:url\" content=\"https:\/\/schroevendump.nl\/fr\/produit\/stanley-impact-line-mill-kit-abs-30m-0-47-443-comprend-la-poudre-et-le-niveau-a-bulle\/\" \/>\n<meta property=\"og:site_name\" content=\"Schroevendump\" \/>\n<meta property=\"article:modified_time\" content=\"2025-12-10T11:39:41+00:00\" \/>\n<meta property=\"og:image\" content=\"https:\/\/schroevendump.nl\/wp-content\/uploads\/2025\/05\/0-47-443_1_1_-removebg-preview.png\" \/>\n\t<meta property=\"og:image:width\" content=\"500\" \/>\n\t<meta property=\"og:image:height\" content=\"500\" \/>\n\t<meta property=\"og:image:type\" content=\"image\/png\" \/>\n<meta name=\"twitter:card\" content=\"summary_large_image\" \/>\n<meta name=\"twitter:label1\" content=\"Dur\u00e9e de lecture estim\u00e9e\" \/>\n\t<meta name=\"twitter:data1\" content=\"1 minute\" \/>\n<script type=\"application\/ld+json\" class=\"yoast-schema-graph\">{\"@context\":\"https:\/\/schema.org\",\"@graph\":[{\"@type\":\"WebPage\",\"@id\":\"https:\/\/schroevendump.nl\/fr\/produit\/stanley-impact-line-mill-kit-abs-30m-0-47-443-comprend-la-poudre-et-le-niveau-a-bulle\/\",\"url\":\"https:\/\/schroevendump.nl\/fr\/produit\/stanley-impact-line-mill-kit-abs-30m-0-47-443-comprend-la-poudre-et-le-niveau-a-bulle\/\",\"name\":\"Stanley Impact Line Mill Kit ABS 30m - 0-47-443 - Comprend la poudre et le niveau \u00e0 bulle - Schroevendump\",\"isPartOf\":{\"@id\":\"https:\/\/schroevendump.nl\/fr\/#website\"},\"primaryImageOfPage\":{\"@id\":\"https:\/\/schroevendump.nl\/fr\/produit\/stanley-impact-line-mill-kit-abs-30m-0-47-443-comprend-la-poudre-et-le-niveau-a-bulle\/#primaryimage\"},\"image\":{\"@id\":\"https:\/\/schroevendump.nl\/fr\/produit\/stanley-impact-line-mill-kit-abs-30m-0-47-443-comprend-la-poudre-et-le-niveau-a-bulle\/#primaryimage\"},\"thumbnailUrl\":\"https:\/\/schroevendump.nl\/wp-content\/uploads\/2025\/05\/0-47-443_1_1_-removebg-preview.png\",\"datePublished\":\"2025-05-22T14:35:44+00:00\",\"dateModified\":\"2025-12-10T11:39:41+00:00\",\"breadcrumb\":{\"@id\":\"https:\/\/schroevendump.nl\/fr\/produit\/stanley-impact-line-mill-kit-abs-30m-0-47-443-comprend-la-poudre-et-le-niveau-a-bulle\/#breadcrumb\"},\"inLanguage\":\"fr-FR\",\"potentialAction\":[{\"@type\":\"ReadAction\",\"target\":[\"https:\/\/schroevendump.nl\/fr\/produit\/stanley-impact-line-mill-kit-abs-30m-0-47-443-comprend-la-poudre-et-le-niveau-a-bulle\/\"]}]},{\"@type\":\"ImageObject\",\"inLanguage\":\"fr-FR\",\"@id\":\"https:\/\/schroevendump.nl\/fr\/produit\/stanley-impact-line-mill-kit-abs-30m-0-47-443-comprend-la-poudre-et-le-niveau-a-bulle\/#primaryimage\",\"url\":\"https:\/\/schroevendump.nl\/wp-content\/uploads\/2025\/05\/0-47-443_1_1_-removebg-preview.png\",\"contentUrl\":\"https:\/\/schroevendump.nl\/wp-content\/uploads\/2025\/05\/0-47-443_1_1_-removebg-preview.png\",\"width\":500,\"height\":500},{\"@type\":\"BreadcrumbList\",\"@id\":\"https:\/\/schroevendump.nl\/fr\/produit\/stanley-impact-line-mill-kit-abs-30m-0-47-443-comprend-la-poudre-et-le-niveau-a-bulle\/#breadcrumb\",\"itemListElement\":[{\"@type\":\"ListItem\",\"position\":1,\"name\":\"Accueil\",\"item\":\"https:\/\/schroevendump.nl\/fr\/\"},{\"@type\":\"ListItem\",\"position\":2,\"name\":\"Boutique\",\"item\":\"https:\/\/schroevendump.nl\/fr\/boutique\/\"},{\"@type\":\"ListItem\",\"position\":3,\"name\":\"Stanley Impact Line Mill Kit ABS 30m &#8211; 0-47-443 &#8211; Comprend la poudre et le niveau \u00e0 bulle\"}]},{\"@type\":\"WebSite\",\"@id\":\"https:\/\/schroevendump.nl\/fr\/#website\",\"url\":\"https:\/\/schroevendump.nl\/fr\/\",\"name\":\"Schroevendump\",\"description\":\"\",\"potentialAction\":[{\"@type\":\"SearchAction\",\"target\":{\"@type\":\"EntryPoint\",\"urlTemplate\":\"https:\/\/schroevendump.nl\/fr\/?s={search_term_string}\"},\"query-input\":{\"@type\":\"PropertyValueSpecification\",\"valueRequired\":true,\"valueName\":\"search_term_string\"}}],\"inLanguage\":\"fr-FR\"}]}<\/script>\n<!-- \/ Yoast SEO plugin. -->","yoast_head_json":{"title":"Stanley Impact Line Mill Kit ABS 30m - 0-47-443 - Comprend la poudre et le niveau \u00e0 bulle - Schroevendump","robots":{"index":"index","follow":"follow","max-snippet":"max-snippet:-1","max-image-preview":"max-image-preview:large","max-video-preview":"max-video-preview:-1"},"canonical":"https:\/\/schroevendump.nl\/fr\/produit\/stanley-impact-line-mill-kit-abs-30m-0-47-443-comprend-la-poudre-et-le-niveau-a-bulle\/","og_locale":"fr_FR","og_type":"article","og_title":"Stanley Impact Line Mill Kit ABS 30m - 0-47-443 - Comprend la poudre et le niveau \u00e0 bulle - Schroevendump","og_description":"\ud83d\udee0\ufe0f Stanley Impact Line Mill Kit ABS 30m (0-47-443) Kit complet pour un marquage pr\u00e9cis sur de longues distances Le Stanley Impact Line Mill Kit ABS 30m est un outil essentiel pour les professionnels et les bricoleurs qui ont besoin d&#8217;un marquage pr\u00e9cis et rapide sur de longues distances. Avec un bo\u00eetier ABS robuste et [&hellip;]","og_url":"https:\/\/schroevendump.nl\/fr\/produit\/stanley-impact-line-mill-kit-abs-30m-0-47-443-comprend-la-poudre-et-le-niveau-a-bulle\/","og_site_name":"Schroevendump","article_modified_time":"2025-12-10T11:39:41+00:00","og_image":[{"width":500,"height":500,"url":"https:\/\/schroevendump.nl\/wp-content\/uploads\/2025\/05\/0-47-443_1_1_-removebg-preview.png","type":"image\/png"}],"twitter_card":"summary_large_image","twitter_misc":{"Dur\u00e9e de lecture estim\u00e9e":"1 minute"},"schema":{"@context":"https:\/\/schema.org","@graph":[{"@type":"WebPage","@id":"https:\/\/schroevendump.nl\/fr\/produit\/stanley-impact-line-mill-kit-abs-30m-0-47-443-comprend-la-poudre-et-le-niveau-a-bulle\/","url":"https:\/\/schroevendump.nl\/fr\/produit\/stanley-impact-line-mill-kit-abs-30m-0-47-443-comprend-la-poudre-et-le-niveau-a-bulle\/","name":"Stanley Impact Line Mill Kit ABS 30m - 0-47-443 - Comprend la poudre et le niveau \u00e0 bulle - Schroevendump","isPartOf":{"@id":"https:\/\/schroevendump.nl\/fr\/#website"},"primaryImageOfPage":{"@id":"https:\/\/schroevendump.nl\/fr\/produit\/stanley-impact-line-mill-kit-abs-30m-0-47-443-comprend-la-poudre-et-le-niveau-a-bulle\/#primaryimage"},"image":{"@id":"https:\/\/schroevendump.nl\/fr\/produit\/stanley-impact-line-mill-kit-abs-30m-0-47-443-comprend-la-poudre-et-le-niveau-a-bulle\/#primaryimage"},"thumbnailUrl":"https:\/\/schroevendump.nl\/wp-content\/uploads\/2025\/05\/0-47-443_1_1_-removebg-preview.png","datePublished":"2025-05-22T14:35:44+00:00","dateModified":"2025-12-10T11:39:41+00:00","breadcrumb":{"@id":"https:\/\/schroevendump.nl\/fr\/produit\/stanley-impact-line-mill-kit-abs-30m-0-47-443-comprend-la-poudre-et-le-niveau-a-bulle\/#breadcrumb"},"inLanguage":"fr-FR","potentialAction":[{"@type":"ReadAction","target":["https:\/\/schroevendump.nl\/fr\/produit\/stanley-impact-line-mill-kit-abs-30m-0-47-443-comprend-la-poudre-et-le-niveau-a-bulle\/"]}]},{"@type":"ImageObject","inLanguage":"fr-FR","@id":"https:\/\/schroevendump.nl\/fr\/produit\/stanley-impact-line-mill-kit-abs-30m-0-47-443-comprend-la-poudre-et-le-niveau-a-bulle\/#primaryimage","url":"https:\/\/schroevendump.nl\/wp-content\/uploads\/2025\/05\/0-47-443_1_1_-removebg-preview.png","contentUrl":"https:\/\/schroevendump.nl\/wp-content\/uploads\/2025\/05\/0-47-443_1_1_-removebg-preview.png","width":500,"height":500},{"@type":"BreadcrumbList","@id":"https:\/\/schroevendump.nl\/fr\/produit\/stanley-impact-line-mill-kit-abs-30m-0-47-443-comprend-la-poudre-et-le-niveau-a-bulle\/#breadcrumb","itemListElement":[{"@type":"ListItem","position":1,"name":"Accueil","item":"https:\/\/schroevendump.nl\/fr\/"},{"@type":"ListItem","position":2,"name":"Boutique","item":"https:\/\/schroevendump.nl\/fr\/boutique\/"},{"@type":"ListItem","position":3,"name":"Stanley Impact Line Mill Kit ABS 30m &#8211; 0-47-443 &#8211; Comprend la poudre et le niveau \u00e0 bulle"}]},{"@type":"WebSite","@id":"https:\/\/schroevendump.nl\/fr\/#website","url":"https:\/\/schroevendump.nl\/fr\/","name":"Schroevendump","description":"","potentialAction":[{"@type":"SearchAction","target":{"@type":"EntryPoint","urlTemplate":"https:\/\/schroevendump.nl\/fr\/?s={search_term_string}"},"query-input":{"@type":"PropertyValueSpecification","valueRequired":true,"valueName":"search_term_string"}}],"inLanguage":"fr-FR"}]}},"_links":{"self":[{"href":"https:\/\/schroevendump.nl\/fr\/wp-json\/wp\/v2\/product\/28874","targetHints":{"allow":["GET"]}}],"collection":[{"href":"https:\/\/schroevendump.nl\/fr\/wp-json\/wp\/v2\/product"}],"about":[{"href":"https:\/\/schroevendump.nl\/fr\/wp-json\/wp\/v2\/types\/product"}],"replies":[{"embeddable":true,"href":"https:\/\/schroevendump.nl\/fr\/wp-json\/wp\/v2\/comments?post=28874"}],"wp:featuredmedia":[{"embeddable":true,"href":"https:\/\/schroevendump.nl\/fr\/wp-json\/wp\/v2\/media\/28876"}],"wp:attachment":[{"href":"https:\/\/schroevendump.nl\/fr\/wp-json\/wp\/v2\/media?parent=28874"}],"wp:term":[{"taxonomy":"product_brand","embeddable":true,"href":"https:\/\/schroevendump.nl\/fr\/wp-json\/wp\/v2\/product_brand?post=28874"},{"taxonomy":"product_cat","embeddable":true,"href":"https:\/\/schroevendump.nl\/fr\/wp-json\/wp\/v2\/product_cat?post=28874"},{"taxonomy":"product_tag","embeddable":true,"href":"https:\/\/schroevendump.nl\/fr\/wp-json\/wp\/v2\/product_tag?post=28874"}],"curies":[{"name":"wp","href":"https:\/\/api.w.org\/{rel}","templated":true}]}}