{"id":28885,"date":"2025-05-22T13:42:54","date_gmt":"2025-05-22T13:42:54","guid":{"rendered":"https:\/\/schroevendump.nl\/product\/stanley-fatmax-blade-armor-tape-measure-8m-x-32mm\/"},"modified":"2025-12-10T11:39:42","modified_gmt":"2025-12-10T11:39:42","slug":"stanley-fatmax-blade-armor-tape-measure-8m-x-32mm","status":"publish","type":"product","link":"https:\/\/schroevendump.nl\/fr\/produit\/stanley-fatmax-blade-armor-tape-measure-8m-x-32mm\/","title":{"rendered":"Stanley FatMax Blade Armor Tape Measure 8m x 32mm"},"content":{"rendered":"<h3 data-start=\"172\" data-end=\"239\">\ud83d\udee0\ufe0f Stanley FatMax Blade Armor Tape Measure 8m x 32mm (0-33-728)<\/h3>\n<p data-start=\"241\" data-end=\"310\"><strong data-start=\"241\" data-end=\"310\">Ruban \u00e0 mesurer professionnel avec une durabilit\u00e9 et une facilit\u00e9 d&#8217;utilisation accrues<\/strong><\/p>\n<p data-start=\"312\" data-end=\"426\"><span class=\"relative -mx-px my-[-0.2rem] rounded px-px py-[0.2rem] transition-colors duration-100 ease-in-out\">Con\u00e7u pour un usage intensif, le m\u00e8tre ruban Stanley FatMax Blade Armor 8 m\u00e8tres offre une combinaison de pr\u00e9cision, de durabilit\u00e9 et de confort.<\/span> <span class=\"relative -mx-px my-[-0.2rem] rounded px-px py-[0.2rem] transition-colors duration-100 ease-in-out\">Avec une largeur de 32 mm et un bo\u00eetier robuste, ce m\u00e8tre est id\u00e9al pour les professionnels et les bricoleurs.<\/span><\/p>\n<p data-start=\"428\" data-end=\"456\"><strong data-start=\"428\" data-end=\"456\">Caract\u00e9ristiques principales :<\/strong><\/p>\n<ul data-start=\"458\" data-end=\"1295\">\n<li data-start=\"458\" data-end=\"511\">\n<p data-start=\"460\" data-end=\"511\"><strong data-start=\"460\" data-end=\"471\">Longueur :<\/strong> <span class=\"relative -mx-px my-[-0.2rem] rounded px-px py-[0.2rem] transition-colors duration-100 ease-in-out\">8 m\u00e8tres<\/span><\/p>\n<\/li>\n<li data-start=\"512\" data-end=\"575\">\n<p data-start=\"514\" data-end=\"575\"><strong data-start=\"514\" data-end=\"535\">Largeur du ruban de mesure :<\/strong> <span class=\"relative -mx-px my-[-0.2rem] rounded px-px py-[0.2rem] transition-colors duration-100 ease-in-out\">32 mm<\/span><\/p>\n<\/li>\n<li data-start=\"576\" data-end=\"683\">\n<p data-start=\"578\" data-end=\"683\"><strong data-start=\"578\" data-end=\"602\">Rev\u00eatement Blade Armor : les<\/strong> <span class=\"relative -mx-px my-[-0.2rem] rounded px-px py-[0.2rem] transition-colors duration-100 ease-in-out\">14 premiers centim\u00e8tres du m\u00e8tre sont recouverts d&#8217;une couche protectrice thermoplastique qui r\u00e9duit le risque de rupture de 95 %<\/span>.<\/p>\n<\/li>\n<li data-start=\"684\" data-end=\"793\">\n<p data-start=\"686\" data-end=\"793\"><strong data-start=\"686\" data-end=\"712\">Film polyester Mylar\u00ae :<\/strong> <span class=\"relative -mx-px my-[-0.2rem] rounded px-px py-[0.2rem] transition-colors duration-100 ease-in-out\">le ruban de mesure est recouvert d&#8217;une couche de Mylar\u00ae, ce qui le rend jusqu&#8217;\u00e0 10 fois plus r\u00e9sistant \u00e0 l&#8217;abrasion que les rubans de mesure traditionnels<\/span>.<\/p>\n<\/li>\n<li data-start=\"794\" data-end=\"891\">\n<p data-start=\"796\" data-end=\"891\"><strong data-start=\"796\" data-end=\"810\">Stand-out :<\/strong> <span class=\"relative -mx-px my-[-0.2rem] rounded px-px py-[0.2rem] transition-colors duration-100 ease-in-out\">le ruban de mesure peut s&#8217;\u00e9tendre jusqu&#8217;\u00e0 3,35 m\u00e8tres horizontalement sans se d\u00e9former, ce qui facilite les mesures sur de longues distances<\/span>.<\/p>\n<\/li>\n<li data-start=\"892\" data-end=\"1005\">\n<p data-start=\"894\" data-end=\"1005\"><strong data-start=\"894\" data-end=\"924\">Crochet \u00e0 trois rivets :<\/strong> <span class=\"relative -mx-px my-[-0.2rem] rounded px-px py-[0.2rem] transition-colors duration-100 ease-in-out\">Le crochet est fix\u00e9 \u00e0 l&#8217;aide de trois rivets, ce qui est 40 % plus solide qu&#8217;une fixation \u00e0 deux rivets<\/span>.<\/p>\n<\/li>\n<li data-start=\"1006\" data-end=\"1075\">\n<p data-start=\"1008\" data-end=\"1075\"><strong data-start=\"1008\" data-end=\"1035\">Crochet multifonctionnel :<\/strong> <span class=\"relative -mx-px my-[-0.2rem] rounded px-px py-[0.2rem] transition-colors duration-100 ease-in-out\">Convient aux m\u00e8tres ruban sup\u00e9rieurs et inf\u00e9rieurs, avec un crochet coulissant pour des mesures pr\u00e9cises \u00e0 l&#8217;int\u00e9rieur et \u00e0 l&#8217;ext\u00e9rieur.<\/span><\/p>\n<\/li>\n<li data-start=\"1076\" data-end=\"1144\">\n<p data-start=\"1078\" data-end=\"1144\"><strong data-start=\"1078\" data-end=\"1104\">Coussin r\u00e9sistant aux chocs :<\/strong> <span class=\"relative -mx-px my-[-0.2rem] rounded px-px py-[0.2rem] transition-colors duration-100 ease-in-out\">Prot\u00e8ge le crochet lors du recul du m\u00e8tre ruban.<\/span><\/p>\n<\/li>\n<li data-start=\"1145\" data-end=\"1201\">\n<p data-start=\"1147\" data-end=\"1201\"><strong data-start=\"1147\" data-end=\"1161\">Bo\u00eetier :<\/strong> <span class=\"relative -mx-px my-[-0.2rem] rounded px-px py-[0.2rem] transition-colors duration-100 ease-in-out\">Fabriqu\u00e9 en bi-mati\u00e8re avec un ABS r\u00e9sistant aux chocs et un \u00e9lastom\u00e8re souple pour une prise en main confortable.<\/span><\/p>\n<\/li>\n<li data-start=\"1202\" data-end=\"1295\">\n<p data-start=\"1204\" data-end=\"1295\"><strong data-start=\"1204\" data-end=\"1216\">Extras :<\/strong> <span class=\"relative -mx-px my-[-0.2rem] rounded px-px py-[0.2rem] transition-colors duration-100 ease-in-out\">\u00c9quip\u00e9 d&#8217;un bouton de verrouillage de ceinture et d&#8217;un clip de pantalon pour un transport facile.<\/span><\/p>\n<\/li>\n<\/ul>\n<p data-start=\"1297\" data-end=\"1326\"><strong data-start=\"1297\" data-end=\"1326\">Caract\u00e9ristiques techniques :<\/strong><\/p>\n<ul data-start=\"1328\" data-end=\"1663\">\n<li data-start=\"1328\" data-end=\"1388\">\n<p data-start=\"1330\" data-end=\"1388\"><strong data-start=\"1330\" data-end=\"1348\">Num\u00e9ro d&#8217;article<\/strong> <span class=\"relative -mx-px my-[-0.2rem] rounded px-px py-[0.2rem] transition-colors duration-100 ease-in-out\">0-33-728<\/span><\/p>\n<\/li>\n<li data-start=\"1389\" data-end=\"1439\">\n<p data-start=\"1391\" data-end=\"1439\"><strong data-start=\"1391\" data-end=\"1399\">EAN :<\/strong> <span class=\"relative -mx-px my-[-0.2rem] rounded px-px py-[0.2rem] transition-colors duration-100 ease-in-out\">3253560337285<\/span><\/p>\n<\/li>\n<li data-start=\"1440\" data-end=\"1501\">\n<p data-start=\"1442\" data-end=\"1501\"><strong data-start=\"1442\" data-end=\"1461\">Pr\u00e9cision :<\/strong> <span class=\"relative -mx-px my-[-0.2rem] rounded px-px py-[0.2rem] transition-colors duration-100 ease-in-out\">Classe II<\/span><\/p>\n<\/li>\n<li data-start=\"1502\" data-end=\"1556\">\n<p data-start=\"1504\" data-end=\"1556\"><strong data-start=\"1504\" data-end=\"1516\">Poids :<\/strong> <span class=\"relative -mx-px my-[-0.2rem] rounded px-px py-[0.2rem] transition-colors duration-100 ease-in-out\">650 g<\/span><\/p>\n<\/li>\n<li data-start=\"1557\" data-end=\"1663\">\n<p data-start=\"1559\" data-end=\"1663\"><strong data-start=\"1559\" data-end=\"1584\">Dimensions du bo\u00eetier :<\/strong> <span class=\"relative -mx-px my-[-0.2rem] rounded px-px py-[0.2rem] transition-colors duration-100 ease-in-out\">11,6 cm (largeur) x 18 cm (hauteur) x 5,6 cm (profondeur)<\/span><\/p>\n<\/li>\n<\/ul>\n","protected":false},"excerpt":{"rendered":"<p>\ud83d\udee0\ufe0f Stanley FatMax Blade Armor Tape Measure 8m x 32mm (0-33-728) Ruban \u00e0 mesurer professionnel avec une durabilit\u00e9 et une facilit\u00e9 d&#8217;utilisation accrues Con\u00e7u pour un usage intensif, le m\u00e8tre ruban Stanley FatMax Blade Armor 8 m\u00e8tres offre une combinaison de pr\u00e9cision, de durabilit\u00e9 et de confort. Avec une largeur de 32 mm et un [&hellip;]<\/p>\n","protected":false},"featured_media":28887,"comment_status":"open","ping_status":"closed","template":"","meta":[],"product_brand":[],"product_cat":[590],"product_tag":[],"class_list":{"0":"post-28885","1":"product","2":"type-product","3":"status-publish","4":"has-post-thumbnail","6":"product_cat-outils-a-main","8":"first","9":"instock","10":"taxable","11":"shipping-taxable","12":"purchasable","13":"product-type-simple"},"supplier_id":null,"supplier_sku":"","barcode":null,"atum_controlled":true,"out_stock_date":null,"out_stock_threshold":null,"inheritable":false,"inbound_stock":0,"stock_on_hold":0,"sold_today":0,"sales_last_days":0,"reserved_stock":0,"customer_returns":0,"warehouse_damage":0,"lost_in_post":0,"other_logs":0,"out_stock_days":0,"lost_sales":0,"has_location":false,"update_date":"2026-05-08T01:09:19","atum_locations":[],"atum_stock_status":"instock","restock_status":false,"low_stock_amount":"","sales_update_date":"2026-05-08T01:09:19","calc_backorders":null,"acf":[],"yoast_head":"<!-- This site is optimized with the Yoast SEO plugin v26.6 - https:\/\/yoast.com\/wordpress\/plugins\/seo\/ -->\n<title>Stanley FatMax Blade Armor Tape Measure 8m x 32mm - Schroevendump<\/title>\n<meta name=\"robots\" content=\"index, follow, max-snippet:-1, max-image-preview:large, max-video-preview:-1\" \/>\n<link rel=\"canonical\" href=\"https:\/\/schroevendump.nl\/fr\/produit\/stanley-fatmax-blade-armor-tape-measure-8m-x-32mm\/\" \/>\n<meta property=\"og:locale\" content=\"fr_FR\" \/>\n<meta property=\"og:type\" content=\"article\" \/>\n<meta property=\"og:title\" content=\"Stanley FatMax Blade Armor Tape Measure 8m x 32mm - Schroevendump\" \/>\n<meta property=\"og:description\" content=\"\ud83d\udee0\ufe0f Stanley FatMax Blade Armor Tape Measure 8m x 32mm (0-33-728) Ruban \u00e0 mesurer professionnel avec une durabilit\u00e9 et une facilit\u00e9 d&#8217;utilisation accrues Con\u00e7u pour un usage intensif, le m\u00e8tre ruban Stanley FatMax Blade Armor 8 m\u00e8tres offre une combinaison de pr\u00e9cision, de durabilit\u00e9 et de confort. Avec une largeur de 32 mm et un [&hellip;]\" \/>\n<meta property=\"og:url\" content=\"https:\/\/schroevendump.nl\/fr\/produit\/stanley-fatmax-blade-armor-tape-measure-8m-x-32mm\/\" \/>\n<meta property=\"og:site_name\" content=\"Schroevendump\" \/>\n<meta property=\"article:modified_time\" content=\"2025-12-10T11:39:42+00:00\" \/>\n<meta property=\"og:image\" content=\"https:\/\/schroevendump.nl\/wp-content\/uploads\/2025\/05\/45678_1_-removebg-preview.png\" \/>\n\t<meta property=\"og:image:width\" content=\"500\" \/>\n\t<meta property=\"og:image:height\" content=\"500\" \/>\n\t<meta property=\"og:image:type\" content=\"image\/png\" \/>\n<meta name=\"twitter:card\" content=\"summary_large_image\" \/>\n<meta name=\"twitter:label1\" content=\"Dur\u00e9e de lecture estim\u00e9e\" \/>\n\t<meta name=\"twitter:data1\" content=\"1 minute\" \/>\n<script type=\"application\/ld+json\" class=\"yoast-schema-graph\">{\"@context\":\"https:\/\/schema.org\",\"@graph\":[{\"@type\":\"WebPage\",\"@id\":\"https:\/\/schroevendump.nl\/fr\/produit\/stanley-fatmax-blade-armor-tape-measure-8m-x-32mm\/\",\"url\":\"https:\/\/schroevendump.nl\/fr\/produit\/stanley-fatmax-blade-armor-tape-measure-8m-x-32mm\/\",\"name\":\"Stanley FatMax Blade Armor Tape Measure 8m x 32mm - Schroevendump\",\"isPartOf\":{\"@id\":\"https:\/\/schroevendump.nl\/fr\/#website\"},\"primaryImageOfPage\":{\"@id\":\"https:\/\/schroevendump.nl\/fr\/produit\/stanley-fatmax-blade-armor-tape-measure-8m-x-32mm\/#primaryimage\"},\"image\":{\"@id\":\"https:\/\/schroevendump.nl\/fr\/produit\/stanley-fatmax-blade-armor-tape-measure-8m-x-32mm\/#primaryimage\"},\"thumbnailUrl\":\"https:\/\/schroevendump.nl\/wp-content\/uploads\/2025\/05\/45678_1_-removebg-preview.png\",\"datePublished\":\"2025-05-22T13:42:54+00:00\",\"dateModified\":\"2025-12-10T11:39:42+00:00\",\"breadcrumb\":{\"@id\":\"https:\/\/schroevendump.nl\/fr\/produit\/stanley-fatmax-blade-armor-tape-measure-8m-x-32mm\/#breadcrumb\"},\"inLanguage\":\"fr-FR\",\"potentialAction\":[{\"@type\":\"ReadAction\",\"target\":[\"https:\/\/schroevendump.nl\/fr\/produit\/stanley-fatmax-blade-armor-tape-measure-8m-x-32mm\/\"]}]},{\"@type\":\"ImageObject\",\"inLanguage\":\"fr-FR\",\"@id\":\"https:\/\/schroevendump.nl\/fr\/produit\/stanley-fatmax-blade-armor-tape-measure-8m-x-32mm\/#primaryimage\",\"url\":\"https:\/\/schroevendump.nl\/wp-content\/uploads\/2025\/05\/45678_1_-removebg-preview.png\",\"contentUrl\":\"https:\/\/schroevendump.nl\/wp-content\/uploads\/2025\/05\/45678_1_-removebg-preview.png\",\"width\":500,\"height\":500},{\"@type\":\"BreadcrumbList\",\"@id\":\"https:\/\/schroevendump.nl\/fr\/produit\/stanley-fatmax-blade-armor-tape-measure-8m-x-32mm\/#breadcrumb\",\"itemListElement\":[{\"@type\":\"ListItem\",\"position\":1,\"name\":\"Accueil\",\"item\":\"https:\/\/schroevendump.nl\/fr\/\"},{\"@type\":\"ListItem\",\"position\":2,\"name\":\"Boutique\",\"item\":\"https:\/\/schroevendump.nl\/fr\/boutique\/\"},{\"@type\":\"ListItem\",\"position\":3,\"name\":\"Stanley FatMax Blade Armor Tape Measure 8m x 32mm\"}]},{\"@type\":\"WebSite\",\"@id\":\"https:\/\/schroevendump.nl\/fr\/#website\",\"url\":\"https:\/\/schroevendump.nl\/fr\/\",\"name\":\"Schroevendump\",\"description\":\"\",\"potentialAction\":[{\"@type\":\"SearchAction\",\"target\":{\"@type\":\"EntryPoint\",\"urlTemplate\":\"https:\/\/schroevendump.nl\/fr\/?s={search_term_string}\"},\"query-input\":{\"@type\":\"PropertyValueSpecification\",\"valueRequired\":true,\"valueName\":\"search_term_string\"}}],\"inLanguage\":\"fr-FR\"}]}<\/script>\n<!-- \/ Yoast SEO plugin. -->","yoast_head_json":{"title":"Stanley FatMax Blade Armor Tape Measure 8m x 32mm - Schroevendump","robots":{"index":"index","follow":"follow","max-snippet":"max-snippet:-1","max-image-preview":"max-image-preview:large","max-video-preview":"max-video-preview:-1"},"canonical":"https:\/\/schroevendump.nl\/fr\/produit\/stanley-fatmax-blade-armor-tape-measure-8m-x-32mm\/","og_locale":"fr_FR","og_type":"article","og_title":"Stanley FatMax Blade Armor Tape Measure 8m x 32mm - Schroevendump","og_description":"\ud83d\udee0\ufe0f Stanley FatMax Blade Armor Tape Measure 8m x 32mm (0-33-728) Ruban \u00e0 mesurer professionnel avec une durabilit\u00e9 et une facilit\u00e9 d&#8217;utilisation accrues Con\u00e7u pour un usage intensif, le m\u00e8tre ruban Stanley FatMax Blade Armor 8 m\u00e8tres offre une combinaison de pr\u00e9cision, de durabilit\u00e9 et de confort. Avec une largeur de 32 mm et un [&hellip;]","og_url":"https:\/\/schroevendump.nl\/fr\/produit\/stanley-fatmax-blade-armor-tape-measure-8m-x-32mm\/","og_site_name":"Schroevendump","article_modified_time":"2025-12-10T11:39:42+00:00","og_image":[{"width":500,"height":500,"url":"https:\/\/schroevendump.nl\/wp-content\/uploads\/2025\/05\/45678_1_-removebg-preview.png","type":"image\/png"}],"twitter_card":"summary_large_image","twitter_misc":{"Dur\u00e9e de lecture estim\u00e9e":"1 minute"},"schema":{"@context":"https:\/\/schema.org","@graph":[{"@type":"WebPage","@id":"https:\/\/schroevendump.nl\/fr\/produit\/stanley-fatmax-blade-armor-tape-measure-8m-x-32mm\/","url":"https:\/\/schroevendump.nl\/fr\/produit\/stanley-fatmax-blade-armor-tape-measure-8m-x-32mm\/","name":"Stanley FatMax Blade Armor Tape Measure 8m x 32mm - Schroevendump","isPartOf":{"@id":"https:\/\/schroevendump.nl\/fr\/#website"},"primaryImageOfPage":{"@id":"https:\/\/schroevendump.nl\/fr\/produit\/stanley-fatmax-blade-armor-tape-measure-8m-x-32mm\/#primaryimage"},"image":{"@id":"https:\/\/schroevendump.nl\/fr\/produit\/stanley-fatmax-blade-armor-tape-measure-8m-x-32mm\/#primaryimage"},"thumbnailUrl":"https:\/\/schroevendump.nl\/wp-content\/uploads\/2025\/05\/45678_1_-removebg-preview.png","datePublished":"2025-05-22T13:42:54+00:00","dateModified":"2025-12-10T11:39:42+00:00","breadcrumb":{"@id":"https:\/\/schroevendump.nl\/fr\/produit\/stanley-fatmax-blade-armor-tape-measure-8m-x-32mm\/#breadcrumb"},"inLanguage":"fr-FR","potentialAction":[{"@type":"ReadAction","target":["https:\/\/schroevendump.nl\/fr\/produit\/stanley-fatmax-blade-armor-tape-measure-8m-x-32mm\/"]}]},{"@type":"ImageObject","inLanguage":"fr-FR","@id":"https:\/\/schroevendump.nl\/fr\/produit\/stanley-fatmax-blade-armor-tape-measure-8m-x-32mm\/#primaryimage","url":"https:\/\/schroevendump.nl\/wp-content\/uploads\/2025\/05\/45678_1_-removebg-preview.png","contentUrl":"https:\/\/schroevendump.nl\/wp-content\/uploads\/2025\/05\/45678_1_-removebg-preview.png","width":500,"height":500},{"@type":"BreadcrumbList","@id":"https:\/\/schroevendump.nl\/fr\/produit\/stanley-fatmax-blade-armor-tape-measure-8m-x-32mm\/#breadcrumb","itemListElement":[{"@type":"ListItem","position":1,"name":"Accueil","item":"https:\/\/schroevendump.nl\/fr\/"},{"@type":"ListItem","position":2,"name":"Boutique","item":"https:\/\/schroevendump.nl\/fr\/boutique\/"},{"@type":"ListItem","position":3,"name":"Stanley FatMax Blade Armor Tape Measure 8m x 32mm"}]},{"@type":"WebSite","@id":"https:\/\/schroevendump.nl\/fr\/#website","url":"https:\/\/schroevendump.nl\/fr\/","name":"Schroevendump","description":"","potentialAction":[{"@type":"SearchAction","target":{"@type":"EntryPoint","urlTemplate":"https:\/\/schroevendump.nl\/fr\/?s={search_term_string}"},"query-input":{"@type":"PropertyValueSpecification","valueRequired":true,"valueName":"search_term_string"}}],"inLanguage":"fr-FR"}]}},"_links":{"self":[{"href":"https:\/\/schroevendump.nl\/fr\/wp-json\/wp\/v2\/product\/28885","targetHints":{"allow":["GET"]}}],"collection":[{"href":"https:\/\/schroevendump.nl\/fr\/wp-json\/wp\/v2\/product"}],"about":[{"href":"https:\/\/schroevendump.nl\/fr\/wp-json\/wp\/v2\/types\/product"}],"replies":[{"embeddable":true,"href":"https:\/\/schroevendump.nl\/fr\/wp-json\/wp\/v2\/comments?post=28885"}],"wp:featuredmedia":[{"embeddable":true,"href":"https:\/\/schroevendump.nl\/fr\/wp-json\/wp\/v2\/media\/28887"}],"wp:attachment":[{"href":"https:\/\/schroevendump.nl\/fr\/wp-json\/wp\/v2\/media?parent=28885"}],"wp:term":[{"taxonomy":"product_brand","embeddable":true,"href":"https:\/\/schroevendump.nl\/fr\/wp-json\/wp\/v2\/product_brand?post=28885"},{"taxonomy":"product_cat","embeddable":true,"href":"https:\/\/schroevendump.nl\/fr\/wp-json\/wp\/v2\/product_cat?post=28885"},{"taxonomy":"product_tag","embeddable":true,"href":"https:\/\/schroevendump.nl\/fr\/wp-json\/wp\/v2\/product_tag?post=28885"}],"curies":[{"name":"wp","href":"https:\/\/api.w.org\/{rel}","templated":true}]}}