{"id":28957,"date":"2024-10-24T19:29:37","date_gmt":"2024-10-24T19:29:37","guid":{"rendered":"https:\/\/schroevendump.nl\/product\/vis-de-terrasse-en-acier-inoxydable-410-4-0-x-50-200pcs-tx-15\/"},"modified":"2025-12-10T11:12:10","modified_gmt":"2025-12-10T11:12:10","slug":"vis-de-terrasse-en-acier-inoxydable-410-4-0-x-50-200pcs-tx-15","status":"publish","type":"product","link":"https:\/\/schroevendump.nl\/fr\/produit\/vis-de-terrasse-en-acier-inoxydable-410-4-0-x-50-200pcs-tx-15\/","title":{"rendered":"Vis de terrasse en acier inoxydable 410 4.0 x 50 200pcs TX-15"},"content":{"rendered":"<h2 data-start=\"93\" data-end=\"193\"><strong data-start=\"96\" data-end=\"193\">Screwdump Vis de terrasse en acier inoxydable 410 &#8211; Flexible, solide et fiable pour les structures en bois<\/strong><\/h2>\n<p data-start=\"195\" data-end=\"513\">Les <strong data-start=\"195\" data-end=\"229\">vis de terrasse Screwdump<\/strong>, \u00e9galement connues sous le nom de <strong data-start=\"250\" data-end=\"271\">vis pour bois dur<\/strong>, sont sp\u00e9cialement con\u00e7ues pour la fixation solide de <strong data-start=\"329\" data-end=\"341\">bois dur<\/strong> lors de la construction de <strong data-start=\"358\" data-end=\"370\">terrasses<\/strong>, de <strong data-start=\"372\" data-end=\"387\">planches de rive<\/strong>, de <strong data-start=\"389\" data-end=\"404\">balustrades<\/strong> et d&#8217;<strong data-start=\"408\" data-end=\"420\">\u00e9chafaudages<\/strong>. Id\u00e9al pour les professionnels et les bricoleurs qui ne veulent travailler qu&#8217;avec de la qualit\u00e9.<\/p>\n<h3 data-start=\"520\" data-end=\"577\"><strong data-start=\"526\" data-end=\"577\">Qu&#8217;est-ce qui rend les vis de terrasse Screwdump uniques ?<\/strong><\/h3>\n<p data-start=\"579\" data-end=\"982\">Ces vis sont fabriqu\u00e9es en <strong data-start=\"611\" data-end=\"651\">acier inoxydable AISI 410 de haute qualit\u00e9.<\/strong> Cet alliage sp\u00e9cialement s\u00e9lectionn\u00e9 est l\u00e9g\u00e8rement plus souple que l&#8217;acier inoxydable traditionnel, ce qui constitue un grand avantage :<br data-start=\"764\" data-end=\"767\"><strong data-start=\"767\" data-end=\"787\">aucun risque de rupture<\/strong>, m\u00eame en cas de sollicitation intensive. Alors que les vis plus dures peuvent se fissurer, celles-ci se plient avec le bois de mani\u00e8re contr\u00f4l\u00e9e &#8211; id\u00e9al pour les applications soumises \u00e0 une action naturelle ou \u00e0 des fluctuations de temp\u00e9rature. <\/p>\n<h3 data-start=\"989\" data-end=\"1032\">\ud83d\udd27 <strong data-start=\"996\" data-end=\"1032\">Les avantages techniques en un coup d&#8217;\u0153il :<\/strong><\/h3>\n<ul data-start=\"1034\" data-end=\"1451\">\n<li data-start=\"1034\" data-end=\"1085\">\n<p data-start=\"1036\" data-end=\"1085\"><strong data-start=\"1036\" data-end=\"1050\">Mat\u00e9riau :<\/strong> acier inoxydable AISI 410 &#8211; solide et flexible<\/p>\n<\/li>\n<li data-start=\"1189\" data-end=\"1267\">\n<p data-start=\"1191\" data-end=\"1267\"><strong data-start=\"1191\" data-end=\"1208\">Pr\u00e9d\u00e9coup\u00e9 :<\/strong> visser sans fendre &#8211; le pr\u00e9-per\u00e7age n&#8217;est g\u00e9n\u00e9ralement pas n\u00e9cessaire<\/p>\n<\/li>\n<li data-start=\"1268\" data-end=\"1360\">\n<p data-start=\"1270\" data-end=\"1360\"><strong data-start=\"1270\" data-end=\"1288\">Nervures de la tige :<\/strong> moins de pression sur le bois et la vis &#8211; plus longue dur\u00e9e de vie de l&#8217;assemblage<\/p>\n<\/li>\n<li data-start=\"1361\" data-end=\"1451\">\n<p data-start=\"1363\" data-end=\"1451\"><strong data-start=\"1363\" data-end=\"1389\">Entra\u00eenement Torx (TX) :<\/strong> Meilleure prise en main de l&#8217;outil, moins de glissement ou de torsion.<\/p>\n<\/li>\n<\/ul>\n<blockquote data-start=\"1453\" data-end=\"1602\">\n<p data-start=\"1455\" data-end=\"1602\"><strong>Remarque : Lorsque vous travaillez dans du bois dur, nous vous recommandons de <a href=\"https:\/\/schroevendump.nl\/fr\/product-categorie\/forets-metalliques\/\">pr\u00e9-percer<\/a> avec une m\u00e8che pour bois dur afin d&#8217;obtenir les meilleurs r\u00e9sultats et une finition soign\u00e9e.<\/strong><\/p>\n<\/blockquote>\n<h3 data-start=\"1609\" data-end=\"1633\">\ud83d\udee0 <strong data-start=\"1616\" data-end=\"1633\">Applications :<\/strong><\/h3>\n<p data-start=\"1635\" data-end=\"1758\">\u2714 Planches de terrasse<br data-start=\"1651\" data-end=\"1654\">\u2714 Planches de rive<br data-start=\"1667\" data-end=\"1670\">\u2714 \u00c9chafaudages<br data-start=\"1680\" data-end=\"1683\">\u2714 Garde-corps<br data-start=\"1696\" data-end=\"1699\">\u2714 Rev\u00eatement de fa\u00e7ade<br data-start=\"1715\" data-end=\"1718\">\u2714 Convient pour une utilisation int\u00e9rieure et ext\u00e9rieure<\/p>\n<h3 data-start=\"1765\" data-end=\"1826\">\ud83d\udca1 <strong data-start=\"1772\" data-end=\"1826\">Pourquoi choisir les vis de terrasse Screwdump ?<\/strong><\/h3>\n<ul data-start=\"1828\" data-end=\"1983\">\n<li data-start=\"1828\" data-end=\"1874\">\n<p data-start=\"1830\" data-end=\"1874\">Fabriqu\u00e9 pour une adh\u00e9rence maximale et une rupture minimale<\/p>\n<\/li>\n<li data-start=\"1875\" data-end=\"1903\">\n<p data-start=\"1877\" data-end=\"1903\">R\u00e9sistant aux \u00e9l\u00e9ments<\/p>\n<\/li>\n<li data-start=\"1904\" data-end=\"1953\">\n<p data-start=\"1906\" data-end=\"1953\">Une qualit\u00e9 professionnelle \u00e0 un prix \u00e9quitable<\/p>\n<\/li>\n<li data-start=\"1954\" data-end=\"1983\">\n<p data-start=\"1956\" data-end=\"1983\">Assemblage facile avec Torx<\/p>\n<\/li>\n<\/ul>\n<p data-start=\"1990\" data-end=\"2134\"><strong data-start=\"1990\" data-end=\"2058\">Donnez \u00e0 votre projet la solidit\u00e9 et l&#8217;aspect qu&#8217;il m\u00e9rite.<\/strong><br data-start=\"2058\" data-end=\"2061\"><strong data-start=\"2061\" data-end=\"2134\">Commandez d\u00e8s maintenant les vis de terrasse Screwdump et constatez par vous-m\u00eame la diff\u00e9rence !<\/strong><\/p>\n","protected":false},"excerpt":{"rendered":"<p>Screwdump Vis de terrasse en acier inoxydable 410 &#8211; Flexible, solide et fiable pour les structures en bois Les vis de terrasse Screwdump, \u00e9galement connues sous le nom de vis pour bois dur, sont sp\u00e9cialement con\u00e7ues pour la fixation solide de bois dur lors de la construction de terrasses, de planches de rive, de balustrades [&hellip;]<\/p>\n","protected":false},"featured_media":27253,"comment_status":"open","ping_status":"closed","template":"","meta":[],"product_brand":[],"product_cat":[550],"product_tag":[],"class_list":{"0":"post-28957","1":"product","2":"type-product","3":"status-publish","4":"has-post-thumbnail","6":"product_cat-vis-de-pont-de-pont-de-marmite","7":"pa_draad-filetage-partiel","9":"first","10":"instock","11":"taxable","12":"shipping-taxable","13":"purchasable","14":"product-type-simple"},"supplier_id":null,"supplier_sku":"","barcode":null,"atum_controlled":true,"out_stock_date":null,"out_stock_threshold":null,"inheritable":false,"inbound_stock":0,"stock_on_hold":0,"sold_today":0,"sales_last_days":0,"reserved_stock":0,"customer_returns":0,"warehouse_damage":0,"lost_in_post":0,"other_logs":0,"out_stock_days":0,"lost_sales":0,"has_location":false,"update_date":"2026-04-18T01:05:01","atum_locations":[],"atum_stock_status":"instock","restock_status":false,"low_stock_amount":"","sales_update_date":"2026-04-18T01:05:01","calc_backorders":null,"acf":[],"yoast_head":"<!-- This site is optimized with the Yoast SEO plugin v26.6 - https:\/\/yoast.com\/wordpress\/plugins\/seo\/ -->\n<title>Vis de terrasse en acier inoxydable 410 4.0 x 50 200pcs TX-15 - Schroevendump<\/title>\n<meta name=\"robots\" content=\"index, follow, max-snippet:-1, max-image-preview:large, max-video-preview:-1\" \/>\n<link rel=\"canonical\" href=\"https:\/\/schroevendump.nl\/fr\/produit\/vis-de-terrasse-en-acier-inoxydable-410-4-0-x-50-200pcs-tx-15\/\" \/>\n<meta property=\"og:locale\" content=\"fr_FR\" \/>\n<meta property=\"og:type\" content=\"article\" \/>\n<meta property=\"og:title\" content=\"Vis de terrasse en acier inoxydable 410 4.0 x 50 200pcs TX-15 - Schroevendump\" \/>\n<meta property=\"og:description\" content=\"Screwdump Vis de terrasse en acier inoxydable 410 &#8211; Flexible, solide et fiable pour les structures en bois Les vis de terrasse Screwdump, \u00e9galement connues sous le nom de vis pour bois dur, sont sp\u00e9cialement con\u00e7ues pour la fixation solide de bois dur lors de la construction de terrasses, de planches de rive, de balustrades [&hellip;]\" \/>\n<meta property=\"og:url\" content=\"https:\/\/schroevendump.nl\/fr\/produit\/vis-de-terrasse-en-acier-inoxydable-410-4-0-x-50-200pcs-tx-15\/\" \/>\n<meta property=\"og:site_name\" content=\"Schroevendump\" \/>\n<meta property=\"article:modified_time\" content=\"2025-12-10T11:12:10+00:00\" \/>\n<meta property=\"og:image\" content=\"https:\/\/schroevendump.nl\/wp-content\/uploads\/2024\/08\/827-vlonderschroef.png\" \/>\n\t<meta property=\"og:image:width\" content=\"710\" \/>\n\t<meta property=\"og:image:height\" content=\"710\" \/>\n\t<meta property=\"og:image:type\" content=\"image\/png\" \/>\n<meta name=\"twitter:card\" content=\"summary_large_image\" \/>\n<meta name=\"twitter:label1\" content=\"Dur\u00e9e de lecture estim\u00e9e\" \/>\n\t<meta name=\"twitter:data1\" content=\"2 minutes\" \/>\n<script type=\"application\/ld+json\" class=\"yoast-schema-graph\">{\"@context\":\"https:\/\/schema.org\",\"@graph\":[{\"@type\":\"WebPage\",\"@id\":\"https:\/\/schroevendump.nl\/fr\/produit\/vis-de-terrasse-en-acier-inoxydable-410-4-0-x-50-200pcs-tx-15\/\",\"url\":\"https:\/\/schroevendump.nl\/fr\/produit\/vis-de-terrasse-en-acier-inoxydable-410-4-0-x-50-200pcs-tx-15\/\",\"name\":\"Vis de terrasse en acier inoxydable 410 4.0 x 50 200pcs TX-15 - Schroevendump\",\"isPartOf\":{\"@id\":\"https:\/\/schroevendump.nl\/fr\/#website\"},\"primaryImageOfPage\":{\"@id\":\"https:\/\/schroevendump.nl\/fr\/produit\/vis-de-terrasse-en-acier-inoxydable-410-4-0-x-50-200pcs-tx-15\/#primaryimage\"},\"image\":{\"@id\":\"https:\/\/schroevendump.nl\/fr\/produit\/vis-de-terrasse-en-acier-inoxydable-410-4-0-x-50-200pcs-tx-15\/#primaryimage\"},\"thumbnailUrl\":\"https:\/\/schroevendump.nl\/wp-content\/uploads\/2024\/08\/827-vlonderschroef.png\",\"datePublished\":\"2024-10-24T19:29:37+00:00\",\"dateModified\":\"2025-12-10T11:12:10+00:00\",\"breadcrumb\":{\"@id\":\"https:\/\/schroevendump.nl\/fr\/produit\/vis-de-terrasse-en-acier-inoxydable-410-4-0-x-50-200pcs-tx-15\/#breadcrumb\"},\"inLanguage\":\"fr-FR\",\"potentialAction\":[{\"@type\":\"ReadAction\",\"target\":[\"https:\/\/schroevendump.nl\/fr\/produit\/vis-de-terrasse-en-acier-inoxydable-410-4-0-x-50-200pcs-tx-15\/\"]}]},{\"@type\":\"ImageObject\",\"inLanguage\":\"fr-FR\",\"@id\":\"https:\/\/schroevendump.nl\/fr\/produit\/vis-de-terrasse-en-acier-inoxydable-410-4-0-x-50-200pcs-tx-15\/#primaryimage\",\"url\":\"https:\/\/schroevendump.nl\/wp-content\/uploads\/2024\/08\/827-vlonderschroef.png\",\"contentUrl\":\"https:\/\/schroevendump.nl\/wp-content\/uploads\/2024\/08\/827-vlonderschroef.png\",\"width\":710,\"height\":710,\"caption\":\"vis visseuse acier inoxydable410\"},{\"@type\":\"BreadcrumbList\",\"@id\":\"https:\/\/schroevendump.nl\/fr\/produit\/vis-de-terrasse-en-acier-inoxydable-410-4-0-x-50-200pcs-tx-15\/#breadcrumb\",\"itemListElement\":[{\"@type\":\"ListItem\",\"position\":1,\"name\":\"Accueil\",\"item\":\"https:\/\/schroevendump.nl\/fr\/\"},{\"@type\":\"ListItem\",\"position\":2,\"name\":\"Boutique\",\"item\":\"https:\/\/schroevendump.nl\/fr\/boutique\/\"},{\"@type\":\"ListItem\",\"position\":3,\"name\":\"Vis de terrasse en acier inoxydable 410 4.0 x 50 200pcs TX-15\"}]},{\"@type\":\"WebSite\",\"@id\":\"https:\/\/schroevendump.nl\/fr\/#website\",\"url\":\"https:\/\/schroevendump.nl\/fr\/\",\"name\":\"Schroevendump\",\"description\":\"\",\"potentialAction\":[{\"@type\":\"SearchAction\",\"target\":{\"@type\":\"EntryPoint\",\"urlTemplate\":\"https:\/\/schroevendump.nl\/fr\/?s={search_term_string}\"},\"query-input\":{\"@type\":\"PropertyValueSpecification\",\"valueRequired\":true,\"valueName\":\"search_term_string\"}}],\"inLanguage\":\"fr-FR\"}]}<\/script>\n<!-- \/ Yoast SEO plugin. -->","yoast_head_json":{"title":"Vis de terrasse en acier inoxydable 410 4.0 x 50 200pcs TX-15 - Schroevendump","robots":{"index":"index","follow":"follow","max-snippet":"max-snippet:-1","max-image-preview":"max-image-preview:large","max-video-preview":"max-video-preview:-1"},"canonical":"https:\/\/schroevendump.nl\/fr\/produit\/vis-de-terrasse-en-acier-inoxydable-410-4-0-x-50-200pcs-tx-15\/","og_locale":"fr_FR","og_type":"article","og_title":"Vis de terrasse en acier inoxydable 410 4.0 x 50 200pcs TX-15 - Schroevendump","og_description":"Screwdump Vis de terrasse en acier inoxydable 410 &#8211; Flexible, solide et fiable pour les structures en bois Les vis de terrasse Screwdump, \u00e9galement connues sous le nom de vis pour bois dur, sont sp\u00e9cialement con\u00e7ues pour la fixation solide de bois dur lors de la construction de terrasses, de planches de rive, de balustrades [&hellip;]","og_url":"https:\/\/schroevendump.nl\/fr\/produit\/vis-de-terrasse-en-acier-inoxydable-410-4-0-x-50-200pcs-tx-15\/","og_site_name":"Schroevendump","article_modified_time":"2025-12-10T11:12:10+00:00","og_image":[{"width":710,"height":710,"url":"https:\/\/schroevendump.nl\/wp-content\/uploads\/2024\/08\/827-vlonderschroef.png","type":"image\/png"}],"twitter_card":"summary_large_image","twitter_misc":{"Dur\u00e9e de lecture estim\u00e9e":"2 minutes"},"schema":{"@context":"https:\/\/schema.org","@graph":[{"@type":"WebPage","@id":"https:\/\/schroevendump.nl\/fr\/produit\/vis-de-terrasse-en-acier-inoxydable-410-4-0-x-50-200pcs-tx-15\/","url":"https:\/\/schroevendump.nl\/fr\/produit\/vis-de-terrasse-en-acier-inoxydable-410-4-0-x-50-200pcs-tx-15\/","name":"Vis de terrasse en acier inoxydable 410 4.0 x 50 200pcs TX-15 - Schroevendump","isPartOf":{"@id":"https:\/\/schroevendump.nl\/fr\/#website"},"primaryImageOfPage":{"@id":"https:\/\/schroevendump.nl\/fr\/produit\/vis-de-terrasse-en-acier-inoxydable-410-4-0-x-50-200pcs-tx-15\/#primaryimage"},"image":{"@id":"https:\/\/schroevendump.nl\/fr\/produit\/vis-de-terrasse-en-acier-inoxydable-410-4-0-x-50-200pcs-tx-15\/#primaryimage"},"thumbnailUrl":"https:\/\/schroevendump.nl\/wp-content\/uploads\/2024\/08\/827-vlonderschroef.png","datePublished":"2024-10-24T19:29:37+00:00","dateModified":"2025-12-10T11:12:10+00:00","breadcrumb":{"@id":"https:\/\/schroevendump.nl\/fr\/produit\/vis-de-terrasse-en-acier-inoxydable-410-4-0-x-50-200pcs-tx-15\/#breadcrumb"},"inLanguage":"fr-FR","potentialAction":[{"@type":"ReadAction","target":["https:\/\/schroevendump.nl\/fr\/produit\/vis-de-terrasse-en-acier-inoxydable-410-4-0-x-50-200pcs-tx-15\/"]}]},{"@type":"ImageObject","inLanguage":"fr-FR","@id":"https:\/\/schroevendump.nl\/fr\/produit\/vis-de-terrasse-en-acier-inoxydable-410-4-0-x-50-200pcs-tx-15\/#primaryimage","url":"https:\/\/schroevendump.nl\/wp-content\/uploads\/2024\/08\/827-vlonderschroef.png","contentUrl":"https:\/\/schroevendump.nl\/wp-content\/uploads\/2024\/08\/827-vlonderschroef.png","width":710,"height":710,"caption":"vis visseuse acier inoxydable410"},{"@type":"BreadcrumbList","@id":"https:\/\/schroevendump.nl\/fr\/produit\/vis-de-terrasse-en-acier-inoxydable-410-4-0-x-50-200pcs-tx-15\/#breadcrumb","itemListElement":[{"@type":"ListItem","position":1,"name":"Accueil","item":"https:\/\/schroevendump.nl\/fr\/"},{"@type":"ListItem","position":2,"name":"Boutique","item":"https:\/\/schroevendump.nl\/fr\/boutique\/"},{"@type":"ListItem","position":3,"name":"Vis de terrasse en acier inoxydable 410 4.0 x 50 200pcs TX-15"}]},{"@type":"WebSite","@id":"https:\/\/schroevendump.nl\/fr\/#website","url":"https:\/\/schroevendump.nl\/fr\/","name":"Schroevendump","description":"","potentialAction":[{"@type":"SearchAction","target":{"@type":"EntryPoint","urlTemplate":"https:\/\/schroevendump.nl\/fr\/?s={search_term_string}"},"query-input":{"@type":"PropertyValueSpecification","valueRequired":true,"valueName":"search_term_string"}}],"inLanguage":"fr-FR"}]}},"_links":{"self":[{"href":"https:\/\/schroevendump.nl\/fr\/wp-json\/wp\/v2\/product\/28957","targetHints":{"allow":["GET"]}}],"collection":[{"href":"https:\/\/schroevendump.nl\/fr\/wp-json\/wp\/v2\/product"}],"about":[{"href":"https:\/\/schroevendump.nl\/fr\/wp-json\/wp\/v2\/types\/product"}],"replies":[{"embeddable":true,"href":"https:\/\/schroevendump.nl\/fr\/wp-json\/wp\/v2\/comments?post=28957"}],"wp:featuredmedia":[{"embeddable":true,"href":"https:\/\/schroevendump.nl\/fr\/wp-json\/wp\/v2\/media\/27253"}],"wp:attachment":[{"href":"https:\/\/schroevendump.nl\/fr\/wp-json\/wp\/v2\/media?parent=28957"}],"wp:term":[{"taxonomy":"product_brand","embeddable":true,"href":"https:\/\/schroevendump.nl\/fr\/wp-json\/wp\/v2\/product_brand?post=28957"},{"taxonomy":"product_cat","embeddable":true,"href":"https:\/\/schroevendump.nl\/fr\/wp-json\/wp\/v2\/product_cat?post=28957"},{"taxonomy":"product_tag","embeddable":true,"href":"https:\/\/schroevendump.nl\/fr\/wp-json\/wp\/v2\/product_tag?post=28957"}],"curies":[{"name":"wp","href":"https:\/\/api.w.org\/{rel}","templated":true}]}}