{"id":29064,"date":"2024-11-16T16:01:08","date_gmt":"2024-11-16T16:01:08","guid":{"rendered":"https:\/\/schroevendump.nl\/product\/schroevendump-vis-a-placo-ph2-a-gros-filet-42-x-65-1000-pieces\/"},"modified":"2025-12-10T11:18:40","modified_gmt":"2025-12-10T11:18:40","slug":"schroevendump-vis-a-placo-ph2-a-gros-filet-42-x-65-1000-pieces","status":"publish","type":"product","link":"https:\/\/schroevendump.nl\/fr\/produit\/schroevendump-vis-a-placo-ph2-a-gros-filet-42-x-65-1000-pieces\/","title":{"rendered":"Schroevendump vis \u00e0 placo PH2 \u00e0 gros filet 4,2 x 65 1000 pi\u00e8ces"},"content":{"rendered":"<p>Une construction en lattes de bois (montants) peut \u00e9galement \u00eatre utilis\u00e9e pour fixer des plaques de pl\u00e2tre. Pour ce faire, il est pr\u00e9f\u00e9rable d&#8217;utiliser des vis \u00e0 placopl\u00e2tre \u00e0 gros filetage.<br \/>\nLa vis \u00e0 placopl\u00e2tre, \u00e9galement appel\u00e9e vis \u00e0 construction rapide, est une vis phosphat\u00e9e noire munie d&#8217;une t\u00eate en trompette pour \u00e9viter d&#8217;endommager la plaque de pl\u00e2tre.<br \/>\nLa vis phosphat\u00e9e est excellente pour la finition avec un produit de finition murale tel que le stuc ou la peinture murale au latex, et elle est r\u00e9sistante \u00e0 la corrosion (test au brouillard salin de 48 heures).<br \/>\nCette vis pour cloisons s\u00e8ches a un filetage grossier qui la rend adapt\u00e9e \u00e0 la fixation de cloisons s\u00e8ches contre des lattes en bois. Le filet grossier s&#8217;accroche tr\u00e8s bien dans le bois et se tourne facilement et, surtout, rapidement. Un embout Phillips n\u00b0 2 est utilis\u00e9 \u00e0 cet effet.    Il s&#8217;agit \u00e9galement d&#8217;une m\u00e8che \u00e0 t\u00eate crois\u00e9e.<\/p>\n","protected":false},"excerpt":{"rendered":"<p>Une construction en lattes de bois (montants) peut \u00e9galement \u00eatre utilis\u00e9e pour fixer des plaques de pl\u00e2tre. Pour ce faire, il est pr\u00e9f\u00e9rable d&#8217;utiliser des vis \u00e0 placopl\u00e2tre \u00e0 gros filetage. La vis \u00e0 placopl\u00e2tre, \u00e9galement appel\u00e9e vis \u00e0 construction rapide, est une vis phosphat\u00e9e noire munie d&#8217;une t\u00eate en trompette pour \u00e9viter d&#8217;endommager la [&hellip;]<\/p>\n","protected":false},"featured_media":26694,"comment_status":"open","ping_status":"closed","template":"","meta":[],"product_brand":[],"product_cat":[459],"product_tag":[],"class_list":{"0":"post-29064","1":"product","2":"type-product","3":"status-publish","4":"has-post-thumbnail","6":"product_cat-vis-pour-placo","7":"pa_draad-filetage-complet","9":"first","10":"instock","11":"taxable","12":"shipping-taxable","13":"purchasable","14":"product-type-simple"},"supplier_id":null,"supplier_sku":"","barcode":null,"atum_controlled":true,"out_stock_date":null,"out_stock_threshold":null,"inheritable":false,"inbound_stock":0,"stock_on_hold":0,"sold_today":0,"sales_last_days":0,"reserved_stock":0,"customer_returns":0,"warehouse_damage":0,"lost_in_post":0,"other_logs":0,"out_stock_days":0,"lost_sales":0,"has_location":false,"update_date":"2026-04-14T00:59:28","atum_locations":[],"atum_stock_status":"instock","restock_status":false,"low_stock_amount":"","sales_update_date":"2026-04-14T00:59:28","calc_backorders":null,"acf":[],"yoast_head":"<!-- This site is optimized with the Yoast SEO plugin v26.6 - https:\/\/yoast.com\/wordpress\/plugins\/seo\/ -->\n<title>Schroevendump vis \u00e0 placo PH2 \u00e0 gros filet 4,2 x 65 1000 pi\u00e8ces - Schroevendump<\/title>\n<meta name=\"robots\" content=\"index, follow, max-snippet:-1, max-image-preview:large, max-video-preview:-1\" \/>\n<link rel=\"canonical\" href=\"https:\/\/schroevendump.nl\/fr\/produit\/schroevendump-vis-a-placo-ph2-a-gros-filet-42-x-65-1000-pieces\/\" \/>\n<meta property=\"og:locale\" content=\"fr_FR\" \/>\n<meta property=\"og:type\" content=\"article\" \/>\n<meta property=\"og:title\" content=\"Schroevendump vis \u00e0 placo PH2 \u00e0 gros filet 4,2 x 65 1000 pi\u00e8ces - Schroevendump\" \/>\n<meta property=\"og:description\" content=\"Une construction en lattes de bois (montants) peut \u00e9galement \u00eatre utilis\u00e9e pour fixer des plaques de pl\u00e2tre. Pour ce faire, il est pr\u00e9f\u00e9rable d&#8217;utiliser des vis \u00e0 placopl\u00e2tre \u00e0 gros filetage. La vis \u00e0 placopl\u00e2tre, \u00e9galement appel\u00e9e vis \u00e0 construction rapide, est une vis phosphat\u00e9e noire munie d&#8217;une t\u00eate en trompette pour \u00e9viter d&#8217;endommager la [&hellip;]\" \/>\n<meta property=\"og:url\" content=\"https:\/\/schroevendump.nl\/fr\/produit\/schroevendump-vis-a-placo-ph2-a-gros-filet-42-x-65-1000-pieces\/\" \/>\n<meta property=\"og:site_name\" content=\"Schroevendump\" \/>\n<meta property=\"article:modified_time\" content=\"2025-12-10T11:18:40+00:00\" \/>\n<meta property=\"og:image\" content=\"https:\/\/schroevendump.nl\/wp-content\/uploads\/2024\/08\/831-snelbouwschroef-fijne-draad-type-S-VD.png\" \/>\n\t<meta property=\"og:image:width\" content=\"710\" \/>\n\t<meta property=\"og:image:height\" content=\"710\" \/>\n\t<meta property=\"og:image:type\" content=\"image\/png\" \/>\n<meta name=\"twitter:card\" content=\"summary_large_image\" \/>\n<meta name=\"twitter:label1\" content=\"Dur\u00e9e de lecture estim\u00e9e\" \/>\n\t<meta name=\"twitter:data1\" content=\"1 minute\" \/>\n<script type=\"application\/ld+json\" class=\"yoast-schema-graph\">{\"@context\":\"https:\/\/schema.org\",\"@graph\":[{\"@type\":\"WebPage\",\"@id\":\"https:\/\/schroevendump.nl\/fr\/produit\/schroevendump-vis-a-placo-ph2-a-gros-filet-42-x-65-1000-pieces\/\",\"url\":\"https:\/\/schroevendump.nl\/fr\/produit\/schroevendump-vis-a-placo-ph2-a-gros-filet-42-x-65-1000-pieces\/\",\"name\":\"Schroevendump vis \u00e0 placo PH2 \u00e0 gros filet 4,2 x 65 1000 pi\u00e8ces - Schroevendump\",\"isPartOf\":{\"@id\":\"https:\/\/schroevendump.nl\/fr\/#website\"},\"primaryImageOfPage\":{\"@id\":\"https:\/\/schroevendump.nl\/fr\/produit\/schroevendump-vis-a-placo-ph2-a-gros-filet-42-x-65-1000-pieces\/#primaryimage\"},\"image\":{\"@id\":\"https:\/\/schroevendump.nl\/fr\/produit\/schroevendump-vis-a-placo-ph2-a-gros-filet-42-x-65-1000-pieces\/#primaryimage\"},\"thumbnailUrl\":\"https:\/\/schroevendump.nl\/wp-content\/uploads\/2024\/08\/831-snelbouwschroef-fijne-draad-type-S-VD.png\",\"datePublished\":\"2024-11-16T16:01:08+00:00\",\"dateModified\":\"2025-12-10T11:18:40+00:00\",\"breadcrumb\":{\"@id\":\"https:\/\/schroevendump.nl\/fr\/produit\/schroevendump-vis-a-placo-ph2-a-gros-filet-42-x-65-1000-pieces\/#breadcrumb\"},\"inLanguage\":\"fr-FR\",\"potentialAction\":[{\"@type\":\"ReadAction\",\"target\":[\"https:\/\/schroevendump.nl\/fr\/produit\/schroevendump-vis-a-placo-ph2-a-gros-filet-42-x-65-1000-pieces\/\"]}]},{\"@type\":\"ImageObject\",\"inLanguage\":\"fr-FR\",\"@id\":\"https:\/\/schroevendump.nl\/fr\/produit\/schroevendump-vis-a-placo-ph2-a-gros-filet-42-x-65-1000-pieces\/#primaryimage\",\"url\":\"https:\/\/schroevendump.nl\/wp-content\/uploads\/2024\/08\/831-snelbouwschroef-fijne-draad-type-S-VD.png\",\"contentUrl\":\"https:\/\/schroevendump.nl\/wp-content\/uploads\/2024\/08\/831-snelbouwschroef-fijne-draad-type-S-VD.png\",\"width\":710,\"height\":710},{\"@type\":\"BreadcrumbList\",\"@id\":\"https:\/\/schroevendump.nl\/fr\/produit\/schroevendump-vis-a-placo-ph2-a-gros-filet-42-x-65-1000-pieces\/#breadcrumb\",\"itemListElement\":[{\"@type\":\"ListItem\",\"position\":1,\"name\":\"Accueil\",\"item\":\"https:\/\/schroevendump.nl\/fr\/\"},{\"@type\":\"ListItem\",\"position\":2,\"name\":\"Boutique\",\"item\":\"https:\/\/schroevendump.nl\/fr\/boutique\/\"},{\"@type\":\"ListItem\",\"position\":3,\"name\":\"Schroevendump vis \u00e0 placo PH2 \u00e0 gros filet 4,2 x 65 1000 pi\u00e8ces\"}]},{\"@type\":\"WebSite\",\"@id\":\"https:\/\/schroevendump.nl\/fr\/#website\",\"url\":\"https:\/\/schroevendump.nl\/fr\/\",\"name\":\"Schroevendump\",\"description\":\"\",\"potentialAction\":[{\"@type\":\"SearchAction\",\"target\":{\"@type\":\"EntryPoint\",\"urlTemplate\":\"https:\/\/schroevendump.nl\/fr\/?s={search_term_string}\"},\"query-input\":{\"@type\":\"PropertyValueSpecification\",\"valueRequired\":true,\"valueName\":\"search_term_string\"}}],\"inLanguage\":\"fr-FR\"}]}<\/script>\n<!-- \/ Yoast SEO plugin. -->","yoast_head_json":{"title":"Schroevendump vis \u00e0 placo PH2 \u00e0 gros filet 4,2 x 65 1000 pi\u00e8ces - Schroevendump","robots":{"index":"index","follow":"follow","max-snippet":"max-snippet:-1","max-image-preview":"max-image-preview:large","max-video-preview":"max-video-preview:-1"},"canonical":"https:\/\/schroevendump.nl\/fr\/produit\/schroevendump-vis-a-placo-ph2-a-gros-filet-42-x-65-1000-pieces\/","og_locale":"fr_FR","og_type":"article","og_title":"Schroevendump vis \u00e0 placo PH2 \u00e0 gros filet 4,2 x 65 1000 pi\u00e8ces - Schroevendump","og_description":"Une construction en lattes de bois (montants) peut \u00e9galement \u00eatre utilis\u00e9e pour fixer des plaques de pl\u00e2tre. Pour ce faire, il est pr\u00e9f\u00e9rable d&#8217;utiliser des vis \u00e0 placopl\u00e2tre \u00e0 gros filetage. La vis \u00e0 placopl\u00e2tre, \u00e9galement appel\u00e9e vis \u00e0 construction rapide, est une vis phosphat\u00e9e noire munie d&#8217;une t\u00eate en trompette pour \u00e9viter d&#8217;endommager la [&hellip;]","og_url":"https:\/\/schroevendump.nl\/fr\/produit\/schroevendump-vis-a-placo-ph2-a-gros-filet-42-x-65-1000-pieces\/","og_site_name":"Schroevendump","article_modified_time":"2025-12-10T11:18:40+00:00","og_image":[{"width":710,"height":710,"url":"https:\/\/schroevendump.nl\/wp-content\/uploads\/2024\/08\/831-snelbouwschroef-fijne-draad-type-S-VD.png","type":"image\/png"}],"twitter_card":"summary_large_image","twitter_misc":{"Dur\u00e9e de lecture estim\u00e9e":"1 minute"},"schema":{"@context":"https:\/\/schema.org","@graph":[{"@type":"WebPage","@id":"https:\/\/schroevendump.nl\/fr\/produit\/schroevendump-vis-a-placo-ph2-a-gros-filet-42-x-65-1000-pieces\/","url":"https:\/\/schroevendump.nl\/fr\/produit\/schroevendump-vis-a-placo-ph2-a-gros-filet-42-x-65-1000-pieces\/","name":"Schroevendump vis \u00e0 placo PH2 \u00e0 gros filet 4,2 x 65 1000 pi\u00e8ces - Schroevendump","isPartOf":{"@id":"https:\/\/schroevendump.nl\/fr\/#website"},"primaryImageOfPage":{"@id":"https:\/\/schroevendump.nl\/fr\/produit\/schroevendump-vis-a-placo-ph2-a-gros-filet-42-x-65-1000-pieces\/#primaryimage"},"image":{"@id":"https:\/\/schroevendump.nl\/fr\/produit\/schroevendump-vis-a-placo-ph2-a-gros-filet-42-x-65-1000-pieces\/#primaryimage"},"thumbnailUrl":"https:\/\/schroevendump.nl\/wp-content\/uploads\/2024\/08\/831-snelbouwschroef-fijne-draad-type-S-VD.png","datePublished":"2024-11-16T16:01:08+00:00","dateModified":"2025-12-10T11:18:40+00:00","breadcrumb":{"@id":"https:\/\/schroevendump.nl\/fr\/produit\/schroevendump-vis-a-placo-ph2-a-gros-filet-42-x-65-1000-pieces\/#breadcrumb"},"inLanguage":"fr-FR","potentialAction":[{"@type":"ReadAction","target":["https:\/\/schroevendump.nl\/fr\/produit\/schroevendump-vis-a-placo-ph2-a-gros-filet-42-x-65-1000-pieces\/"]}]},{"@type":"ImageObject","inLanguage":"fr-FR","@id":"https:\/\/schroevendump.nl\/fr\/produit\/schroevendump-vis-a-placo-ph2-a-gros-filet-42-x-65-1000-pieces\/#primaryimage","url":"https:\/\/schroevendump.nl\/wp-content\/uploads\/2024\/08\/831-snelbouwschroef-fijne-draad-type-S-VD.png","contentUrl":"https:\/\/schroevendump.nl\/wp-content\/uploads\/2024\/08\/831-snelbouwschroef-fijne-draad-type-S-VD.png","width":710,"height":710},{"@type":"BreadcrumbList","@id":"https:\/\/schroevendump.nl\/fr\/produit\/schroevendump-vis-a-placo-ph2-a-gros-filet-42-x-65-1000-pieces\/#breadcrumb","itemListElement":[{"@type":"ListItem","position":1,"name":"Accueil","item":"https:\/\/schroevendump.nl\/fr\/"},{"@type":"ListItem","position":2,"name":"Boutique","item":"https:\/\/schroevendump.nl\/fr\/boutique\/"},{"@type":"ListItem","position":3,"name":"Schroevendump vis \u00e0 placo PH2 \u00e0 gros filet 4,2 x 65 1000 pi\u00e8ces"}]},{"@type":"WebSite","@id":"https:\/\/schroevendump.nl\/fr\/#website","url":"https:\/\/schroevendump.nl\/fr\/","name":"Schroevendump","description":"","potentialAction":[{"@type":"SearchAction","target":{"@type":"EntryPoint","urlTemplate":"https:\/\/schroevendump.nl\/fr\/?s={search_term_string}"},"query-input":{"@type":"PropertyValueSpecification","valueRequired":true,"valueName":"search_term_string"}}],"inLanguage":"fr-FR"}]}},"_links":{"self":[{"href":"https:\/\/schroevendump.nl\/fr\/wp-json\/wp\/v2\/product\/29064","targetHints":{"allow":["GET"]}}],"collection":[{"href":"https:\/\/schroevendump.nl\/fr\/wp-json\/wp\/v2\/product"}],"about":[{"href":"https:\/\/schroevendump.nl\/fr\/wp-json\/wp\/v2\/types\/product"}],"replies":[{"embeddable":true,"href":"https:\/\/schroevendump.nl\/fr\/wp-json\/wp\/v2\/comments?post=29064"}],"wp:featuredmedia":[{"embeddable":true,"href":"https:\/\/schroevendump.nl\/fr\/wp-json\/wp\/v2\/media\/26694"}],"wp:attachment":[{"href":"https:\/\/schroevendump.nl\/fr\/wp-json\/wp\/v2\/media?parent=29064"}],"wp:term":[{"taxonomy":"product_brand","embeddable":true,"href":"https:\/\/schroevendump.nl\/fr\/wp-json\/wp\/v2\/product_brand?post=29064"},{"taxonomy":"product_cat","embeddable":true,"href":"https:\/\/schroevendump.nl\/fr\/wp-json\/wp\/v2\/product_cat?post=29064"},{"taxonomy":"product_tag","embeddable":true,"href":"https:\/\/schroevendump.nl\/fr\/wp-json\/wp\/v2\/product_tag?post=29064"}],"curies":[{"name":"wp","href":"https:\/\/api.w.org\/{rel}","templated":true}]}}