{"id":29092,"date":"2024-11-16T19:16:45","date_gmt":"2024-11-16T19:16:45","guid":{"rendered":"https:\/\/schroevendump.nl\/product\/schroevendump-vis-a-bande-vis-a-fixation-rapide-filetage-grossier-39-x-35-1000-pieces\/"},"modified":"2025-12-12T10:27:11","modified_gmt":"2025-12-12T10:27:11","slug":"schroevendump-vis-a-bande-vis-a-fixation-rapide-filetage-grossier-39-x-35-1000-pieces","status":"publish","type":"product","link":"https:\/\/schroevendump.nl\/fr\/produit\/schroevendump-vis-a-bande-vis-a-fixation-rapide-filetage-grossier-39-x-35-1000-pieces\/","title":{"rendered":"Schroevendump vis \u00e0 bande\/vis \u00e0 fixation rapide filetage grossier 3,9 x 35 1000 pi\u00e8ces"},"content":{"rendered":"<p>Screwdump Vis de fixation \u00e0 bande \u00e0 gros filets pour l&#8217;usinage automatique de plaques de pl\u00e2tre contre des lattes de bois.<\/p>\n<p>Le filetage grossier a une excellente prise dans le bois et se tourne facilement et, surtout, rapidement. Les vis de fixation professionnelles sont log\u00e9es dans une bande plastique de haute qualit\u00e9 pour des r\u00e9sultats sans probl\u00e8me, et sont dot\u00e9es d&#8217;un entra\u00eenement PH-2. Convient \u00e0 toutes les marques courantes de tournevis \u00e0 courroie \/ tournevis.  <\/p>\n<p><b>Test de 96 heures au brouillard sal<\/b>in<br \/>\nLes vis de sangle ont \u00e9galement pass\u00e9 un test de 96 heures au brouillard salin, garantissant des ann\u00e9es de r\u00e9sistance \u00e0 la corrosion. C&#8217;est la seule vis sur le march\u00e9 \u00e0 avoir pass\u00e9 ce test de 96 heures au brouillard salin. <\/p>\n<p>La vis \u00e0 feuillard phosphat\u00e9e est excellente pour la finition avec un produit de finition murale tel que le stuc ou la peinture murale au latex.<\/p>\n<p><b>Application<\/b><br \/>\nFixation par visseuse de plaques de pl\u00e2tre sur bois<br \/>\nPour usage int\u00e9rieur<br \/>\nPour utilisation avec visseuse \u00e0 courroie \/ visseuse automatique<\/p>\n","protected":false},"excerpt":{"rendered":"<p>Screwdump Vis de fixation \u00e0 bande \u00e0 gros filets pour l&#8217;usinage automatique de plaques de pl\u00e2tre contre des lattes de bois. Le filetage grossier a une excellente prise dans le bois et se tourne facilement et, surtout, rapidement. Les vis de fixation professionnelles sont log\u00e9es dans une bande plastique de haute qualit\u00e9 pour des r\u00e9sultats [&hellip;]<\/p>\n","protected":false},"featured_media":26703,"comment_status":"closed","ping_status":"closed","template":"","meta":[],"product_brand":[],"product_cat":[464],"product_tag":[],"class_list":{"0":"post-29092","1":"product","2":"type-product","3":"status-publish","4":"has-post-thumbnail","6":"product_cat-vis-pour-plaques-de-platre-sur-bande","7":"pa_draad-filetage-complet","8":"pa_draad-filetage-grossier","10":"first","11":"instock","12":"sale","13":"taxable","14":"shipping-taxable","15":"purchasable","16":"product-type-simple"},"supplier_id":null,"supplier_sku":"","barcode":null,"atum_controlled":true,"out_stock_date":null,"out_stock_threshold":null,"inheritable":false,"inbound_stock":0,"stock_on_hold":0,"sold_today":0,"sales_last_days":71,"reserved_stock":0,"customer_returns":0,"warehouse_damage":0,"lost_in_post":0,"other_logs":0,"out_stock_days":0,"lost_sales":0,"has_location":false,"update_date":"2026-04-18T09:59:01","atum_locations":[],"atum_stock_status":"instock","restock_status":false,"low_stock_amount":"","sales_update_date":"2026-04-18T09:59:01","calc_backorders":null,"acf":[],"yoast_head":"<!-- This site is optimized with the Yoast SEO plugin v26.6 - https:\/\/yoast.com\/wordpress\/plugins\/seo\/ -->\n<title>Schroevendump vis \u00e0 bande\/vis \u00e0 fixation rapide filetage grossier 3,9 x 35 1000 pi\u00e8ces - Schroevendump<\/title>\n<meta name=\"robots\" content=\"index, follow, max-snippet:-1, max-image-preview:large, max-video-preview:-1\" \/>\n<link rel=\"canonical\" href=\"https:\/\/schroevendump.nl\/fr\/produit\/schroevendump-vis-a-bande-vis-a-fixation-rapide-filetage-grossier-39-x-35-1000-pieces\/\" \/>\n<meta property=\"og:locale\" content=\"fr_FR\" \/>\n<meta property=\"og:type\" content=\"article\" \/>\n<meta property=\"og:title\" content=\"Schroevendump vis \u00e0 bande\/vis \u00e0 fixation rapide filetage grossier 3,9 x 35 1000 pi\u00e8ces - Schroevendump\" \/>\n<meta property=\"og:description\" content=\"Screwdump Vis de fixation \u00e0 bande \u00e0 gros filets pour l&#8217;usinage automatique de plaques de pl\u00e2tre contre des lattes de bois. Le filetage grossier a une excellente prise dans le bois et se tourne facilement et, surtout, rapidement. Les vis de fixation professionnelles sont log\u00e9es dans une bande plastique de haute qualit\u00e9 pour des r\u00e9sultats [&hellip;]\" \/>\n<meta property=\"og:url\" content=\"https:\/\/schroevendump.nl\/fr\/produit\/schroevendump-vis-a-bande-vis-a-fixation-rapide-filetage-grossier-39-x-35-1000-pieces\/\" \/>\n<meta property=\"og:site_name\" content=\"Schroevendump\" \/>\n<meta property=\"article:modified_time\" content=\"2025-12-12T10:27:11+00:00\" \/>\n<meta property=\"og:image\" content=\"https:\/\/schroevendump.nl\/wp-content\/uploads\/2024\/08\/838-bandschroef-grove-draad-type-C.png\" \/>\n\t<meta property=\"og:image:width\" content=\"710\" \/>\n\t<meta property=\"og:image:height\" content=\"710\" \/>\n\t<meta property=\"og:image:type\" content=\"image\/png\" \/>\n<meta name=\"twitter:card\" content=\"summary_large_image\" \/>\n<meta name=\"twitter:label1\" content=\"Dur\u00e9e de lecture estim\u00e9e\" \/>\n\t<meta name=\"twitter:data1\" content=\"1 minute\" \/>\n<script type=\"application\/ld+json\" class=\"yoast-schema-graph\">{\"@context\":\"https:\/\/schema.org\",\"@graph\":[{\"@type\":\"WebPage\",\"@id\":\"https:\/\/schroevendump.nl\/fr\/produit\/schroevendump-vis-a-bande-vis-a-fixation-rapide-filetage-grossier-39-x-35-1000-pieces\/\",\"url\":\"https:\/\/schroevendump.nl\/fr\/produit\/schroevendump-vis-a-bande-vis-a-fixation-rapide-filetage-grossier-39-x-35-1000-pieces\/\",\"name\":\"Schroevendump vis \u00e0 bande\/vis \u00e0 fixation rapide filetage grossier 3,9 x 35 1000 pi\u00e8ces - Schroevendump\",\"isPartOf\":{\"@id\":\"https:\/\/schroevendump.nl\/fr\/#website\"},\"primaryImageOfPage\":{\"@id\":\"https:\/\/schroevendump.nl\/fr\/produit\/schroevendump-vis-a-bande-vis-a-fixation-rapide-filetage-grossier-39-x-35-1000-pieces\/#primaryimage\"},\"image\":{\"@id\":\"https:\/\/schroevendump.nl\/fr\/produit\/schroevendump-vis-a-bande-vis-a-fixation-rapide-filetage-grossier-39-x-35-1000-pieces\/#primaryimage\"},\"thumbnailUrl\":\"https:\/\/schroevendump.nl\/wp-content\/uploads\/2024\/08\/838-bandschroef-grove-draad-type-C.png\",\"datePublished\":\"2024-11-16T19:16:45+00:00\",\"dateModified\":\"2025-12-12T10:27:11+00:00\",\"breadcrumb\":{\"@id\":\"https:\/\/schroevendump.nl\/fr\/produit\/schroevendump-vis-a-bande-vis-a-fixation-rapide-filetage-grossier-39-x-35-1000-pieces\/#breadcrumb\"},\"inLanguage\":\"fr-FR\",\"potentialAction\":[{\"@type\":\"ReadAction\",\"target\":[\"https:\/\/schroevendump.nl\/fr\/produit\/schroevendump-vis-a-bande-vis-a-fixation-rapide-filetage-grossier-39-x-35-1000-pieces\/\"]}]},{\"@type\":\"ImageObject\",\"inLanguage\":\"fr-FR\",\"@id\":\"https:\/\/schroevendump.nl\/fr\/produit\/schroevendump-vis-a-bande-vis-a-fixation-rapide-filetage-grossier-39-x-35-1000-pieces\/#primaryimage\",\"url\":\"https:\/\/schroevendump.nl\/wp-content\/uploads\/2024\/08\/838-bandschroef-grove-draad-type-C.png\",\"contentUrl\":\"https:\/\/schroevendump.nl\/wp-content\/uploads\/2024\/08\/838-bandschroef-grove-draad-type-C.png\",\"width\":710,\"height\":710},{\"@type\":\"BreadcrumbList\",\"@id\":\"https:\/\/schroevendump.nl\/fr\/produit\/schroevendump-vis-a-bande-vis-a-fixation-rapide-filetage-grossier-39-x-35-1000-pieces\/#breadcrumb\",\"itemListElement\":[{\"@type\":\"ListItem\",\"position\":1,\"name\":\"Accueil\",\"item\":\"https:\/\/schroevendump.nl\/fr\/\"},{\"@type\":\"ListItem\",\"position\":2,\"name\":\"Boutique\",\"item\":\"https:\/\/schroevendump.nl\/fr\/boutique\/\"},{\"@type\":\"ListItem\",\"position\":3,\"name\":\"Schroevendump vis \u00e0 bande\/vis \u00e0 fixation rapide filetage grossier 3,9 x 35 1000 pi\u00e8ces\"}]},{\"@type\":\"WebSite\",\"@id\":\"https:\/\/schroevendump.nl\/fr\/#website\",\"url\":\"https:\/\/schroevendump.nl\/fr\/\",\"name\":\"Schroevendump\",\"description\":\"\",\"potentialAction\":[{\"@type\":\"SearchAction\",\"target\":{\"@type\":\"EntryPoint\",\"urlTemplate\":\"https:\/\/schroevendump.nl\/fr\/?s={search_term_string}\"},\"query-input\":{\"@type\":\"PropertyValueSpecification\",\"valueRequired\":true,\"valueName\":\"search_term_string\"}}],\"inLanguage\":\"fr-FR\"}]}<\/script>\n<!-- \/ Yoast SEO plugin. -->","yoast_head_json":{"title":"Schroevendump vis \u00e0 bande\/vis \u00e0 fixation rapide filetage grossier 3,9 x 35 1000 pi\u00e8ces - Schroevendump","robots":{"index":"index","follow":"follow","max-snippet":"max-snippet:-1","max-image-preview":"max-image-preview:large","max-video-preview":"max-video-preview:-1"},"canonical":"https:\/\/schroevendump.nl\/fr\/produit\/schroevendump-vis-a-bande-vis-a-fixation-rapide-filetage-grossier-39-x-35-1000-pieces\/","og_locale":"fr_FR","og_type":"article","og_title":"Schroevendump vis \u00e0 bande\/vis \u00e0 fixation rapide filetage grossier 3,9 x 35 1000 pi\u00e8ces - Schroevendump","og_description":"Screwdump Vis de fixation \u00e0 bande \u00e0 gros filets pour l&#8217;usinage automatique de plaques de pl\u00e2tre contre des lattes de bois. Le filetage grossier a une excellente prise dans le bois et se tourne facilement et, surtout, rapidement. Les vis de fixation professionnelles sont log\u00e9es dans une bande plastique de haute qualit\u00e9 pour des r\u00e9sultats [&hellip;]","og_url":"https:\/\/schroevendump.nl\/fr\/produit\/schroevendump-vis-a-bande-vis-a-fixation-rapide-filetage-grossier-39-x-35-1000-pieces\/","og_site_name":"Schroevendump","article_modified_time":"2025-12-12T10:27:11+00:00","og_image":[{"width":710,"height":710,"url":"https:\/\/schroevendump.nl\/wp-content\/uploads\/2024\/08\/838-bandschroef-grove-draad-type-C.png","type":"image\/png"}],"twitter_card":"summary_large_image","twitter_misc":{"Dur\u00e9e de lecture estim\u00e9e":"1 minute"},"schema":{"@context":"https:\/\/schema.org","@graph":[{"@type":"WebPage","@id":"https:\/\/schroevendump.nl\/fr\/produit\/schroevendump-vis-a-bande-vis-a-fixation-rapide-filetage-grossier-39-x-35-1000-pieces\/","url":"https:\/\/schroevendump.nl\/fr\/produit\/schroevendump-vis-a-bande-vis-a-fixation-rapide-filetage-grossier-39-x-35-1000-pieces\/","name":"Schroevendump vis \u00e0 bande\/vis \u00e0 fixation rapide filetage grossier 3,9 x 35 1000 pi\u00e8ces - Schroevendump","isPartOf":{"@id":"https:\/\/schroevendump.nl\/fr\/#website"},"primaryImageOfPage":{"@id":"https:\/\/schroevendump.nl\/fr\/produit\/schroevendump-vis-a-bande-vis-a-fixation-rapide-filetage-grossier-39-x-35-1000-pieces\/#primaryimage"},"image":{"@id":"https:\/\/schroevendump.nl\/fr\/produit\/schroevendump-vis-a-bande-vis-a-fixation-rapide-filetage-grossier-39-x-35-1000-pieces\/#primaryimage"},"thumbnailUrl":"https:\/\/schroevendump.nl\/wp-content\/uploads\/2024\/08\/838-bandschroef-grove-draad-type-C.png","datePublished":"2024-11-16T19:16:45+00:00","dateModified":"2025-12-12T10:27:11+00:00","breadcrumb":{"@id":"https:\/\/schroevendump.nl\/fr\/produit\/schroevendump-vis-a-bande-vis-a-fixation-rapide-filetage-grossier-39-x-35-1000-pieces\/#breadcrumb"},"inLanguage":"fr-FR","potentialAction":[{"@type":"ReadAction","target":["https:\/\/schroevendump.nl\/fr\/produit\/schroevendump-vis-a-bande-vis-a-fixation-rapide-filetage-grossier-39-x-35-1000-pieces\/"]}]},{"@type":"ImageObject","inLanguage":"fr-FR","@id":"https:\/\/schroevendump.nl\/fr\/produit\/schroevendump-vis-a-bande-vis-a-fixation-rapide-filetage-grossier-39-x-35-1000-pieces\/#primaryimage","url":"https:\/\/schroevendump.nl\/wp-content\/uploads\/2024\/08\/838-bandschroef-grove-draad-type-C.png","contentUrl":"https:\/\/schroevendump.nl\/wp-content\/uploads\/2024\/08\/838-bandschroef-grove-draad-type-C.png","width":710,"height":710},{"@type":"BreadcrumbList","@id":"https:\/\/schroevendump.nl\/fr\/produit\/schroevendump-vis-a-bande-vis-a-fixation-rapide-filetage-grossier-39-x-35-1000-pieces\/#breadcrumb","itemListElement":[{"@type":"ListItem","position":1,"name":"Accueil","item":"https:\/\/schroevendump.nl\/fr\/"},{"@type":"ListItem","position":2,"name":"Boutique","item":"https:\/\/schroevendump.nl\/fr\/boutique\/"},{"@type":"ListItem","position":3,"name":"Schroevendump vis \u00e0 bande\/vis \u00e0 fixation rapide filetage grossier 3,9 x 35 1000 pi\u00e8ces"}]},{"@type":"WebSite","@id":"https:\/\/schroevendump.nl\/fr\/#website","url":"https:\/\/schroevendump.nl\/fr\/","name":"Schroevendump","description":"","potentialAction":[{"@type":"SearchAction","target":{"@type":"EntryPoint","urlTemplate":"https:\/\/schroevendump.nl\/fr\/?s={search_term_string}"},"query-input":{"@type":"PropertyValueSpecification","valueRequired":true,"valueName":"search_term_string"}}],"inLanguage":"fr-FR"}]}},"_links":{"self":[{"href":"https:\/\/schroevendump.nl\/fr\/wp-json\/wp\/v2\/product\/29092","targetHints":{"allow":["GET"]}}],"collection":[{"href":"https:\/\/schroevendump.nl\/fr\/wp-json\/wp\/v2\/product"}],"about":[{"href":"https:\/\/schroevendump.nl\/fr\/wp-json\/wp\/v2\/types\/product"}],"replies":[{"embeddable":true,"href":"https:\/\/schroevendump.nl\/fr\/wp-json\/wp\/v2\/comments?post=29092"}],"wp:featuredmedia":[{"embeddable":true,"href":"https:\/\/schroevendump.nl\/fr\/wp-json\/wp\/v2\/media\/26703"}],"wp:attachment":[{"href":"https:\/\/schroevendump.nl\/fr\/wp-json\/wp\/v2\/media?parent=29092"}],"wp:term":[{"taxonomy":"product_brand","embeddable":true,"href":"https:\/\/schroevendump.nl\/fr\/wp-json\/wp\/v2\/product_brand?post=29092"},{"taxonomy":"product_cat","embeddable":true,"href":"https:\/\/schroevendump.nl\/fr\/wp-json\/wp\/v2\/product_cat?post=29092"},{"taxonomy":"product_tag","embeddable":true,"href":"https:\/\/schroevendump.nl\/fr\/wp-json\/wp\/v2\/product_tag?post=29092"}],"curies":[{"name":"wp","href":"https:\/\/api.w.org\/{rel}","templated":true}]}}