{"id":29346,"date":"2025-12-06T15:53:37","date_gmt":"2025-12-06T15:53:37","guid":{"rendered":"https:\/\/schroevendump.nl\/product\/rhodius-dg70-disque-de-coupe-diamante-beton-pierre\/"},"modified":"2025-12-10T12:05:52","modified_gmt":"2025-12-10T12:05:52","slug":"rhodius-dg70-disque-de-coupe-diamante-beton-pierre","status":"publish","type":"product","link":"https:\/\/schroevendump.nl\/fr\/produit\/rhodius-dg70-disque-de-coupe-diamante-beton-pierre\/","title":{"rendered":"RHODIUS DG70 Disque de coupe diamant\u00e9 125mm &#8211; B\u00e9ton \/ Pierre"},"content":{"rendered":"<p data-start=\"301\" data-end=\"584\">La RHODIUS DG70 est une meule diamant\u00e9e abordable et fiable, id\u00e9ale pour couper le b\u00e9ton, les pav\u00e9s, les clinkers et autres mat\u00e9riaux pierreux. Gr\u00e2ce \u00e0 ses segments diamant\u00e9s solides, le DG70 offre une coupe nette et un excellent rapport qualit\u00e9-prix. <\/p>\n<p data-start=\"586\" data-end=\"884\">Ce disque est parfait pour les bricoleurs et les utilisations occasionnelles &#8211; par exemple, pour la pose d&#8217;une terrasse, le raccourcissement de carreaux ou la d\u00e9coupe d&#8217;un dallage. Vous avez un travail intensif ou un usage quotidien sur les chantiers ? Optez alors pour notre <strong data-start=\"828\" data-end=\"845\">variante Professional<\/strong>, dont la dur\u00e9e de vie et la vitesse de coupe sont plus \u00e9lev\u00e9es.  <\/p>\n<hr data-start=\"886\" data-end=\"889\">\n<h2 data-start=\"891\" data-end=\"911\"><strong data-start=\"894\" data-end=\"911\">Propri\u00e9t\u00e9s<\/strong><\/h2>\n<ul data-start=\"912\" data-end=\"1245\">\n<li data-start=\"912\" data-end=\"992\">\n<p data-start=\"914\" data-end=\"992\">Convient pour : le b\u00e9ton, les pav\u00e9s, les clinkers et les mat\u00e9riaux ressemblant \u00e0 des pierres naturelles<\/p>\n<\/li>\n<li data-start=\"993\" data-end=\"1017\">\n<p data-start=\"995\" data-end=\"1017\">Pour meuleuses d&#8217;angle<\/p>\n<\/li>\n<li data-start=\"1018\" data-end=\"1058\">\n<p data-start=\"1020\" data-end=\"1058\">Peut \u00eatre utilis\u00e9 \u00e0 <strong data-start=\"1024\" data-end=\"1040\">sec ou mouill\u00e9<\/strong> <\/p>\n<\/li>\n<li data-start=\"1059\" data-end=\"1105\">\n<p data-start=\"1061\" data-end=\"1105\">Une qualit\u00e9 solide \u00e0 un prix comp\u00e9titif<\/p>\n<\/li>\n<li data-start=\"1106\" data-end=\"1172\">\n<p data-start=\"1108\" data-end=\"1172\">Id\u00e9al pour le <strong data-start=\"1120\" data-end=\"1139\">bricolage<\/strong> et l&#8217;utilisation professionnelle l\u00e9g\u00e8re<\/p>\n<\/li>\n<li data-start=\"1173\" data-end=\"1245\">\n<p data-start=\"1175\" data-end=\"1245\">Variante professionnelle disponible pour les op\u00e9rations plus lourdes et quotidiennes<\/p>\n<\/li>\n<\/ul>\n<hr data-start=\"1247\" data-end=\"1250\">\n<h2 data-start=\"1252\" data-end=\"1269\"><strong data-start=\"1255\" data-end=\"1269\">Application<\/strong><\/h2>\n<ul data-start=\"1270\" data-end=\"1371\">\n<li data-start=\"1270\" data-end=\"1290\">\n<p data-start=\"1272\" data-end=\"1290\">Pose d&#8217;une terrasse<\/p>\n<\/li>\n<li data-start=\"1291\" data-end=\"1321\">\n<p data-start=\"1293\" data-end=\"1321\">Pon\u00e7age de chauss\u00e9e sur mesure<\/p>\n<\/li>\n<li data-start=\"1322\" data-end=\"1341\">\n<p data-start=\"1324\" data-end=\"1341\">D\u00e9coupage des carreaux<\/p>\n<\/li>\n<li data-start=\"1342\" data-end=\"1371\">\n<p data-start=\"1344\" data-end=\"1371\">Petits projets de r\u00e9novation<\/p>\n<\/li>\n<\/ul>\n<table>\n<thead>\n<tr>\n<th>Caract\u00e9ristiques<\/th>\n<th>Caract\u00e9ristiques<\/th>\n<\/tr>\n<\/thead>\n<tbody>\n<tr>\n<td>Diam\u00e8tre<\/td>\n<td>125 mm<\/td>\n<\/tr>\n<tr>\n<td>Al\u00e9sage (diam\u00e8tre de l&#8217;al\u00e9sage)<\/td>\n<td>22,23 mm<\/td>\n<\/tr>\n<tr>\n<td>\u00c9paisseur \/ Largeur du segment<\/td>\n<td>1,6 mm 125 mm<\/td>\n<\/tr>\n<tr>\n<td>Vitesse maximale (tr\/min)<\/td>\n<td>En fonction du diam\u00e8tre : pour 125 mm \u2248 12250 U\/min<\/td>\n<\/tr>\n<tr>\n<td>Adaptation de la machine<\/td>\n<td>Meuleuse d&#8217;angle<\/td>\n<\/tr>\n<tr>\n<td>Types de coupe\/mat\u00e9riau<\/td>\n<td>B\u00e9ton, clinkers, pav\u00e9s (mat\u00e9riaux pierreux)<\/td>\n<\/tr>\n<tr>\n<td>Utilisation<\/td>\n<td>Broyage humide et sec<\/td>\n<\/tr>\n<\/tbody>\n<\/table>\n<h2 data-start=\"1639\" data-end=\"1652\"><strong data-start=\"1642\" data-end=\"1652\">Avis<\/strong><\/h2>\n<p data-start=\"1653\" data-end=\"1792\">Utilisez toujours des lunettes, une protection auditive et des gants. V\u00e9rifiez que le disque tourne librement. <\/p>\n","protected":false},"excerpt":{"rendered":"<p>La RHODIUS DG70 est une meule diamant\u00e9e abordable et fiable, id\u00e9ale pour couper le b\u00e9ton, les pav\u00e9s, les clinkers et autres mat\u00e9riaux pierreux. Gr\u00e2ce \u00e0 ses segments diamant\u00e9s solides, le DG70 offre une coupe nette et un excellent rapport qualit\u00e9-prix. Ce disque est parfait pour les bricoleurs et les utilisations occasionnelles &#8211; par exemple, pour [&hellip;]<\/p>\n","protected":false},"featured_media":29347,"comment_status":"closed","ping_status":"closed","template":"","meta":[],"product_brand":[],"product_cat":[784],"product_tag":[],"class_list":{"0":"post-29346","1":"product","2":"type-product","3":"status-publish","4":"has-post-thumbnail","6":"product_cat-disques-de-meulage-brasage","8":"first","9":"instock","10":"taxable","11":"shipping-taxable","12":"purchasable","13":"product-type-simple"},"supplier_id":null,"supplier_sku":"","barcode":null,"atum_controlled":true,"out_stock_date":null,"out_stock_threshold":null,"inheritable":false,"inbound_stock":0,"stock_on_hold":0,"sold_today":0,"sales_last_days":0,"reserved_stock":0,"customer_returns":0,"warehouse_damage":0,"lost_in_post":0,"other_logs":0,"out_stock_days":0,"lost_sales":0,"has_location":false,"update_date":"2026-05-08T01:13:06","atum_locations":[],"atum_stock_status":"instock","restock_status":false,"low_stock_amount":"","sales_update_date":"2026-05-08T01:13:06","calc_backorders":null,"acf":[],"yoast_head":"<!-- This site is optimized with the Yoast SEO plugin v26.6 - https:\/\/yoast.com\/wordpress\/plugins\/seo\/ -->\n<title>RHODIUS DG70 Disque de coupe diamant\u00e9 125mm - B\u00e9ton \/ Pierre - Schroevendump<\/title>\n<meta name=\"robots\" content=\"index, follow, max-snippet:-1, max-image-preview:large, max-video-preview:-1\" \/>\n<link rel=\"canonical\" href=\"https:\/\/schroevendump.nl\/fr\/produit\/rhodius-dg70-disque-de-coupe-diamante-beton-pierre\/\" \/>\n<meta property=\"og:locale\" content=\"fr_FR\" \/>\n<meta property=\"og:type\" content=\"article\" \/>\n<meta property=\"og:title\" content=\"RHODIUS DG70 Disque de coupe diamant\u00e9 125mm - B\u00e9ton \/ Pierre - Schroevendump\" \/>\n<meta property=\"og:description\" content=\"La RHODIUS DG70 est une meule diamant\u00e9e abordable et fiable, id\u00e9ale pour couper le b\u00e9ton, les pav\u00e9s, les clinkers et autres mat\u00e9riaux pierreux. Gr\u00e2ce \u00e0 ses segments diamant\u00e9s solides, le DG70 offre une coupe nette et un excellent rapport qualit\u00e9-prix. Ce disque est parfait pour les bricoleurs et les utilisations occasionnelles &#8211; par exemple, pour [&hellip;]\" \/>\n<meta property=\"og:url\" content=\"https:\/\/schroevendump.nl\/fr\/produit\/rhodius-dg70-disque-de-coupe-diamante-beton-pierre\/\" \/>\n<meta property=\"og:site_name\" content=\"Schroevendump\" \/>\n<meta property=\"article:modified_time\" content=\"2025-12-10T12:05:52+00:00\" \/>\n<meta property=\"og:image\" content=\"https:\/\/schroevendump.nl\/wp-content\/uploads\/2025\/12\/304092-diamanachijf-dg70.png\" \/>\n\t<meta property=\"og:image:width\" content=\"1000\" \/>\n\t<meta property=\"og:image:height\" content=\"1000\" \/>\n\t<meta property=\"og:image:type\" content=\"image\/png\" \/>\n<meta name=\"twitter:card\" content=\"summary_large_image\" \/>\n<meta name=\"twitter:label1\" content=\"Dur\u00e9e de lecture estim\u00e9e\" \/>\n\t<meta name=\"twitter:data1\" content=\"1 minute\" \/>\n<script type=\"application\/ld+json\" class=\"yoast-schema-graph\">{\"@context\":\"https:\/\/schema.org\",\"@graph\":[{\"@type\":\"WebPage\",\"@id\":\"https:\/\/schroevendump.nl\/fr\/produit\/rhodius-dg70-disque-de-coupe-diamante-beton-pierre\/\",\"url\":\"https:\/\/schroevendump.nl\/fr\/produit\/rhodius-dg70-disque-de-coupe-diamante-beton-pierre\/\",\"name\":\"RHODIUS DG70 Disque de coupe diamant\u00e9 125mm - B\u00e9ton \/ Pierre - Schroevendump\",\"isPartOf\":{\"@id\":\"https:\/\/schroevendump.nl\/fr\/#website\"},\"primaryImageOfPage\":{\"@id\":\"https:\/\/schroevendump.nl\/fr\/produit\/rhodius-dg70-disque-de-coupe-diamante-beton-pierre\/#primaryimage\"},\"image\":{\"@id\":\"https:\/\/schroevendump.nl\/fr\/produit\/rhodius-dg70-disque-de-coupe-diamante-beton-pierre\/#primaryimage\"},\"thumbnailUrl\":\"https:\/\/schroevendump.nl\/wp-content\/uploads\/2025\/12\/304092-diamanachijf-dg70.png\",\"datePublished\":\"2025-12-06T15:53:37+00:00\",\"dateModified\":\"2025-12-10T12:05:52+00:00\",\"breadcrumb\":{\"@id\":\"https:\/\/schroevendump.nl\/fr\/produit\/rhodius-dg70-disque-de-coupe-diamante-beton-pierre\/#breadcrumb\"},\"inLanguage\":\"fr-FR\",\"potentialAction\":[{\"@type\":\"ReadAction\",\"target\":[\"https:\/\/schroevendump.nl\/fr\/produit\/rhodius-dg70-disque-de-coupe-diamante-beton-pierre\/\"]}]},{\"@type\":\"ImageObject\",\"inLanguage\":\"fr-FR\",\"@id\":\"https:\/\/schroevendump.nl\/fr\/produit\/rhodius-dg70-disque-de-coupe-diamante-beton-pierre\/#primaryimage\",\"url\":\"https:\/\/schroevendump.nl\/wp-content\/uploads\/2025\/12\/304092-diamanachijf-dg70.png\",\"contentUrl\":\"https:\/\/schroevendump.nl\/wp-content\/uploads\/2025\/12\/304092-diamanachijf-dg70.png\",\"width\":1000,\"height\":1000},{\"@type\":\"BreadcrumbList\",\"@id\":\"https:\/\/schroevendump.nl\/fr\/produit\/rhodius-dg70-disque-de-coupe-diamante-beton-pierre\/#breadcrumb\",\"itemListElement\":[{\"@type\":\"ListItem\",\"position\":1,\"name\":\"Accueil\",\"item\":\"https:\/\/schroevendump.nl\/fr\/\"},{\"@type\":\"ListItem\",\"position\":2,\"name\":\"Boutique\",\"item\":\"https:\/\/schroevendump.nl\/fr\/boutique\/\"},{\"@type\":\"ListItem\",\"position\":3,\"name\":\"RHODIUS DG70 Disque de coupe diamant\u00e9 125mm &#8211; B\u00e9ton \/ Pierre\"}]},{\"@type\":\"WebSite\",\"@id\":\"https:\/\/schroevendump.nl\/fr\/#website\",\"url\":\"https:\/\/schroevendump.nl\/fr\/\",\"name\":\"Schroevendump\",\"description\":\"\",\"potentialAction\":[{\"@type\":\"SearchAction\",\"target\":{\"@type\":\"EntryPoint\",\"urlTemplate\":\"https:\/\/schroevendump.nl\/fr\/?s={search_term_string}\"},\"query-input\":{\"@type\":\"PropertyValueSpecification\",\"valueRequired\":true,\"valueName\":\"search_term_string\"}}],\"inLanguage\":\"fr-FR\"}]}<\/script>\n<!-- \/ Yoast SEO plugin. -->","yoast_head_json":{"title":"RHODIUS DG70 Disque de coupe diamant\u00e9 125mm - B\u00e9ton \/ Pierre - Schroevendump","robots":{"index":"index","follow":"follow","max-snippet":"max-snippet:-1","max-image-preview":"max-image-preview:large","max-video-preview":"max-video-preview:-1"},"canonical":"https:\/\/schroevendump.nl\/fr\/produit\/rhodius-dg70-disque-de-coupe-diamante-beton-pierre\/","og_locale":"fr_FR","og_type":"article","og_title":"RHODIUS DG70 Disque de coupe diamant\u00e9 125mm - B\u00e9ton \/ Pierre - Schroevendump","og_description":"La RHODIUS DG70 est une meule diamant\u00e9e abordable et fiable, id\u00e9ale pour couper le b\u00e9ton, les pav\u00e9s, les clinkers et autres mat\u00e9riaux pierreux. Gr\u00e2ce \u00e0 ses segments diamant\u00e9s solides, le DG70 offre une coupe nette et un excellent rapport qualit\u00e9-prix. Ce disque est parfait pour les bricoleurs et les utilisations occasionnelles &#8211; par exemple, pour [&hellip;]","og_url":"https:\/\/schroevendump.nl\/fr\/produit\/rhodius-dg70-disque-de-coupe-diamante-beton-pierre\/","og_site_name":"Schroevendump","article_modified_time":"2025-12-10T12:05:52+00:00","og_image":[{"width":1000,"height":1000,"url":"https:\/\/schroevendump.nl\/wp-content\/uploads\/2025\/12\/304092-diamanachijf-dg70.png","type":"image\/png"}],"twitter_card":"summary_large_image","twitter_misc":{"Dur\u00e9e de lecture estim\u00e9e":"1 minute"},"schema":{"@context":"https:\/\/schema.org","@graph":[{"@type":"WebPage","@id":"https:\/\/schroevendump.nl\/fr\/produit\/rhodius-dg70-disque-de-coupe-diamante-beton-pierre\/","url":"https:\/\/schroevendump.nl\/fr\/produit\/rhodius-dg70-disque-de-coupe-diamante-beton-pierre\/","name":"RHODIUS DG70 Disque de coupe diamant\u00e9 125mm - B\u00e9ton \/ Pierre - Schroevendump","isPartOf":{"@id":"https:\/\/schroevendump.nl\/fr\/#website"},"primaryImageOfPage":{"@id":"https:\/\/schroevendump.nl\/fr\/produit\/rhodius-dg70-disque-de-coupe-diamante-beton-pierre\/#primaryimage"},"image":{"@id":"https:\/\/schroevendump.nl\/fr\/produit\/rhodius-dg70-disque-de-coupe-diamante-beton-pierre\/#primaryimage"},"thumbnailUrl":"https:\/\/schroevendump.nl\/wp-content\/uploads\/2025\/12\/304092-diamanachijf-dg70.png","datePublished":"2025-12-06T15:53:37+00:00","dateModified":"2025-12-10T12:05:52+00:00","breadcrumb":{"@id":"https:\/\/schroevendump.nl\/fr\/produit\/rhodius-dg70-disque-de-coupe-diamante-beton-pierre\/#breadcrumb"},"inLanguage":"fr-FR","potentialAction":[{"@type":"ReadAction","target":["https:\/\/schroevendump.nl\/fr\/produit\/rhodius-dg70-disque-de-coupe-diamante-beton-pierre\/"]}]},{"@type":"ImageObject","inLanguage":"fr-FR","@id":"https:\/\/schroevendump.nl\/fr\/produit\/rhodius-dg70-disque-de-coupe-diamante-beton-pierre\/#primaryimage","url":"https:\/\/schroevendump.nl\/wp-content\/uploads\/2025\/12\/304092-diamanachijf-dg70.png","contentUrl":"https:\/\/schroevendump.nl\/wp-content\/uploads\/2025\/12\/304092-diamanachijf-dg70.png","width":1000,"height":1000},{"@type":"BreadcrumbList","@id":"https:\/\/schroevendump.nl\/fr\/produit\/rhodius-dg70-disque-de-coupe-diamante-beton-pierre\/#breadcrumb","itemListElement":[{"@type":"ListItem","position":1,"name":"Accueil","item":"https:\/\/schroevendump.nl\/fr\/"},{"@type":"ListItem","position":2,"name":"Boutique","item":"https:\/\/schroevendump.nl\/fr\/boutique\/"},{"@type":"ListItem","position":3,"name":"RHODIUS DG70 Disque de coupe diamant\u00e9 125mm &#8211; B\u00e9ton \/ Pierre"}]},{"@type":"WebSite","@id":"https:\/\/schroevendump.nl\/fr\/#website","url":"https:\/\/schroevendump.nl\/fr\/","name":"Schroevendump","description":"","potentialAction":[{"@type":"SearchAction","target":{"@type":"EntryPoint","urlTemplate":"https:\/\/schroevendump.nl\/fr\/?s={search_term_string}"},"query-input":{"@type":"PropertyValueSpecification","valueRequired":true,"valueName":"search_term_string"}}],"inLanguage":"fr-FR"}]}},"_links":{"self":[{"href":"https:\/\/schroevendump.nl\/fr\/wp-json\/wp\/v2\/product\/29346","targetHints":{"allow":["GET"]}}],"collection":[{"href":"https:\/\/schroevendump.nl\/fr\/wp-json\/wp\/v2\/product"}],"about":[{"href":"https:\/\/schroevendump.nl\/fr\/wp-json\/wp\/v2\/types\/product"}],"replies":[{"embeddable":true,"href":"https:\/\/schroevendump.nl\/fr\/wp-json\/wp\/v2\/comments?post=29346"}],"wp:featuredmedia":[{"embeddable":true,"href":"https:\/\/schroevendump.nl\/fr\/wp-json\/wp\/v2\/media\/29347"}],"wp:attachment":[{"href":"https:\/\/schroevendump.nl\/fr\/wp-json\/wp\/v2\/media?parent=29346"}],"wp:term":[{"taxonomy":"product_brand","embeddable":true,"href":"https:\/\/schroevendump.nl\/fr\/wp-json\/wp\/v2\/product_brand?post=29346"},{"taxonomy":"product_cat","embeddable":true,"href":"https:\/\/schroevendump.nl\/fr\/wp-json\/wp\/v2\/product_cat?post=29346"},{"taxonomy":"product_tag","embeddable":true,"href":"https:\/\/schroevendump.nl\/fr\/wp-json\/wp\/v2\/product_tag?post=29346"}],"curies":[{"name":"wp","href":"https:\/\/api.w.org\/{rel}","templated":true}]}}