{"id":29351,"date":"2025-12-06T16:11:14","date_gmt":"2025-12-06T16:11:14","guid":{"rendered":"https:\/\/schroevendump.nl\/product\/rhodius-ld40-disque-a-decouper-diamante-125mm-qualite-professionnelle\/"},"modified":"2025-12-10T12:05:54","modified_gmt":"2025-12-10T12:05:54","slug":"rhodius-ld40-disque-a-decouper-diamante-125mm-qualite-professionnelle","status":"publish","type":"product","link":"https:\/\/schroevendump.nl\/fr\/produit\/rhodius-ld40-disque-a-decouper-diamante-125mm-qualite-professionnelle\/","title":{"rendered":"RHODIUS LD40 Disque \u00e0 d\u00e9couper diamant\u00e9 125mm &#8211; Qualit\u00e9 professionnelle"},"content":{"rendered":"<h1 data-start=\"175\" data-end=\"242\"><strong data-start=\"177\" data-end=\"242\">RHODIUS LD40 Disque \u00e0 d\u00e9couper diamant\u00e9 &#8211; Qualit\u00e9 professionnelle<\/strong><\/h1>\n<p data-start=\"244\" data-end=\"623\">Le RHODIUS LD40 est un disque \u00e0 tron\u00e7onner diamant\u00e9 de haute qualit\u00e9 con\u00e7u pour un <strong data-start=\"326\" data-end=\"357\">usage quotidien intensif<\/strong> par les professionnels. Avec des segments diamant\u00e9s soud\u00e9s au laser et une hauteur de segment de 12 mm, ce disque offre une <strong data-start=\"473\" data-end=\"499\">excellente dur\u00e9e de vie<\/strong>, des <strong data-start=\"501\" data-end=\"518\">coupes rapides<\/strong> et des performances fiables sur les mat\u00e9riaux lourds tels que le b\u00e9ton arm\u00e9, la pierre dure, les pav\u00e9s et le granit.<\/p>\n<p data-start=\"625\" data-end=\"733\">Convient pour le meulage <strong data-start=\"639\" data-end=\"655\">\u00e0 sec<\/strong> et \u00e0 l&#8217;<strong data-start=\"639\" data-end=\"655\">eau<\/strong> et pour une utilisation sur les meuleuses d&#8217;angle, les scies \u00e0 tron\u00e7onner et diverses machines.<\/p>\n<hr data-start=\"735\" data-end=\"738\">\n<h2 data-start=\"740\" data-end=\"760\"><strong data-start=\"743\" data-end=\"760\">Propri\u00e9t\u00e9s<\/strong><\/h2>\n<ul data-start=\"761\" data-end=\"1042\">\n<li data-start=\"761\" data-end=\"801\">\n<p data-start=\"763\" data-end=\"801\">Pour un usage professionnel intensif<\/p>\n<\/li>\n<li data-start=\"802\" data-end=\"860\">\n<p data-start=\"804\" data-end=\"860\">Dur\u00e9e de vie tr\u00e8s longue gr\u00e2ce aux segments diamant\u00e9s de 12 mm de hauteur<\/p>\n<\/li>\n<li data-start=\"861\" data-end=\"907\">\n<p data-start=\"863\" data-end=\"907\">Vitesse de coupe \u00e9lev\u00e9e, m\u00eame dans les mat\u00e9riaux durs<\/p>\n<\/li>\n<li data-start=\"908\" data-end=\"957\">\n<p data-start=\"910\" data-end=\"957\">Segments soud\u00e9s au laser : tr\u00e8s solides et s\u00fbrs<\/p>\n<\/li>\n<li data-start=\"958\" data-end=\"996\">\n<p data-start=\"960\" data-end=\"996\">Convient au broyage humide et sec<\/p>\n<\/li>\n<li data-start=\"997\" data-end=\"1042\">\n<p data-start=\"999\" data-end=\"1042\">Pour meuleuses d&#8217;angle et scies \u00e0 tron\u00e7onner<\/p>\n<\/li>\n<\/ul>\n<hr data-start=\"1044\" data-end=\"1047\">\n<h2 data-start=\"1049\" data-end=\"1066\"><strong data-start=\"1052\" data-end=\"1066\">Application<\/strong><\/h2>\n<ul data-start=\"1067\" data-end=\"1215\">\n<li data-start=\"1067\" data-end=\"1085\">\n<p data-start=\"1069\" data-end=\"1085\">B\u00e9ton arm\u00e9<\/p>\n<\/li>\n<li data-start=\"1086\" data-end=\"1121\">\n<p data-start=\"1088\" data-end=\"1121\">Pierre bleue, granit, pierre naturelle<\/p>\n<\/li>\n<li data-start=\"1122\" data-end=\"1168\">\n<p data-start=\"1124\" data-end=\"1168\">Blocs de b\u00e9ton, bordures, pav\u00e9s<\/p>\n<\/li>\n<li data-start=\"1169\" data-end=\"1215\">\n<p data-start=\"1171\" data-end=\"1215\">Construction et r\u00e9novation, d\u00e9molition, travaux lourds<\/p>\n<\/li>\n<\/ul>\n<hr data-start=\"1217\" data-end=\"1220\">\n<h2 data-start=\"1222\" data-end=\"1253\"><strong data-start=\"1225\" data-end=\"1253\">Sp\u00e9cifications techniques<\/strong><\/h2>\n<p data-start=\"1254\" data-end=\"1298\">\n<ul data-start=\"1299\" data-end=\"1535\">\n<li data-start=\"1299\" data-end=\"1361\">\n<p data-start=\"1301\" data-end=\"1361\">Diam\u00e8tre : 125 mm<\/p>\n<\/li>\n<li data-start=\"1362\" data-end=\"1415\">\n<p data-start=\"1364\" data-end=\"1415\">Trou de l&#8217;arbre : 22,23 mm<\/p>\n<\/li>\n<li data-start=\"1416\" data-end=\"1440\">\n<p data-start=\"1418\" data-end=\"1440\">Hauteur du segment : 12 mm<\/p>\n<\/li>\n<li data-start=\"1441\" data-end=\"1496\">\n<p data-start=\"1443\" data-end=\"1496\">\u00c9paisseur du segment : 2,2 mm<\/p>\n<\/li>\n<li data-start=\"1497\" data-end=\"1535\">\n<p data-start=\"1499\" data-end=\"1535\">Convient au broyage humide et sec<\/p>\n<\/li>\n<\/ul>\n<hr data-start=\"1537\" data-end=\"1540\">\n<h2 data-start=\"1542\" data-end=\"1555\"><strong data-start=\"1545\" data-end=\"1555\">Avis<\/strong><\/h2>\n<p data-start=\"1556\" data-end=\"1663\">Il s&#8217;agit de la <strong data-start=\"1566\" data-end=\"1583\">version pro.<\/strong> Pour les bricoleurs ou les travaux plus l\u00e9gers, il est pr\u00e9f\u00e9rable d&#8217;opter pour le <a href=\"https:\/\/schroevendump.nl\/fr\/produit\/rhodius-dg70-disque-de-coupe-diamante-beton-pierre\/\"><strong data-start=\"1654\" data-end=\"1662\">DG70<\/strong><\/a>.<\/p>\n","protected":false},"excerpt":{"rendered":"<p>RHODIUS LD40 Disque \u00e0 d\u00e9couper diamant\u00e9 &#8211; Qualit\u00e9 professionnelle Le RHODIUS LD40 est un disque \u00e0 tron\u00e7onner diamant\u00e9 de haute qualit\u00e9 con\u00e7u pour un usage quotidien intensif par les professionnels. Avec des segments diamant\u00e9s soud\u00e9s au laser et une hauteur de segment de 12 mm, ce disque offre une excellente dur\u00e9e de vie, des coupes [&hellip;]<\/p>\n","protected":false},"featured_media":29353,"comment_status":"closed","ping_status":"closed","template":"","meta":[],"product_brand":[],"product_cat":[784],"product_tag":[],"class_list":{"0":"post-29351","1":"product","2":"type-product","3":"status-publish","4":"has-post-thumbnail","6":"product_cat-disques-de-meulage-brasage","8":"first","9":"instock","10":"taxable","11":"shipping-taxable","12":"purchasable","13":"product-type-simple"},"supplier_id":null,"supplier_sku":"","barcode":null,"atum_controlled":true,"out_stock_date":null,"out_stock_threshold":null,"inheritable":false,"inbound_stock":0,"stock_on_hold":0,"sold_today":0,"sales_last_days":0,"reserved_stock":0,"customer_returns":0,"warehouse_damage":0,"lost_in_post":0,"other_logs":0,"out_stock_days":0,"lost_sales":0,"has_location":false,"update_date":"2026-04-12T01:02:04","atum_locations":[],"atum_stock_status":"instock","restock_status":false,"low_stock_amount":"","sales_update_date":"2026-04-12T01:02:04","calc_backorders":null,"acf":[],"yoast_head":"<!-- This site is optimized with the Yoast SEO plugin v26.6 - https:\/\/yoast.com\/wordpress\/plugins\/seo\/ -->\n<title>RHODIUS LD40 Disque \u00e0 d\u00e9couper diamant\u00e9 125mm - Qualit\u00e9 professionnelle - Schroevendump<\/title>\n<meta name=\"robots\" content=\"index, follow, max-snippet:-1, max-image-preview:large, max-video-preview:-1\" \/>\n<link rel=\"canonical\" href=\"https:\/\/schroevendump.nl\/fr\/produit\/rhodius-ld40-disque-a-decouper-diamante-125mm-qualite-professionnelle\/\" \/>\n<meta property=\"og:locale\" content=\"fr_FR\" \/>\n<meta property=\"og:type\" content=\"article\" \/>\n<meta property=\"og:title\" content=\"RHODIUS LD40 Disque \u00e0 d\u00e9couper diamant\u00e9 125mm - Qualit\u00e9 professionnelle - Schroevendump\" \/>\n<meta property=\"og:description\" content=\"RHODIUS LD40 Disque \u00e0 d\u00e9couper diamant\u00e9 &#8211; Qualit\u00e9 professionnelle Le RHODIUS LD40 est un disque \u00e0 tron\u00e7onner diamant\u00e9 de haute qualit\u00e9 con\u00e7u pour un usage quotidien intensif par les professionnels. Avec des segments diamant\u00e9s soud\u00e9s au laser et une hauteur de segment de 12 mm, ce disque offre une excellente dur\u00e9e de vie, des coupes [&hellip;]\" \/>\n<meta property=\"og:url\" content=\"https:\/\/schroevendump.nl\/fr\/produit\/rhodius-ld40-disque-a-decouper-diamante-125mm-qualite-professionnelle\/\" \/>\n<meta property=\"og:site_name\" content=\"Schroevendump\" \/>\n<meta property=\"article:modified_time\" content=\"2025-12-10T12:05:54+00:00\" \/>\n<meta property=\"og:image\" content=\"https:\/\/schroevendump.nl\/wp-content\/uploads\/2025\/12\/diamanschijf-LD40-profi.png\" \/>\n\t<meta property=\"og:image:width\" content=\"1000\" \/>\n\t<meta property=\"og:image:height\" content=\"1000\" \/>\n\t<meta property=\"og:image:type\" content=\"image\/png\" \/>\n<meta name=\"twitter:card\" content=\"summary_large_image\" \/>\n<meta name=\"twitter:label1\" content=\"Dur\u00e9e de lecture estim\u00e9e\" \/>\n\t<meta name=\"twitter:data1\" content=\"1 minute\" \/>\n<script type=\"application\/ld+json\" class=\"yoast-schema-graph\">{\"@context\":\"https:\/\/schema.org\",\"@graph\":[{\"@type\":\"WebPage\",\"@id\":\"https:\/\/schroevendump.nl\/fr\/produit\/rhodius-ld40-disque-a-decouper-diamante-125mm-qualite-professionnelle\/\",\"url\":\"https:\/\/schroevendump.nl\/fr\/produit\/rhodius-ld40-disque-a-decouper-diamante-125mm-qualite-professionnelle\/\",\"name\":\"RHODIUS LD40 Disque \u00e0 d\u00e9couper diamant\u00e9 125mm - Qualit\u00e9 professionnelle - Schroevendump\",\"isPartOf\":{\"@id\":\"https:\/\/schroevendump.nl\/fr\/#website\"},\"primaryImageOfPage\":{\"@id\":\"https:\/\/schroevendump.nl\/fr\/produit\/rhodius-ld40-disque-a-decouper-diamante-125mm-qualite-professionnelle\/#primaryimage\"},\"image\":{\"@id\":\"https:\/\/schroevendump.nl\/fr\/produit\/rhodius-ld40-disque-a-decouper-diamante-125mm-qualite-professionnelle\/#primaryimage\"},\"thumbnailUrl\":\"https:\/\/schroevendump.nl\/wp-content\/uploads\/2025\/12\/diamanschijf-LD40-profi.png\",\"datePublished\":\"2025-12-06T16:11:14+00:00\",\"dateModified\":\"2025-12-10T12:05:54+00:00\",\"breadcrumb\":{\"@id\":\"https:\/\/schroevendump.nl\/fr\/produit\/rhodius-ld40-disque-a-decouper-diamante-125mm-qualite-professionnelle\/#breadcrumb\"},\"inLanguage\":\"fr-FR\",\"potentialAction\":[{\"@type\":\"ReadAction\",\"target\":[\"https:\/\/schroevendump.nl\/fr\/produit\/rhodius-ld40-disque-a-decouper-diamante-125mm-qualite-professionnelle\/\"]}]},{\"@type\":\"ImageObject\",\"inLanguage\":\"fr-FR\",\"@id\":\"https:\/\/schroevendump.nl\/fr\/produit\/rhodius-ld40-disque-a-decouper-diamante-125mm-qualite-professionnelle\/#primaryimage\",\"url\":\"https:\/\/schroevendump.nl\/wp-content\/uploads\/2025\/12\/diamanschijf-LD40-profi.png\",\"contentUrl\":\"https:\/\/schroevendump.nl\/wp-content\/uploads\/2025\/12\/diamanschijf-LD40-profi.png\",\"width\":1000,\"height\":1000},{\"@type\":\"BreadcrumbList\",\"@id\":\"https:\/\/schroevendump.nl\/fr\/produit\/rhodius-ld40-disque-a-decouper-diamante-125mm-qualite-professionnelle\/#breadcrumb\",\"itemListElement\":[{\"@type\":\"ListItem\",\"position\":1,\"name\":\"Accueil\",\"item\":\"https:\/\/schroevendump.nl\/fr\/\"},{\"@type\":\"ListItem\",\"position\":2,\"name\":\"Boutique\",\"item\":\"https:\/\/schroevendump.nl\/fr\/boutique\/\"},{\"@type\":\"ListItem\",\"position\":3,\"name\":\"RHODIUS LD40 Disque \u00e0 d\u00e9couper diamant\u00e9 125mm &#8211; Qualit\u00e9 professionnelle\"}]},{\"@type\":\"WebSite\",\"@id\":\"https:\/\/schroevendump.nl\/fr\/#website\",\"url\":\"https:\/\/schroevendump.nl\/fr\/\",\"name\":\"Schroevendump\",\"description\":\"\",\"potentialAction\":[{\"@type\":\"SearchAction\",\"target\":{\"@type\":\"EntryPoint\",\"urlTemplate\":\"https:\/\/schroevendump.nl\/fr\/?s={search_term_string}\"},\"query-input\":{\"@type\":\"PropertyValueSpecification\",\"valueRequired\":true,\"valueName\":\"search_term_string\"}}],\"inLanguage\":\"fr-FR\"}]}<\/script>\n<!-- \/ Yoast SEO plugin. -->","yoast_head_json":{"title":"RHODIUS LD40 Disque \u00e0 d\u00e9couper diamant\u00e9 125mm - Qualit\u00e9 professionnelle - Schroevendump","robots":{"index":"index","follow":"follow","max-snippet":"max-snippet:-1","max-image-preview":"max-image-preview:large","max-video-preview":"max-video-preview:-1"},"canonical":"https:\/\/schroevendump.nl\/fr\/produit\/rhodius-ld40-disque-a-decouper-diamante-125mm-qualite-professionnelle\/","og_locale":"fr_FR","og_type":"article","og_title":"RHODIUS LD40 Disque \u00e0 d\u00e9couper diamant\u00e9 125mm - Qualit\u00e9 professionnelle - Schroevendump","og_description":"RHODIUS LD40 Disque \u00e0 d\u00e9couper diamant\u00e9 &#8211; Qualit\u00e9 professionnelle Le RHODIUS LD40 est un disque \u00e0 tron\u00e7onner diamant\u00e9 de haute qualit\u00e9 con\u00e7u pour un usage quotidien intensif par les professionnels. Avec des segments diamant\u00e9s soud\u00e9s au laser et une hauteur de segment de 12 mm, ce disque offre une excellente dur\u00e9e de vie, des coupes [&hellip;]","og_url":"https:\/\/schroevendump.nl\/fr\/produit\/rhodius-ld40-disque-a-decouper-diamante-125mm-qualite-professionnelle\/","og_site_name":"Schroevendump","article_modified_time":"2025-12-10T12:05:54+00:00","og_image":[{"width":1000,"height":1000,"url":"https:\/\/schroevendump.nl\/wp-content\/uploads\/2025\/12\/diamanschijf-LD40-profi.png","type":"image\/png"}],"twitter_card":"summary_large_image","twitter_misc":{"Dur\u00e9e de lecture estim\u00e9e":"1 minute"},"schema":{"@context":"https:\/\/schema.org","@graph":[{"@type":"WebPage","@id":"https:\/\/schroevendump.nl\/fr\/produit\/rhodius-ld40-disque-a-decouper-diamante-125mm-qualite-professionnelle\/","url":"https:\/\/schroevendump.nl\/fr\/produit\/rhodius-ld40-disque-a-decouper-diamante-125mm-qualite-professionnelle\/","name":"RHODIUS LD40 Disque \u00e0 d\u00e9couper diamant\u00e9 125mm - Qualit\u00e9 professionnelle - Schroevendump","isPartOf":{"@id":"https:\/\/schroevendump.nl\/fr\/#website"},"primaryImageOfPage":{"@id":"https:\/\/schroevendump.nl\/fr\/produit\/rhodius-ld40-disque-a-decouper-diamante-125mm-qualite-professionnelle\/#primaryimage"},"image":{"@id":"https:\/\/schroevendump.nl\/fr\/produit\/rhodius-ld40-disque-a-decouper-diamante-125mm-qualite-professionnelle\/#primaryimage"},"thumbnailUrl":"https:\/\/schroevendump.nl\/wp-content\/uploads\/2025\/12\/diamanschijf-LD40-profi.png","datePublished":"2025-12-06T16:11:14+00:00","dateModified":"2025-12-10T12:05:54+00:00","breadcrumb":{"@id":"https:\/\/schroevendump.nl\/fr\/produit\/rhodius-ld40-disque-a-decouper-diamante-125mm-qualite-professionnelle\/#breadcrumb"},"inLanguage":"fr-FR","potentialAction":[{"@type":"ReadAction","target":["https:\/\/schroevendump.nl\/fr\/produit\/rhodius-ld40-disque-a-decouper-diamante-125mm-qualite-professionnelle\/"]}]},{"@type":"ImageObject","inLanguage":"fr-FR","@id":"https:\/\/schroevendump.nl\/fr\/produit\/rhodius-ld40-disque-a-decouper-diamante-125mm-qualite-professionnelle\/#primaryimage","url":"https:\/\/schroevendump.nl\/wp-content\/uploads\/2025\/12\/diamanschijf-LD40-profi.png","contentUrl":"https:\/\/schroevendump.nl\/wp-content\/uploads\/2025\/12\/diamanschijf-LD40-profi.png","width":1000,"height":1000},{"@type":"BreadcrumbList","@id":"https:\/\/schroevendump.nl\/fr\/produit\/rhodius-ld40-disque-a-decouper-diamante-125mm-qualite-professionnelle\/#breadcrumb","itemListElement":[{"@type":"ListItem","position":1,"name":"Accueil","item":"https:\/\/schroevendump.nl\/fr\/"},{"@type":"ListItem","position":2,"name":"Boutique","item":"https:\/\/schroevendump.nl\/fr\/boutique\/"},{"@type":"ListItem","position":3,"name":"RHODIUS LD40 Disque \u00e0 d\u00e9couper diamant\u00e9 125mm &#8211; Qualit\u00e9 professionnelle"}]},{"@type":"WebSite","@id":"https:\/\/schroevendump.nl\/fr\/#website","url":"https:\/\/schroevendump.nl\/fr\/","name":"Schroevendump","description":"","potentialAction":[{"@type":"SearchAction","target":{"@type":"EntryPoint","urlTemplate":"https:\/\/schroevendump.nl\/fr\/?s={search_term_string}"},"query-input":{"@type":"PropertyValueSpecification","valueRequired":true,"valueName":"search_term_string"}}],"inLanguage":"fr-FR"}]}},"_links":{"self":[{"href":"https:\/\/schroevendump.nl\/fr\/wp-json\/wp\/v2\/product\/29351","targetHints":{"allow":["GET"]}}],"collection":[{"href":"https:\/\/schroevendump.nl\/fr\/wp-json\/wp\/v2\/product"}],"about":[{"href":"https:\/\/schroevendump.nl\/fr\/wp-json\/wp\/v2\/types\/product"}],"replies":[{"embeddable":true,"href":"https:\/\/schroevendump.nl\/fr\/wp-json\/wp\/v2\/comments?post=29351"}],"wp:featuredmedia":[{"embeddable":true,"href":"https:\/\/schroevendump.nl\/fr\/wp-json\/wp\/v2\/media\/29353"}],"wp:attachment":[{"href":"https:\/\/schroevendump.nl\/fr\/wp-json\/wp\/v2\/media?parent=29351"}],"wp:term":[{"taxonomy":"product_brand","embeddable":true,"href":"https:\/\/schroevendump.nl\/fr\/wp-json\/wp\/v2\/product_brand?post=29351"},{"taxonomy":"product_cat","embeddable":true,"href":"https:\/\/schroevendump.nl\/fr\/wp-json\/wp\/v2\/product_cat?post=29351"},{"taxonomy":"product_tag","embeddable":true,"href":"https:\/\/schroevendump.nl\/fr\/wp-json\/wp\/v2\/product_tag?post=29351"}],"curies":[{"name":"wp","href":"https:\/\/api.w.org\/{rel}","templated":true}]}}