{"id":29358,"date":"2025-12-06T16:26:23","date_gmt":"2025-12-06T16:26:23","guid":{"rendered":"https:\/\/schroevendump.nl\/product\/rhodius-dg50-roue-diamantee-pour-carrelage-125mm\/"},"modified":"2025-12-10T12:05:52","modified_gmt":"2025-12-10T12:05:52","slug":"rhodius-dg50-roue-diamantee-pour-carrelage-125mm","status":"publish","type":"product","link":"https:\/\/schroevendump.nl\/fr\/produit\/rhodius-dg50-roue-diamantee-pour-carrelage-125mm\/","title":{"rendered":"RHODIUS DG50 Roue diamant\u00e9e pour carrelage 125mm"},"content":{"rendered":"<p data-start=\"246\" data-end=\"544\">La RHODIUS DG50 est une <strong data-start=\"289\" data-end=\"304\">meule \u00e0 carreaux<\/strong> fine et abordable pour une coupe serr\u00e9e et sans \u00e9clats des carreaux, de la c\u00e9ramique et de la pierre naturelle. Gr\u00e2ce \u00e0 son bord de coupe ferm\u00e9, ce disque r\u00e9alise des coupes nettes et pr\u00e9cises sans endommager les bords &#8211; id\u00e9al pour les petits travaux de carrelage dans la salle de bain, la cuisine ou le jardin.<\/p>\n<p data-start=\"546\" data-end=\"736\">Ce mod\u00e8le convient parfaitement au <strong data-start=\"578\" data-end=\"597\">bricolage<\/strong> ou \u00e0 une utilisation occasionnelle.<br data-start=\"621\" data-end=\"624\">Pour des travaux de carrelage professionnels intensifs, il est pr\u00e9f\u00e9rable de choisir une <strong data-start=\"696\" data-end=\"713\">variante Profi<\/strong> avec une dur\u00e9e de vie plus \u00e9lev\u00e9e.<\/p>\n<hr data-start=\"738\" data-end=\"741\">\n<h2 data-start=\"743\" data-end=\"763\"><strong data-start=\"746\" data-end=\"763\">Propri\u00e9t\u00e9s<\/strong><\/h2>\n<ul data-start=\"764\" data-end=\"1057\">\n<li data-start=\"764\" data-end=\"788\">\n<p data-start=\"766\" data-end=\"788\">Diam\u00e8tre : <strong data-start=\"776\" data-end=\"786\">125 mm<\/strong><\/p>\n<\/li>\n<li data-start=\"789\" data-end=\"812\">\n<p data-start=\"791\" data-end=\"812\">Trou de l&#8217;arbre : <strong data-start=\"798\" data-end=\"810\">22,23 mm<\/strong><\/p>\n<\/li>\n<li data-start=\"813\" data-end=\"864\">\n<p data-start=\"815\" data-end=\"864\"><strong data-start=\"815\" data-end=\"836\">Bord de coupe ferm\u00e9<\/strong> pour des coupes sans \u00e9chardes<\/p>\n<\/li>\n<li data-start=\"865\" data-end=\"895\">\n<p data-start=\"867\" data-end=\"895\">\u00c9paisseur du disque env.  <strong data-start=\"883\" data-end=\"893\">1,6 mm<\/strong><\/p>\n<\/li>\n<li data-start=\"896\" data-end=\"940\">\n<p data-start=\"898\" data-end=\"940\">Pour les <strong data-start=\"903\" data-end=\"938\">carreaux, la c\u00e9ramique et la pierre naturelle<\/strong><\/p>\n<\/li>\n<li data-start=\"941\" data-end=\"993\">\n<p data-start=\"943\" data-end=\"993\">Pour un <strong data-start=\"948\" data-end=\"991\">usage l\u00e9ger \/ hobby \/ r\u00e9novation<\/strong><\/p>\n<\/li>\n<li data-start=\"994\" data-end=\"1027\">\n<p data-start=\"996\" data-end=\"1027\">Convient aux meuleuses d&#8217;angle<\/p>\n<\/li>\n<li data-start=\"1028\" data-end=\"1057\">\n<p data-start=\"1030\" data-end=\"1057\">Utilisation humide et s\u00e8che<\/p>\n<\/li>\n<\/ul>\n<hr data-start=\"1059\" data-end=\"1062\">\n<h2 data-start=\"1064\" data-end=\"1083\"><strong data-start=\"1067\" data-end=\"1083\">Applications<\/strong><\/h2>\n<ul data-start=\"1084\" data-end=\"1242\">\n<li data-start=\"1084\" data-end=\"1116\">\n<p data-start=\"1086\" data-end=\"1116\">R\u00e9novation de la salle de bains et de la cuisine<\/p>\n<\/li>\n<li data-start=\"1117\" data-end=\"1157\">\n<p data-start=\"1119\" data-end=\"1157\">D\u00e9coupe de carreaux de sol et de mur sur mesure<\/p>\n<\/li>\n<li data-start=\"1158\" data-end=\"1191\">\n<p data-start=\"1160\" data-end=\"1191\">C\u00e9ramique et pierre naturelle fine<\/p>\n<\/li>\n<li data-start=\"1192\" data-end=\"1242\">\n<p data-start=\"1194\" data-end=\"1242\">Petits et moyens travaux domestiques<\/p>\n<\/li>\n<\/ul>\n<hr data-start=\"1244\" data-end=\"1247\">\n<h2 data-start=\"1249\" data-end=\"1288\"><strong data-start=\"1252\" data-end=\"1288\">Avantages pour le bricoleur<\/strong><\/h2>\n<ul data-start=\"1289\" data-end=\"1480\">\n<li data-start=\"1289\" data-end=\"1333\">\n<p data-start=\"1291\" data-end=\"1333\">\ud83e\udd1d <strong data-start=\"1294\" data-end=\"1331\">Abordable et conviviale<\/strong><\/p>\n<\/li>\n<li data-start=\"1334\" data-end=\"1378\">\n<p data-start=\"1336\" data-end=\"1378\">\u2728 <strong data-start=\"1338\" data-end=\"1376\">Coupe tr\u00e8s nette sans \u00e9clats<\/strong><\/p>\n<\/li>\n<li data-start=\"1379\" data-end=\"1437\">\n<p data-start=\"1381\" data-end=\"1437\">\ud83d\udd27 F <strong data-start=\"1384\" data-end=\"1435\">acile \u00e0 utiliser sur n&#8217;importe quelle meule de 125 mm<\/strong><\/p>\n<\/li>\n<li data-start=\"1438\" data-end=\"1480\">\n<p data-start=\"1440\" data-end=\"1480\">\ud83e\uddf1 <strong data-start=\"1443\" data-end=\"1480\">Id\u00e9al pour le carrelage occasionnel<\/strong><\/p>\n<\/li>\n<\/ul>\n","protected":false},"excerpt":{"rendered":"<p>La RHODIUS DG50 est une meule \u00e0 carreaux fine et abordable pour une coupe serr\u00e9e et sans \u00e9clats des carreaux, de la c\u00e9ramique et de la pierre naturelle. Gr\u00e2ce \u00e0 son bord de coupe ferm\u00e9, ce disque r\u00e9alise des coupes nettes et pr\u00e9cises sans endommager les bords &#8211; id\u00e9al pour les petits travaux de carrelage [&hellip;]<\/p>\n","protected":false},"featured_media":29359,"comment_status":"closed","ping_status":"closed","template":"","meta":[],"product_brand":[],"product_cat":[784],"product_tag":[],"class_list":{"0":"post-29358","1":"product","2":"type-product","3":"status-publish","4":"has-post-thumbnail","6":"product_cat-disques-de-meulage-brasage","8":"first","9":"instock","10":"taxable","11":"shipping-taxable","12":"purchasable","13":"product-type-simple"},"supplier_id":null,"supplier_sku":"","barcode":null,"atum_controlled":true,"out_stock_date":null,"out_stock_threshold":null,"inheritable":false,"inbound_stock":0,"stock_on_hold":1,"sold_today":1,"sales_last_days":2,"reserved_stock":0,"customer_returns":0,"warehouse_damage":0,"lost_in_post":0,"other_logs":0,"out_stock_days":0,"lost_sales":0,"has_location":false,"update_date":"2026-04-12T10:10:04","atum_locations":[],"atum_stock_status":"instock","restock_status":false,"low_stock_amount":"","sales_update_date":"2026-04-12T10:10:04","calc_backorders":null,"acf":[],"yoast_head":"<!-- This site is optimized with the Yoast SEO plugin v26.6 - https:\/\/yoast.com\/wordpress\/plugins\/seo\/ -->\n<title>RHODIUS DG50 Roue diamant\u00e9e pour carrelage 125mm - Schroevendump<\/title>\n<meta name=\"robots\" content=\"index, follow, max-snippet:-1, max-image-preview:large, max-video-preview:-1\" \/>\n<link rel=\"canonical\" href=\"https:\/\/schroevendump.nl\/fr\/produit\/rhodius-dg50-roue-diamantee-pour-carrelage-125mm\/\" \/>\n<meta property=\"og:locale\" content=\"fr_FR\" \/>\n<meta property=\"og:type\" content=\"article\" \/>\n<meta property=\"og:title\" content=\"RHODIUS DG50 Roue diamant\u00e9e pour carrelage 125mm - Schroevendump\" \/>\n<meta property=\"og:description\" content=\"La RHODIUS DG50 est une meule \u00e0 carreaux fine et abordable pour une coupe serr\u00e9e et sans \u00e9clats des carreaux, de la c\u00e9ramique et de la pierre naturelle. Gr\u00e2ce \u00e0 son bord de coupe ferm\u00e9, ce disque r\u00e9alise des coupes nettes et pr\u00e9cises sans endommager les bords &#8211; id\u00e9al pour les petits travaux de carrelage [&hellip;]\" \/>\n<meta property=\"og:url\" content=\"https:\/\/schroevendump.nl\/fr\/produit\/rhodius-dg50-roue-diamantee-pour-carrelage-125mm\/\" \/>\n<meta property=\"og:site_name\" content=\"Schroevendump\" \/>\n<meta property=\"article:modified_time\" content=\"2025-12-10T12:05:52+00:00\" \/>\n<meta property=\"og:image\" content=\"https:\/\/schroevendump.nl\/wp-content\/uploads\/2025\/12\/DG50-tegelschijf.png\" \/>\n\t<meta property=\"og:image:width\" content=\"1000\" \/>\n\t<meta property=\"og:image:height\" content=\"1000\" \/>\n\t<meta property=\"og:image:type\" content=\"image\/png\" \/>\n<meta name=\"twitter:card\" content=\"summary_large_image\" \/>\n<meta name=\"twitter:label1\" content=\"Dur\u00e9e de lecture estim\u00e9e\" \/>\n\t<meta name=\"twitter:data1\" content=\"1 minute\" \/>\n<script type=\"application\/ld+json\" class=\"yoast-schema-graph\">{\"@context\":\"https:\/\/schema.org\",\"@graph\":[{\"@type\":\"WebPage\",\"@id\":\"https:\/\/schroevendump.nl\/fr\/produit\/rhodius-dg50-roue-diamantee-pour-carrelage-125mm\/\",\"url\":\"https:\/\/schroevendump.nl\/fr\/produit\/rhodius-dg50-roue-diamantee-pour-carrelage-125mm\/\",\"name\":\"RHODIUS DG50 Roue diamant\u00e9e pour carrelage 125mm - Schroevendump\",\"isPartOf\":{\"@id\":\"https:\/\/schroevendump.nl\/fr\/#website\"},\"primaryImageOfPage\":{\"@id\":\"https:\/\/schroevendump.nl\/fr\/produit\/rhodius-dg50-roue-diamantee-pour-carrelage-125mm\/#primaryimage\"},\"image\":{\"@id\":\"https:\/\/schroevendump.nl\/fr\/produit\/rhodius-dg50-roue-diamantee-pour-carrelage-125mm\/#primaryimage\"},\"thumbnailUrl\":\"https:\/\/schroevendump.nl\/wp-content\/uploads\/2025\/12\/DG50-tegelschijf.png\",\"datePublished\":\"2025-12-06T16:26:23+00:00\",\"dateModified\":\"2025-12-10T12:05:52+00:00\",\"breadcrumb\":{\"@id\":\"https:\/\/schroevendump.nl\/fr\/produit\/rhodius-dg50-roue-diamantee-pour-carrelage-125mm\/#breadcrumb\"},\"inLanguage\":\"fr-FR\",\"potentialAction\":[{\"@type\":\"ReadAction\",\"target\":[\"https:\/\/schroevendump.nl\/fr\/produit\/rhodius-dg50-roue-diamantee-pour-carrelage-125mm\/\"]}]},{\"@type\":\"ImageObject\",\"inLanguage\":\"fr-FR\",\"@id\":\"https:\/\/schroevendump.nl\/fr\/produit\/rhodius-dg50-roue-diamantee-pour-carrelage-125mm\/#primaryimage\",\"url\":\"https:\/\/schroevendump.nl\/wp-content\/uploads\/2025\/12\/DG50-tegelschijf.png\",\"contentUrl\":\"https:\/\/schroevendump.nl\/wp-content\/uploads\/2025\/12\/DG50-tegelschijf.png\",\"width\":1000,\"height\":1000},{\"@type\":\"BreadcrumbList\",\"@id\":\"https:\/\/schroevendump.nl\/fr\/produit\/rhodius-dg50-roue-diamantee-pour-carrelage-125mm\/#breadcrumb\",\"itemListElement\":[{\"@type\":\"ListItem\",\"position\":1,\"name\":\"Accueil\",\"item\":\"https:\/\/schroevendump.nl\/fr\/\"},{\"@type\":\"ListItem\",\"position\":2,\"name\":\"Boutique\",\"item\":\"https:\/\/schroevendump.nl\/fr\/boutique\/\"},{\"@type\":\"ListItem\",\"position\":3,\"name\":\"RHODIUS DG50 Roue diamant\u00e9e pour carrelage 125mm\"}]},{\"@type\":\"WebSite\",\"@id\":\"https:\/\/schroevendump.nl\/fr\/#website\",\"url\":\"https:\/\/schroevendump.nl\/fr\/\",\"name\":\"Schroevendump\",\"description\":\"\",\"potentialAction\":[{\"@type\":\"SearchAction\",\"target\":{\"@type\":\"EntryPoint\",\"urlTemplate\":\"https:\/\/schroevendump.nl\/fr\/?s={search_term_string}\"},\"query-input\":{\"@type\":\"PropertyValueSpecification\",\"valueRequired\":true,\"valueName\":\"search_term_string\"}}],\"inLanguage\":\"fr-FR\"}]}<\/script>\n<!-- \/ Yoast SEO plugin. -->","yoast_head_json":{"title":"RHODIUS DG50 Roue diamant\u00e9e pour carrelage 125mm - Schroevendump","robots":{"index":"index","follow":"follow","max-snippet":"max-snippet:-1","max-image-preview":"max-image-preview:large","max-video-preview":"max-video-preview:-1"},"canonical":"https:\/\/schroevendump.nl\/fr\/produit\/rhodius-dg50-roue-diamantee-pour-carrelage-125mm\/","og_locale":"fr_FR","og_type":"article","og_title":"RHODIUS DG50 Roue diamant\u00e9e pour carrelage 125mm - Schroevendump","og_description":"La RHODIUS DG50 est une meule \u00e0 carreaux fine et abordable pour une coupe serr\u00e9e et sans \u00e9clats des carreaux, de la c\u00e9ramique et de la pierre naturelle. Gr\u00e2ce \u00e0 son bord de coupe ferm\u00e9, ce disque r\u00e9alise des coupes nettes et pr\u00e9cises sans endommager les bords &#8211; id\u00e9al pour les petits travaux de carrelage [&hellip;]","og_url":"https:\/\/schroevendump.nl\/fr\/produit\/rhodius-dg50-roue-diamantee-pour-carrelage-125mm\/","og_site_name":"Schroevendump","article_modified_time":"2025-12-10T12:05:52+00:00","og_image":[{"width":1000,"height":1000,"url":"https:\/\/schroevendump.nl\/wp-content\/uploads\/2025\/12\/DG50-tegelschijf.png","type":"image\/png"}],"twitter_card":"summary_large_image","twitter_misc":{"Dur\u00e9e de lecture estim\u00e9e":"1 minute"},"schema":{"@context":"https:\/\/schema.org","@graph":[{"@type":"WebPage","@id":"https:\/\/schroevendump.nl\/fr\/produit\/rhodius-dg50-roue-diamantee-pour-carrelage-125mm\/","url":"https:\/\/schroevendump.nl\/fr\/produit\/rhodius-dg50-roue-diamantee-pour-carrelage-125mm\/","name":"RHODIUS DG50 Roue diamant\u00e9e pour carrelage 125mm - Schroevendump","isPartOf":{"@id":"https:\/\/schroevendump.nl\/fr\/#website"},"primaryImageOfPage":{"@id":"https:\/\/schroevendump.nl\/fr\/produit\/rhodius-dg50-roue-diamantee-pour-carrelage-125mm\/#primaryimage"},"image":{"@id":"https:\/\/schroevendump.nl\/fr\/produit\/rhodius-dg50-roue-diamantee-pour-carrelage-125mm\/#primaryimage"},"thumbnailUrl":"https:\/\/schroevendump.nl\/wp-content\/uploads\/2025\/12\/DG50-tegelschijf.png","datePublished":"2025-12-06T16:26:23+00:00","dateModified":"2025-12-10T12:05:52+00:00","breadcrumb":{"@id":"https:\/\/schroevendump.nl\/fr\/produit\/rhodius-dg50-roue-diamantee-pour-carrelage-125mm\/#breadcrumb"},"inLanguage":"fr-FR","potentialAction":[{"@type":"ReadAction","target":["https:\/\/schroevendump.nl\/fr\/produit\/rhodius-dg50-roue-diamantee-pour-carrelage-125mm\/"]}]},{"@type":"ImageObject","inLanguage":"fr-FR","@id":"https:\/\/schroevendump.nl\/fr\/produit\/rhodius-dg50-roue-diamantee-pour-carrelage-125mm\/#primaryimage","url":"https:\/\/schroevendump.nl\/wp-content\/uploads\/2025\/12\/DG50-tegelschijf.png","contentUrl":"https:\/\/schroevendump.nl\/wp-content\/uploads\/2025\/12\/DG50-tegelschijf.png","width":1000,"height":1000},{"@type":"BreadcrumbList","@id":"https:\/\/schroevendump.nl\/fr\/produit\/rhodius-dg50-roue-diamantee-pour-carrelage-125mm\/#breadcrumb","itemListElement":[{"@type":"ListItem","position":1,"name":"Accueil","item":"https:\/\/schroevendump.nl\/fr\/"},{"@type":"ListItem","position":2,"name":"Boutique","item":"https:\/\/schroevendump.nl\/fr\/boutique\/"},{"@type":"ListItem","position":3,"name":"RHODIUS DG50 Roue diamant\u00e9e pour carrelage 125mm"}]},{"@type":"WebSite","@id":"https:\/\/schroevendump.nl\/fr\/#website","url":"https:\/\/schroevendump.nl\/fr\/","name":"Schroevendump","description":"","potentialAction":[{"@type":"SearchAction","target":{"@type":"EntryPoint","urlTemplate":"https:\/\/schroevendump.nl\/fr\/?s={search_term_string}"},"query-input":{"@type":"PropertyValueSpecification","valueRequired":true,"valueName":"search_term_string"}}],"inLanguage":"fr-FR"}]}},"_links":{"self":[{"href":"https:\/\/schroevendump.nl\/fr\/wp-json\/wp\/v2\/product\/29358","targetHints":{"allow":["GET"]}}],"collection":[{"href":"https:\/\/schroevendump.nl\/fr\/wp-json\/wp\/v2\/product"}],"about":[{"href":"https:\/\/schroevendump.nl\/fr\/wp-json\/wp\/v2\/types\/product"}],"replies":[{"embeddable":true,"href":"https:\/\/schroevendump.nl\/fr\/wp-json\/wp\/v2\/comments?post=29358"}],"wp:featuredmedia":[{"embeddable":true,"href":"https:\/\/schroevendump.nl\/fr\/wp-json\/wp\/v2\/media\/29359"}],"wp:attachment":[{"href":"https:\/\/schroevendump.nl\/fr\/wp-json\/wp\/v2\/media?parent=29358"}],"wp:term":[{"taxonomy":"product_brand","embeddable":true,"href":"https:\/\/schroevendump.nl\/fr\/wp-json\/wp\/v2\/product_brand?post=29358"},{"taxonomy":"product_cat","embeddable":true,"href":"https:\/\/schroevendump.nl\/fr\/wp-json\/wp\/v2\/product_cat?post=29358"},{"taxonomy":"product_tag","embeddable":true,"href":"https:\/\/schroevendump.nl\/fr\/wp-json\/wp\/v2\/product_tag?post=29358"}],"curies":[{"name":"wp","href":"https:\/\/api.w.org\/{rel}","templated":true}]}}