{"id":29363,"date":"2025-12-06T16:34:28","date_gmt":"2025-12-06T16:34:28","guid":{"rendered":"https:\/\/schroevendump.nl\/product\/rhodius-dg45-roue-diamantee-pour-carrelage-125-mm-qualite-professionnelle\/"},"modified":"2025-12-10T12:05:47","modified_gmt":"2025-12-10T12:05:47","slug":"rhodius-dg45-roue-diamantee-pour-carrelage-125-mm-qualite-professionnelle","status":"publish","type":"product","link":"https:\/\/schroevendump.nl\/fr\/produit\/rhodius-dg45-roue-diamantee-pour-carrelage-125-mm-qualite-professionnelle\/","title":{"rendered":"RHODIUS DG45 Roue diamant\u00e9e pour carrelage 125 mm &#8211; Qualit\u00e9 professionnelle"},"content":{"rendered":"<p data-start=\"248\" data-end=\"585\">Le RHODIUS DG45 est un <strong data-start=\"271\" data-end=\"300\">disque \u00e0 carreaux professionnel<\/strong> pour des coupes rapides, propres et sans \u00e9clats dans les carreaux durs, la c\u00e9ramique et la pierre naturelle. Gr\u00e2ce \u00e0 son bord de coupe ferm\u00e9 et \u00e0 ses segments diamant\u00e9s de 10 mm de hauteur, ce disque a une <strong data-start=\"470\" data-end=\"490\">longue dur\u00e9e de vie<\/strong>, une vitesse de coupe \u00e9lev\u00e9e et offre une <strong data-start=\"528\" data-end=\"552\">coupe nette et pr\u00e9cise<\/strong>, m\u00eame dans les mat\u00e9riaux les plus durs.<\/p>\n<p data-start=\"587\" data-end=\"726\">Ce disque est id\u00e9al pour les <strong data-start=\"614\" data-end=\"672\">carreleurs, les entrepreneurs et les travaux de r\u00e9novation intensifs<\/strong> o\u00f9 la fiabilit\u00e9 et la finition sont importantes.<\/p>\n<hr data-start=\"728\" data-end=\"731\">\n<h2 data-start=\"733\" data-end=\"753\"><strong data-start=\"736\" data-end=\"753\">Propri\u00e9t\u00e9s<\/strong><\/h2>\n<ul data-start=\"754\" data-end=\"1102\">\n<li data-start=\"754\" data-end=\"778\">\n<p data-start=\"756\" data-end=\"778\">Diam\u00e8tre : <strong data-start=\"766\" data-end=\"776\">125 mm<\/strong><\/p>\n<\/li>\n<li data-start=\"779\" data-end=\"802\">\n<p data-start=\"781\" data-end=\"802\">Trou de l&#8217;arbre : <strong data-start=\"788\" data-end=\"800\">22,23 mm<\/strong><\/p>\n<\/li>\n<li data-start=\"803\" data-end=\"863\">\n<p data-start=\"805\" data-end=\"863\"><strong data-start=\"805\" data-end=\"826\">Bord de coupe ferm\u00e9<\/strong> pour des coupes serr\u00e9es, sans \u00e9chardes<\/p>\n<\/li>\n<li data-start=\"864\" data-end=\"927\">\n<p data-start=\"866\" data-end=\"927\"><strong data-start=\"880\" data-end=\"906\">Segments diamant\u00e9s<\/strong> professionnels de <strong data-start=\"880\" data-end=\"906\">10 mm<\/strong> (longue dur\u00e9e de vie)<\/p>\n<\/li>\n<li data-start=\"928\" data-end=\"991\">\n<p data-start=\"930\" data-end=\"991\">Vitesse de coupe \u00e9lev\u00e9e dans les carreaux c\u00e9ramiques durs et la pierre naturelle<\/p>\n<\/li>\n<li data-start=\"992\" data-end=\"1038\">\n<p data-start=\"994\" data-end=\"1038\">Pour un <strong data-start=\"999\" data-end=\"1036\">usage professionnel et intensif<\/strong><\/p>\n<\/li>\n<li data-start=\"1039\" data-end=\"1072\">\n<p data-start=\"1041\" data-end=\"1072\">Convient aux meuleuses d&#8217;angle<\/p>\n<\/li>\n<li data-start=\"1073\" data-end=\"1102\">\n<p data-start=\"1075\" data-end=\"1102\">Peut \u00eatre utilis\u00e9 \u00e0 sec ou mouill\u00e9<\/p>\n<\/li>\n<\/ul>\n<hr data-start=\"1104\" data-end=\"1107\">\n<h2 data-start=\"1109\" data-end=\"1126\"><strong data-start=\"1112\" data-end=\"1126\">Application<\/strong><\/h2>\n<ul data-start=\"1127\" data-end=\"1286\">\n<li data-start=\"1127\" data-end=\"1162\">\n<p data-start=\"1129\" data-end=\"1162\">Carreaux de sol et de mur en c\u00e9ramique<\/p>\n<\/li>\n<li data-start=\"1163\" data-end=\"1206\">\n<p data-start=\"1165\" data-end=\"1206\">Pierre naturelle, pierre bleue, marbre, granit<\/p>\n<\/li>\n<li data-start=\"1207\" data-end=\"1239\">\n<p data-start=\"1209\" data-end=\"1239\">R\u00e9novation de la salle de bains et de la cuisine<\/p>\n<\/li>\n<li data-start=\"1240\" data-end=\"1286\">\n<p data-start=\"1242\" data-end=\"1286\">Lignes de finition de pr\u00e9cision sans rupture d&#8217;ar\u00eate<\/p>\n<\/li>\n<\/ul>\n<hr data-start=\"1288\" data-end=\"1291\">\n<h2 data-start=\"1293\" data-end=\"1315\"><strong data-start=\"1296\" data-end=\"1315\">Pourquoi le DG45 ?<\/strong><\/h2>\n<ul data-start=\"1316\" data-end=\"1511\">\n<li data-start=\"1316\" data-end=\"1360\">\n<p data-start=\"1318\" data-end=\"1360\">\u2714 Qualit\u00e9 professionnelle pour un usage quotidien<\/p>\n<\/li>\n<li data-start=\"1361\" data-end=\"1408\">\n<p data-start=\"1363\" data-end=\"1408\">\u2714 Coupe franche et nette sans \u00e9chardes<\/p>\n<\/li>\n<li data-start=\"1409\" data-end=\"1455\">\n<p data-start=\"1411\" data-end=\"1455\">\u2714 Grande long\u00e9vit\u00e9 gr\u00e2ce \u00e0 la qualit\u00e9 \u00e9lev\u00e9e du segment<\/p>\n<\/li>\n<li data-start=\"1456\" data-end=\"1511\">\n<p data-start=\"1458\" data-end=\"1511\">\u2714 Parfait pour les professionnels et les travaux de carrelage intensifs<\/p>\n<\/li>\n<\/ul>\n<h1 data-start=\"145\" data-end=\"170\"><strong data-start=\"147\" data-end=\"170\">Conseils et s\u00e9curit\u00e9<\/strong><\/h1>\n<p data-start=\"172\" data-end=\"241\">Utilisez toujours ces disques \u00e0 tuiles avec l&#8217;\u00e9quipement de protection appropri\u00e9 :<\/p>\n<ul data-start=\"243\" data-end=\"636\">\n<li data-start=\"243\" data-end=\"333\">\n<p data-start=\"245\" data-end=\"333\"><strong data-start=\"245\" data-end=\"274\">Portez des lunettes de protection<\/strong> pour \u00e9viter les projections de particules de poussi\u00e8re et d&#8217;\u00e9chardes.<\/p>\n<\/li>\n<li data-start=\"334\" data-end=\"397\">\n<p data-start=\"336\" data-end=\"397\"><strong data-start=\"336\" data-end=\"365\">Utilisez une protection auditive<\/strong>, en particulier lors d&#8217;un meulage prolong\u00e9.<\/p>\n<\/li>\n<li data-start=\"398\" data-end=\"467\">\n<p data-start=\"400\" data-end=\"467\">Il est recommand\u00e9 de <strong data-start=\"400\" data-end=\"416\">porter des gants<\/strong> pour une meilleure prise en main et une plus grande s\u00e9curit\u00e9.<\/p>\n<\/li>\n<li data-start=\"468\" data-end=\"559\">\n<p data-start=\"470\" data-end=\"559\">Assurez-vous que le disque est correctement fix\u00e9 et qu&#8217;il ne d\u00e9passe jamais sa <strong data-start=\"529\" data-end=\"551\">vitesse maximale<\/strong>.<\/p>\n<\/li>\n<li data-start=\"560\" data-end=\"636\">\n<p data-start=\"562\" data-end=\"636\">Lors du broyage \u00e0 sec, faites des pauses suffisantes pour \u00e9viter la surchauffe.<\/p>\n<\/li>\n<\/ul>\n","protected":false},"excerpt":{"rendered":"<p>Le RHODIUS DG45 est un disque \u00e0 carreaux professionnel pour des coupes rapides, propres et sans \u00e9clats dans les carreaux durs, la c\u00e9ramique et la pierre naturelle. Gr\u00e2ce \u00e0 son bord de coupe ferm\u00e9 et \u00e0 ses segments diamant\u00e9s de 10 mm de hauteur, ce disque a une longue dur\u00e9e de vie, une vitesse de [&hellip;]<\/p>\n","protected":false},"featured_media":29364,"comment_status":"closed","ping_status":"closed","template":"","meta":[],"product_brand":[],"product_cat":[784],"product_tag":[],"class_list":{"0":"post-29363","1":"product","2":"type-product","3":"status-publish","4":"has-post-thumbnail","6":"product_cat-disques-de-meulage-brasage","8":"first","9":"instock","10":"taxable","11":"shipping-taxable","12":"purchasable","13":"product-type-simple"},"supplier_id":null,"supplier_sku":"","barcode":null,"atum_controlled":true,"out_stock_date":null,"out_stock_threshold":null,"inheritable":false,"inbound_stock":0,"stock_on_hold":1,"sold_today":1,"sales_last_days":10,"reserved_stock":0,"customer_returns":0,"warehouse_damage":0,"lost_in_post":0,"other_logs":0,"out_stock_days":0,"lost_sales":0,"has_location":false,"update_date":"2026-05-08T16:57:46","atum_locations":[],"atum_stock_status":"instock","restock_status":true,"low_stock_amount":"","sales_update_date":"2026-05-08T16:57:46","calc_backorders":null,"acf":[],"yoast_head":"<!-- This site is optimized with the Yoast SEO plugin v26.6 - https:\/\/yoast.com\/wordpress\/plugins\/seo\/ -->\n<title>RHODIUS DG45 Roue diamant\u00e9e pour carrelage 125 mm - Qualit\u00e9 professionnelle - Schroevendump<\/title>\n<meta name=\"robots\" content=\"index, follow, max-snippet:-1, max-image-preview:large, max-video-preview:-1\" \/>\n<link rel=\"canonical\" href=\"https:\/\/schroevendump.nl\/fr\/produit\/rhodius-dg45-roue-diamantee-pour-carrelage-125-mm-qualite-professionnelle\/\" \/>\n<meta property=\"og:locale\" content=\"fr_FR\" \/>\n<meta property=\"og:type\" content=\"article\" \/>\n<meta property=\"og:title\" content=\"RHODIUS DG45 Roue diamant\u00e9e pour carrelage 125 mm - Qualit\u00e9 professionnelle - Schroevendump\" \/>\n<meta property=\"og:description\" content=\"Le RHODIUS DG45 est un disque \u00e0 carreaux professionnel pour des coupes rapides, propres et sans \u00e9clats dans les carreaux durs, la c\u00e9ramique et la pierre naturelle. Gr\u00e2ce \u00e0 son bord de coupe ferm\u00e9 et \u00e0 ses segments diamant\u00e9s de 10 mm de hauteur, ce disque a une longue dur\u00e9e de vie, une vitesse de [&hellip;]\" \/>\n<meta property=\"og:url\" content=\"https:\/\/schroevendump.nl\/fr\/produit\/rhodius-dg45-roue-diamantee-pour-carrelage-125-mm-qualite-professionnelle\/\" \/>\n<meta property=\"og:site_name\" content=\"Schroevendump\" \/>\n<meta property=\"article:modified_time\" content=\"2025-12-10T12:05:47+00:00\" \/>\n<meta property=\"og:image\" content=\"https:\/\/schroevendump.nl\/wp-content\/uploads\/2025\/12\/DG45-tegelschijf-profi.png\" \/>\n\t<meta property=\"og:image:width\" content=\"1000\" \/>\n\t<meta property=\"og:image:height\" content=\"1000\" \/>\n\t<meta property=\"og:image:type\" content=\"image\/png\" \/>\n<meta name=\"twitter:card\" content=\"summary_large_image\" \/>\n<meta name=\"twitter:label1\" content=\"Dur\u00e9e de lecture estim\u00e9e\" \/>\n\t<meta name=\"twitter:data1\" content=\"2 minutes\" \/>\n<script type=\"application\/ld+json\" class=\"yoast-schema-graph\">{\"@context\":\"https:\/\/schema.org\",\"@graph\":[{\"@type\":\"WebPage\",\"@id\":\"https:\/\/schroevendump.nl\/fr\/produit\/rhodius-dg45-roue-diamantee-pour-carrelage-125-mm-qualite-professionnelle\/\",\"url\":\"https:\/\/schroevendump.nl\/fr\/produit\/rhodius-dg45-roue-diamantee-pour-carrelage-125-mm-qualite-professionnelle\/\",\"name\":\"RHODIUS DG45 Roue diamant\u00e9e pour carrelage 125 mm - Qualit\u00e9 professionnelle - Schroevendump\",\"isPartOf\":{\"@id\":\"https:\/\/schroevendump.nl\/fr\/#website\"},\"primaryImageOfPage\":{\"@id\":\"https:\/\/schroevendump.nl\/fr\/produit\/rhodius-dg45-roue-diamantee-pour-carrelage-125-mm-qualite-professionnelle\/#primaryimage\"},\"image\":{\"@id\":\"https:\/\/schroevendump.nl\/fr\/produit\/rhodius-dg45-roue-diamantee-pour-carrelage-125-mm-qualite-professionnelle\/#primaryimage\"},\"thumbnailUrl\":\"https:\/\/schroevendump.nl\/wp-content\/uploads\/2025\/12\/DG45-tegelschijf-profi.png\",\"datePublished\":\"2025-12-06T16:34:28+00:00\",\"dateModified\":\"2025-12-10T12:05:47+00:00\",\"breadcrumb\":{\"@id\":\"https:\/\/schroevendump.nl\/fr\/produit\/rhodius-dg45-roue-diamantee-pour-carrelage-125-mm-qualite-professionnelle\/#breadcrumb\"},\"inLanguage\":\"fr-FR\",\"potentialAction\":[{\"@type\":\"ReadAction\",\"target\":[\"https:\/\/schroevendump.nl\/fr\/produit\/rhodius-dg45-roue-diamantee-pour-carrelage-125-mm-qualite-professionnelle\/\"]}]},{\"@type\":\"ImageObject\",\"inLanguage\":\"fr-FR\",\"@id\":\"https:\/\/schroevendump.nl\/fr\/produit\/rhodius-dg45-roue-diamantee-pour-carrelage-125-mm-qualite-professionnelle\/#primaryimage\",\"url\":\"https:\/\/schroevendump.nl\/wp-content\/uploads\/2025\/12\/DG45-tegelschijf-profi.png\",\"contentUrl\":\"https:\/\/schroevendump.nl\/wp-content\/uploads\/2025\/12\/DG45-tegelschijf-profi.png\",\"width\":1000,\"height\":1000},{\"@type\":\"BreadcrumbList\",\"@id\":\"https:\/\/schroevendump.nl\/fr\/produit\/rhodius-dg45-roue-diamantee-pour-carrelage-125-mm-qualite-professionnelle\/#breadcrumb\",\"itemListElement\":[{\"@type\":\"ListItem\",\"position\":1,\"name\":\"Accueil\",\"item\":\"https:\/\/schroevendump.nl\/fr\/\"},{\"@type\":\"ListItem\",\"position\":2,\"name\":\"Boutique\",\"item\":\"https:\/\/schroevendump.nl\/fr\/boutique\/\"},{\"@type\":\"ListItem\",\"position\":3,\"name\":\"RHODIUS DG45 Roue diamant\u00e9e pour carrelage 125 mm &#8211; Qualit\u00e9 professionnelle\"}]},{\"@type\":\"WebSite\",\"@id\":\"https:\/\/schroevendump.nl\/fr\/#website\",\"url\":\"https:\/\/schroevendump.nl\/fr\/\",\"name\":\"Schroevendump\",\"description\":\"\",\"potentialAction\":[{\"@type\":\"SearchAction\",\"target\":{\"@type\":\"EntryPoint\",\"urlTemplate\":\"https:\/\/schroevendump.nl\/fr\/?s={search_term_string}\"},\"query-input\":{\"@type\":\"PropertyValueSpecification\",\"valueRequired\":true,\"valueName\":\"search_term_string\"}}],\"inLanguage\":\"fr-FR\"}]}<\/script>\n<!-- \/ Yoast SEO plugin. -->","yoast_head_json":{"title":"RHODIUS DG45 Roue diamant\u00e9e pour carrelage 125 mm - Qualit\u00e9 professionnelle - Schroevendump","robots":{"index":"index","follow":"follow","max-snippet":"max-snippet:-1","max-image-preview":"max-image-preview:large","max-video-preview":"max-video-preview:-1"},"canonical":"https:\/\/schroevendump.nl\/fr\/produit\/rhodius-dg45-roue-diamantee-pour-carrelage-125-mm-qualite-professionnelle\/","og_locale":"fr_FR","og_type":"article","og_title":"RHODIUS DG45 Roue diamant\u00e9e pour carrelage 125 mm - Qualit\u00e9 professionnelle - Schroevendump","og_description":"Le RHODIUS DG45 est un disque \u00e0 carreaux professionnel pour des coupes rapides, propres et sans \u00e9clats dans les carreaux durs, la c\u00e9ramique et la pierre naturelle. Gr\u00e2ce \u00e0 son bord de coupe ferm\u00e9 et \u00e0 ses segments diamant\u00e9s de 10 mm de hauteur, ce disque a une longue dur\u00e9e de vie, une vitesse de [&hellip;]","og_url":"https:\/\/schroevendump.nl\/fr\/produit\/rhodius-dg45-roue-diamantee-pour-carrelage-125-mm-qualite-professionnelle\/","og_site_name":"Schroevendump","article_modified_time":"2025-12-10T12:05:47+00:00","og_image":[{"width":1000,"height":1000,"url":"https:\/\/schroevendump.nl\/wp-content\/uploads\/2025\/12\/DG45-tegelschijf-profi.png","type":"image\/png"}],"twitter_card":"summary_large_image","twitter_misc":{"Dur\u00e9e de lecture estim\u00e9e":"2 minutes"},"schema":{"@context":"https:\/\/schema.org","@graph":[{"@type":"WebPage","@id":"https:\/\/schroevendump.nl\/fr\/produit\/rhodius-dg45-roue-diamantee-pour-carrelage-125-mm-qualite-professionnelle\/","url":"https:\/\/schroevendump.nl\/fr\/produit\/rhodius-dg45-roue-diamantee-pour-carrelage-125-mm-qualite-professionnelle\/","name":"RHODIUS DG45 Roue diamant\u00e9e pour carrelage 125 mm - Qualit\u00e9 professionnelle - Schroevendump","isPartOf":{"@id":"https:\/\/schroevendump.nl\/fr\/#website"},"primaryImageOfPage":{"@id":"https:\/\/schroevendump.nl\/fr\/produit\/rhodius-dg45-roue-diamantee-pour-carrelage-125-mm-qualite-professionnelle\/#primaryimage"},"image":{"@id":"https:\/\/schroevendump.nl\/fr\/produit\/rhodius-dg45-roue-diamantee-pour-carrelage-125-mm-qualite-professionnelle\/#primaryimage"},"thumbnailUrl":"https:\/\/schroevendump.nl\/wp-content\/uploads\/2025\/12\/DG45-tegelschijf-profi.png","datePublished":"2025-12-06T16:34:28+00:00","dateModified":"2025-12-10T12:05:47+00:00","breadcrumb":{"@id":"https:\/\/schroevendump.nl\/fr\/produit\/rhodius-dg45-roue-diamantee-pour-carrelage-125-mm-qualite-professionnelle\/#breadcrumb"},"inLanguage":"fr-FR","potentialAction":[{"@type":"ReadAction","target":["https:\/\/schroevendump.nl\/fr\/produit\/rhodius-dg45-roue-diamantee-pour-carrelage-125-mm-qualite-professionnelle\/"]}]},{"@type":"ImageObject","inLanguage":"fr-FR","@id":"https:\/\/schroevendump.nl\/fr\/produit\/rhodius-dg45-roue-diamantee-pour-carrelage-125-mm-qualite-professionnelle\/#primaryimage","url":"https:\/\/schroevendump.nl\/wp-content\/uploads\/2025\/12\/DG45-tegelschijf-profi.png","contentUrl":"https:\/\/schroevendump.nl\/wp-content\/uploads\/2025\/12\/DG45-tegelschijf-profi.png","width":1000,"height":1000},{"@type":"BreadcrumbList","@id":"https:\/\/schroevendump.nl\/fr\/produit\/rhodius-dg45-roue-diamantee-pour-carrelage-125-mm-qualite-professionnelle\/#breadcrumb","itemListElement":[{"@type":"ListItem","position":1,"name":"Accueil","item":"https:\/\/schroevendump.nl\/fr\/"},{"@type":"ListItem","position":2,"name":"Boutique","item":"https:\/\/schroevendump.nl\/fr\/boutique\/"},{"@type":"ListItem","position":3,"name":"RHODIUS DG45 Roue diamant\u00e9e pour carrelage 125 mm &#8211; Qualit\u00e9 professionnelle"}]},{"@type":"WebSite","@id":"https:\/\/schroevendump.nl\/fr\/#website","url":"https:\/\/schroevendump.nl\/fr\/","name":"Schroevendump","description":"","potentialAction":[{"@type":"SearchAction","target":{"@type":"EntryPoint","urlTemplate":"https:\/\/schroevendump.nl\/fr\/?s={search_term_string}"},"query-input":{"@type":"PropertyValueSpecification","valueRequired":true,"valueName":"search_term_string"}}],"inLanguage":"fr-FR"}]}},"_links":{"self":[{"href":"https:\/\/schroevendump.nl\/fr\/wp-json\/wp\/v2\/product\/29363","targetHints":{"allow":["GET"]}}],"collection":[{"href":"https:\/\/schroevendump.nl\/fr\/wp-json\/wp\/v2\/product"}],"about":[{"href":"https:\/\/schroevendump.nl\/fr\/wp-json\/wp\/v2\/types\/product"}],"replies":[{"embeddable":true,"href":"https:\/\/schroevendump.nl\/fr\/wp-json\/wp\/v2\/comments?post=29363"}],"wp:featuredmedia":[{"embeddable":true,"href":"https:\/\/schroevendump.nl\/fr\/wp-json\/wp\/v2\/media\/29364"}],"wp:attachment":[{"href":"https:\/\/schroevendump.nl\/fr\/wp-json\/wp\/v2\/media?parent=29363"}],"wp:term":[{"taxonomy":"product_brand","embeddable":true,"href":"https:\/\/schroevendump.nl\/fr\/wp-json\/wp\/v2\/product_brand?post=29363"},{"taxonomy":"product_cat","embeddable":true,"href":"https:\/\/schroevendump.nl\/fr\/wp-json\/wp\/v2\/product_cat?post=29363"},{"taxonomy":"product_tag","embeddable":true,"href":"https:\/\/schroevendump.nl\/fr\/wp-json\/wp\/v2\/product_tag?post=29363"}],"curies":[{"name":"wp","href":"https:\/\/api.w.org\/{rel}","templated":true}]}}