{"id":29372,"date":"2025-12-06T16:52:26","date_gmt":"2025-12-06T16:52:26","guid":{"rendered":"https:\/\/schroevendump.nl\/product\/screwdump-powertix-bruislijm-express-310-ml\/"},"modified":"2025-12-10T12:05:46","modified_gmt":"2025-12-10T12:05:46","slug":"screwdump-powertix-bruislijm-express-310-ml","status":"publish","type":"product","link":"https:\/\/schroevendump.nl\/fr\/produit\/screwdump-powertix-bruislijm-express-310-ml\/","title":{"rendered":"Screwdump Powertix Bruislijm Express &#8211; 310 ml"},"content":{"rendered":"<p data-start=\"165\" data-end=\"433\">Le Screwdump <strong data-start=\"182\" data-end=\"212\">Powertix Brush Adhesive Express<\/strong> est un <strong data-start=\"251\" data-end=\"271\">adh\u00e9sif<\/strong> polyur\u00e9thane <strong data-start=\"251\" data-end=\"271\">effervescent<\/strong>, rapide et puissant, qui mousse l\u00e9g\u00e8rement pendant le durcissement pour une adh\u00e9rence extr\u00eamement forte. Id\u00e9al pour les travaux d&#8217;assemblage, de construction et de r\u00e9novation o\u00f9 vous souhaitez travailler rapidement.<\/p>\n<p data-start=\"435\" data-end=\"642\">Gr\u00e2ce \u00e0 son temps de r\u00e9action rapide, une liaison initiale solide est cr\u00e9\u00e9e en quelques minutes et, apr\u00e8s durcissement complet, une liaison adh\u00e9sive durable et <strong data-start=\"556\" data-end=\"578\">r\u00e9sistante \u00e0 l&#8217;eau D4<\/strong>. Parfait pour l&#8217;int\u00e9rieur et l&#8217;ext\u00e9rieur.<\/p>\n<hr data-start=\"644\" data-end=\"647\">\n<h2 data-start=\"649\" data-end=\"669\"><strong data-start=\"652\" data-end=\"669\">Propri\u00e9t\u00e9s<\/strong><\/h2>\n<ul data-start=\"670\" data-end=\"981\">\n<li data-start=\"670\" data-end=\"698\">\n<p data-start=\"672\" data-end=\"698\">Volume : <strong data-start=\"680\" data-end=\"696\">tube de 310 ml<\/strong><\/p>\n<\/li>\n<li data-start=\"699\" data-end=\"767\">\n<p data-start=\"701\" data-end=\"767\"><strong data-start=\"701\" data-end=\"714\">Adh\u00e9sif \u00e0 bulles<\/strong> (PU) &#8211; un peu de mousse pour plus de remplissage et d&#8217;adh\u00e9rence<\/p>\n<\/li>\n<li data-start=\"768\" data-end=\"814\">\n<p data-start=\"770\" data-end=\"814\">Adh\u00e9sion initiale rapide : environ  <strong data-start=\"796\" data-end=\"812\">5-10 minutes<\/strong><\/p>\n<\/li>\n<li data-start=\"815\" data-end=\"853\">\n<p data-start=\"817\" data-end=\"853\">R\u00e9sistance finale : environ  <strong data-start=\"834\" data-end=\"851\">20-30 minutes<\/strong><\/p>\n<\/li>\n<li data-start=\"854\" data-end=\"879\">\n<p data-start=\"856\" data-end=\"879\">R\u00e9sistant \u00e0 l&#8217;eau <strong data-start=\"871\" data-end=\"877\">D4<\/strong><\/p>\n<\/li>\n<li data-start=\"880\" data-end=\"916\">\n<p data-start=\"882\" data-end=\"916\">Adh\u00e8re \u00e0 presque tous les mat\u00e9riaux<\/p>\n<\/li>\n<li data-start=\"917\" data-end=\"936\">\n<p data-start=\"919\" data-end=\"936\">Sans solvant<\/p>\n<\/li>\n<li data-start=\"937\" data-end=\"981\">\n<p data-start=\"939\" data-end=\"981\">Convient \u00e0 tous les pistolets \u00e0 mastic standard<\/p>\n<\/li>\n<\/ul>\n<hr data-start=\"983\" data-end=\"986\">\n<h2 data-start=\"988\" data-end=\"1005\"><strong data-start=\"991\" data-end=\"1005\">Application<\/strong><\/h2>\n<ul data-start=\"1006\" data-end=\"1232\">\n<li data-start=\"1006\" data-end=\"1060\">\n<p data-start=\"1008\" data-end=\"1060\">Structures en bois, cadres, portes, panneaux<\/p>\n<\/li>\n<li data-start=\"1061\" data-end=\"1102\">\n<p data-start=\"1063\" data-end=\"1102\">Pierre, b\u00e9ton, ma\u00e7onnerie, pierre naturelle<\/p>\n<\/li>\n<li data-start=\"1103\" data-end=\"1149\">\n<p data-start=\"1105\" data-end=\"1149\">Panneaux d&#8217;isolation et plastiques (tels que le PVC)<\/p>\n<\/li>\n<li data-start=\"1150\" data-end=\"1172\">\n<p data-start=\"1152\" data-end=\"1172\">Connexions m\u00e9talliques<\/p>\n<\/li>\n<li data-start=\"1173\" data-end=\"1212\">\n<p data-start=\"1175\" data-end=\"1212\">Emplois dans le domaine de la construction, de l&#8217;assemblage et de la r\u00e9novation<\/p>\n<\/li>\n<li data-start=\"1213\" data-end=\"1232\">\n<p data-start=\"1215\" data-end=\"1232\">Int\u00e9rieur et ext\u00e9rieur<\/p>\n<\/li>\n<\/ul>\n<hr data-start=\"1234\" data-end=\"1237\">\n<h2 data-start=\"1239\" data-end=\"1255\"><strong data-start=\"1242\" data-end=\"1255\">Avantages<\/strong><\/h2>\n<ul data-start=\"1256\" data-end=\"1489\">\n<li data-start=\"1256\" data-end=\"1321\">\n<p data-start=\"1258\" data-end=\"1321\">\u2714 <strong data-start=\"1260\" data-end=\"1273\">Adh\u00e9sif \u00e0 bulles<\/strong> &#8211; comble les lacunes et assure une adh\u00e9rence maximale<\/p>\n<\/li>\n<li data-start=\"1322\" data-end=\"1354\">\n<p data-start=\"1324\" data-end=\"1354\"><strong data-start=\"1326\" data-end=\"1352\">\u2714 Durcissement tr\u00e8s rapide<\/strong><\/p>\n<\/li>\n<li data-start=\"1355\" data-end=\"1408\">\n<p data-start=\"1357\" data-end=\"1408\">\u2714 <strong data-start=\"1359\" data-end=\"1376\">Extr\u00eamement r\u00e9sistant<\/strong> pour les joints structurels<\/p>\n<\/li>\n<li data-start=\"1409\" data-end=\"1458\">\n<p data-start=\"1411\" data-end=\"1458\">\u2714 <strong data-start=\"1413\" data-end=\"1434\">D4 r\u00e9sistant \u00e0 l&#8217;eau<\/strong> &#8211; parfait pour l&#8217;ext\u00e9rieur<\/p>\n<\/li>\n<li data-start=\"1459\" data-end=\"1489\">\n<p data-start=\"1461\" data-end=\"1489\">\u2714 <strong data-start=\"1463\" data-end=\"1487\">D\u00e9ploiement universel<\/strong><\/p>\n<\/li>\n<\/ul>\n<hr data-start=\"1491\" data-end=\"1494\">\n<h2 data-start=\"1496\" data-end=\"1517\"><strong data-start=\"1499\" data-end=\"1517\">Utilisation sugg\u00e9r\u00e9e<\/strong><\/h2>\n<ul data-start=\"1518\" data-end=\"1775\">\n<li data-start=\"1518\" data-end=\"1566\">\n<p data-start=\"1520\" data-end=\"1566\">Substrat propre, exempt de graisse et de poussi\u00e8re<\/p>\n<\/li>\n<li data-start=\"1567\" data-end=\"1630\">\n<p data-start=\"1569\" data-end=\"1630\"><strong data-start=\"1613\" data-end=\"1628\">Humidifiez<\/strong> l\u00e9g\u00e8rement <strong data-start=\"1613\" data-end=\"1628\">avec des<\/strong> mat\u00e9riaux secs ou non absorbants.<\/p>\n<\/li>\n<li data-start=\"1631\" data-end=\"1682\">\n<p data-start=\"1633\" data-end=\"1682\">Appliquez l&#8217;adh\u00e9sif uniform\u00e9ment en perles ou en points.<\/p>\n<\/li>\n<li data-start=\"1683\" data-end=\"1726\">\n<p data-start=\"1685\" data-end=\"1726\">Presser ou serrer fermement des mat\u00e9riaux<\/p>\n<\/li>\n<li data-start=\"1727\" data-end=\"1775\">\n<p data-start=\"1729\" data-end=\"1775\">Enlever l&#8217;exc\u00e9dent d&#8217;adh\u00e9sif avant le durcissement<\/p>\n<\/li>\n<\/ul>\n","protected":false},"excerpt":{"rendered":"<p>Le Screwdump Powertix Brush Adhesive Express est un adh\u00e9sif polyur\u00e9thane effervescent, rapide et puissant, qui mousse l\u00e9g\u00e8rement pendant le durcissement pour une adh\u00e9rence extr\u00eamement forte. Id\u00e9al pour les travaux d&#8217;assemblage, de construction et de r\u00e9novation o\u00f9 vous souhaitez travailler rapidement. Gr\u00e2ce \u00e0 son temps de r\u00e9action rapide, une liaison initiale solide est cr\u00e9\u00e9e en quelques [&hellip;]<\/p>\n","protected":false},"featured_media":29373,"comment_status":"closed","ping_status":"closed","template":"","meta":[],"product_brand":[],"product_cat":[580],"product_tag":[],"class_list":{"0":"post-29372","1":"product","2":"type-product","3":"status-publish","4":"has-post-thumbnail","6":"product_cat-colles-et-mastics","8":"first","9":"instock","10":"taxable","11":"shipping-taxable","12":"purchasable","13":"product-type-simple"},"supplier_id":null,"supplier_sku":"","barcode":null,"atum_controlled":true,"out_stock_date":null,"out_stock_threshold":null,"inheritable":false,"inbound_stock":0,"stock_on_hold":0,"sold_today":0,"sales_last_days":76,"reserved_stock":0,"customer_returns":0,"warehouse_damage":0,"lost_in_post":0,"other_logs":0,"out_stock_days":0,"lost_sales":0,"has_location":false,"update_date":"2026-05-01T07:02:48","atum_locations":[],"atum_stock_status":"instock","restock_status":true,"low_stock_amount":"","sales_update_date":"2026-05-01T07:02:47","calc_backorders":null,"acf":[],"yoast_head":"<!-- This site is optimized with the Yoast SEO plugin v26.6 - https:\/\/yoast.com\/wordpress\/plugins\/seo\/ -->\n<title>Screwdump Powertix Bruislijm Express - 310 ml - Schroevendump<\/title>\n<meta name=\"robots\" content=\"index, follow, max-snippet:-1, max-image-preview:large, max-video-preview:-1\" \/>\n<link rel=\"canonical\" href=\"https:\/\/schroevendump.nl\/fr\/produit\/screwdump-powertix-bruislijm-express-310-ml\/\" \/>\n<meta property=\"og:locale\" content=\"fr_FR\" \/>\n<meta property=\"og:type\" content=\"article\" \/>\n<meta property=\"og:title\" content=\"Screwdump Powertix Bruislijm Express - 310 ml - Schroevendump\" \/>\n<meta property=\"og:description\" content=\"Le Screwdump Powertix Brush Adhesive Express est un adh\u00e9sif polyur\u00e9thane effervescent, rapide et puissant, qui mousse l\u00e9g\u00e8rement pendant le durcissement pour une adh\u00e9rence extr\u00eamement forte. Id\u00e9al pour les travaux d&#8217;assemblage, de construction et de r\u00e9novation o\u00f9 vous souhaitez travailler rapidement. Gr\u00e2ce \u00e0 son temps de r\u00e9action rapide, une liaison initiale solide est cr\u00e9\u00e9e en quelques [&hellip;]\" \/>\n<meta property=\"og:url\" content=\"https:\/\/schroevendump.nl\/fr\/produit\/screwdump-powertix-bruislijm-express-310-ml\/\" \/>\n<meta property=\"og:site_name\" content=\"Schroevendump\" \/>\n<meta property=\"article:modified_time\" content=\"2025-12-10T12:05:46+00:00\" \/>\n<meta property=\"og:image\" content=\"https:\/\/schroevendump.nl\/wp-content\/uploads\/2025\/12\/Mockup-Schroevendump-Powertix-Bruislijm-Express-11-25-002.png\" \/>\n\t<meta property=\"og:image:width\" content=\"2000\" \/>\n\t<meta property=\"og:image:height\" content=\"2000\" \/>\n\t<meta property=\"og:image:type\" content=\"image\/png\" \/>\n<meta name=\"twitter:card\" content=\"summary_large_image\" \/>\n<meta name=\"twitter:label1\" content=\"Dur\u00e9e de lecture estim\u00e9e\" \/>\n\t<meta name=\"twitter:data1\" content=\"1 minute\" \/>\n<script type=\"application\/ld+json\" class=\"yoast-schema-graph\">{\"@context\":\"https:\/\/schema.org\",\"@graph\":[{\"@type\":\"WebPage\",\"@id\":\"https:\/\/schroevendump.nl\/fr\/produit\/screwdump-powertix-bruislijm-express-310-ml\/\",\"url\":\"https:\/\/schroevendump.nl\/fr\/produit\/screwdump-powertix-bruislijm-express-310-ml\/\",\"name\":\"Screwdump Powertix Bruislijm Express - 310 ml - Schroevendump\",\"isPartOf\":{\"@id\":\"https:\/\/schroevendump.nl\/fr\/#website\"},\"primaryImageOfPage\":{\"@id\":\"https:\/\/schroevendump.nl\/fr\/produit\/screwdump-powertix-bruislijm-express-310-ml\/#primaryimage\"},\"image\":{\"@id\":\"https:\/\/schroevendump.nl\/fr\/produit\/screwdump-powertix-bruislijm-express-310-ml\/#primaryimage\"},\"thumbnailUrl\":\"https:\/\/schroevendump.nl\/wp-content\/uploads\/2025\/12\/Mockup-Schroevendump-Powertix-Bruislijm-Express-11-25-002.png\",\"datePublished\":\"2025-12-06T16:52:26+00:00\",\"dateModified\":\"2025-12-10T12:05:46+00:00\",\"breadcrumb\":{\"@id\":\"https:\/\/schroevendump.nl\/fr\/produit\/screwdump-powertix-bruislijm-express-310-ml\/#breadcrumb\"},\"inLanguage\":\"fr-FR\",\"potentialAction\":[{\"@type\":\"ReadAction\",\"target\":[\"https:\/\/schroevendump.nl\/fr\/produit\/screwdump-powertix-bruislijm-express-310-ml\/\"]}]},{\"@type\":\"ImageObject\",\"inLanguage\":\"fr-FR\",\"@id\":\"https:\/\/schroevendump.nl\/fr\/produit\/screwdump-powertix-bruislijm-express-310-ml\/#primaryimage\",\"url\":\"https:\/\/schroevendump.nl\/wp-content\/uploads\/2025\/12\/Mockup-Schroevendump-Powertix-Bruislijm-Express-11-25-002.png\",\"contentUrl\":\"https:\/\/schroevendump.nl\/wp-content\/uploads\/2025\/12\/Mockup-Schroevendump-Powertix-Bruislijm-Express-11-25-002.png\",\"width\":2000,\"height\":2000},{\"@type\":\"BreadcrumbList\",\"@id\":\"https:\/\/schroevendump.nl\/fr\/produit\/screwdump-powertix-bruislijm-express-310-ml\/#breadcrumb\",\"itemListElement\":[{\"@type\":\"ListItem\",\"position\":1,\"name\":\"Accueil\",\"item\":\"https:\/\/schroevendump.nl\/fr\/\"},{\"@type\":\"ListItem\",\"position\":2,\"name\":\"Boutique\",\"item\":\"https:\/\/schroevendump.nl\/fr\/boutique\/\"},{\"@type\":\"ListItem\",\"position\":3,\"name\":\"Screwdump Powertix Bruislijm Express &#8211; 310 ml\"}]},{\"@type\":\"WebSite\",\"@id\":\"https:\/\/schroevendump.nl\/fr\/#website\",\"url\":\"https:\/\/schroevendump.nl\/fr\/\",\"name\":\"Schroevendump\",\"description\":\"\",\"potentialAction\":[{\"@type\":\"SearchAction\",\"target\":{\"@type\":\"EntryPoint\",\"urlTemplate\":\"https:\/\/schroevendump.nl\/fr\/?s={search_term_string}\"},\"query-input\":{\"@type\":\"PropertyValueSpecification\",\"valueRequired\":true,\"valueName\":\"search_term_string\"}}],\"inLanguage\":\"fr-FR\"}]}<\/script>\n<!-- \/ Yoast SEO plugin. -->","yoast_head_json":{"title":"Screwdump Powertix Bruislijm Express - 310 ml - Schroevendump","robots":{"index":"index","follow":"follow","max-snippet":"max-snippet:-1","max-image-preview":"max-image-preview:large","max-video-preview":"max-video-preview:-1"},"canonical":"https:\/\/schroevendump.nl\/fr\/produit\/screwdump-powertix-bruislijm-express-310-ml\/","og_locale":"fr_FR","og_type":"article","og_title":"Screwdump Powertix Bruislijm Express - 310 ml - Schroevendump","og_description":"Le Screwdump Powertix Brush Adhesive Express est un adh\u00e9sif polyur\u00e9thane effervescent, rapide et puissant, qui mousse l\u00e9g\u00e8rement pendant le durcissement pour une adh\u00e9rence extr\u00eamement forte. Id\u00e9al pour les travaux d&#8217;assemblage, de construction et de r\u00e9novation o\u00f9 vous souhaitez travailler rapidement. Gr\u00e2ce \u00e0 son temps de r\u00e9action rapide, une liaison initiale solide est cr\u00e9\u00e9e en quelques [&hellip;]","og_url":"https:\/\/schroevendump.nl\/fr\/produit\/screwdump-powertix-bruislijm-express-310-ml\/","og_site_name":"Schroevendump","article_modified_time":"2025-12-10T12:05:46+00:00","og_image":[{"width":2000,"height":2000,"url":"https:\/\/schroevendump.nl\/wp-content\/uploads\/2025\/12\/Mockup-Schroevendump-Powertix-Bruislijm-Express-11-25-002.png","type":"image\/png"}],"twitter_card":"summary_large_image","twitter_misc":{"Dur\u00e9e de lecture estim\u00e9e":"1 minute"},"schema":{"@context":"https:\/\/schema.org","@graph":[{"@type":"WebPage","@id":"https:\/\/schroevendump.nl\/fr\/produit\/screwdump-powertix-bruislijm-express-310-ml\/","url":"https:\/\/schroevendump.nl\/fr\/produit\/screwdump-powertix-bruislijm-express-310-ml\/","name":"Screwdump Powertix Bruislijm Express - 310 ml - Schroevendump","isPartOf":{"@id":"https:\/\/schroevendump.nl\/fr\/#website"},"primaryImageOfPage":{"@id":"https:\/\/schroevendump.nl\/fr\/produit\/screwdump-powertix-bruislijm-express-310-ml\/#primaryimage"},"image":{"@id":"https:\/\/schroevendump.nl\/fr\/produit\/screwdump-powertix-bruislijm-express-310-ml\/#primaryimage"},"thumbnailUrl":"https:\/\/schroevendump.nl\/wp-content\/uploads\/2025\/12\/Mockup-Schroevendump-Powertix-Bruislijm-Express-11-25-002.png","datePublished":"2025-12-06T16:52:26+00:00","dateModified":"2025-12-10T12:05:46+00:00","breadcrumb":{"@id":"https:\/\/schroevendump.nl\/fr\/produit\/screwdump-powertix-bruislijm-express-310-ml\/#breadcrumb"},"inLanguage":"fr-FR","potentialAction":[{"@type":"ReadAction","target":["https:\/\/schroevendump.nl\/fr\/produit\/screwdump-powertix-bruislijm-express-310-ml\/"]}]},{"@type":"ImageObject","inLanguage":"fr-FR","@id":"https:\/\/schroevendump.nl\/fr\/produit\/screwdump-powertix-bruislijm-express-310-ml\/#primaryimage","url":"https:\/\/schroevendump.nl\/wp-content\/uploads\/2025\/12\/Mockup-Schroevendump-Powertix-Bruislijm-Express-11-25-002.png","contentUrl":"https:\/\/schroevendump.nl\/wp-content\/uploads\/2025\/12\/Mockup-Schroevendump-Powertix-Bruislijm-Express-11-25-002.png","width":2000,"height":2000},{"@type":"BreadcrumbList","@id":"https:\/\/schroevendump.nl\/fr\/produit\/screwdump-powertix-bruislijm-express-310-ml\/#breadcrumb","itemListElement":[{"@type":"ListItem","position":1,"name":"Accueil","item":"https:\/\/schroevendump.nl\/fr\/"},{"@type":"ListItem","position":2,"name":"Boutique","item":"https:\/\/schroevendump.nl\/fr\/boutique\/"},{"@type":"ListItem","position":3,"name":"Screwdump Powertix Bruislijm Express &#8211; 310 ml"}]},{"@type":"WebSite","@id":"https:\/\/schroevendump.nl\/fr\/#website","url":"https:\/\/schroevendump.nl\/fr\/","name":"Schroevendump","description":"","potentialAction":[{"@type":"SearchAction","target":{"@type":"EntryPoint","urlTemplate":"https:\/\/schroevendump.nl\/fr\/?s={search_term_string}"},"query-input":{"@type":"PropertyValueSpecification","valueRequired":true,"valueName":"search_term_string"}}],"inLanguage":"fr-FR"}]}},"_links":{"self":[{"href":"https:\/\/schroevendump.nl\/fr\/wp-json\/wp\/v2\/product\/29372","targetHints":{"allow":["GET"]}}],"collection":[{"href":"https:\/\/schroevendump.nl\/fr\/wp-json\/wp\/v2\/product"}],"about":[{"href":"https:\/\/schroevendump.nl\/fr\/wp-json\/wp\/v2\/types\/product"}],"replies":[{"embeddable":true,"href":"https:\/\/schroevendump.nl\/fr\/wp-json\/wp\/v2\/comments?post=29372"}],"wp:featuredmedia":[{"embeddable":true,"href":"https:\/\/schroevendump.nl\/fr\/wp-json\/wp\/v2\/media\/29373"}],"wp:attachment":[{"href":"https:\/\/schroevendump.nl\/fr\/wp-json\/wp\/v2\/media?parent=29372"}],"wp:term":[{"taxonomy":"product_brand","embeddable":true,"href":"https:\/\/schroevendump.nl\/fr\/wp-json\/wp\/v2\/product_brand?post=29372"},{"taxonomy":"product_cat","embeddable":true,"href":"https:\/\/schroevendump.nl\/fr\/wp-json\/wp\/v2\/product_cat?post=29372"},{"taxonomy":"product_tag","embeddable":true,"href":"https:\/\/schroevendump.nl\/fr\/wp-json\/wp\/v2\/product_tag?post=29372"}],"curies":[{"name":"wp","href":"https:\/\/api.w.org\/{rel}","templated":true}]}}